{"id":100,"date":"2017-09-21T20:10:20","date_gmt":"2017-09-21T20:10:20","guid":{"rendered":"http:\/\/ruderverband-suedwest.de\/?page_id=100"},"modified":"2026-01-04T11:32:27","modified_gmt":"2026-01-04T11:32:27","slug":"verbandsboote","status":"publish","type":"page","link":"https:\/\/ruderverband-suedwest.de\/?page_id=100","title":{"rendered":"Verbandsboote"},"content":{"rendered":"<p>Die folgenden Boote geh\u00f6ren zum Bestand des Ruderverbandes S\u00fcdwest und k\u00f6nnen gegen eine Geb\u00fchr von den Mitgliedsvereinen ausgeliehen werden. Die Verteilung erfolgt j\u00e4hrlich bei den S\u00fcdwestdeutschen-Meisterschaften. Dabei ist darauf zu achten, dass alle Boote zu den S\u00fcdwestdeutschen-Meisterschaften mitgebracht werden m\u00fcssen, um ein Protokoll des Zustandes zu erstellen &#8211;\u00a0 auch die Boote, die im folgenden Jahr bei dem gleichen Verein bleiben.<\/p>\n<hr \/>\n<p>Bootsgattung: Einer<br \/>\nHersteller: Empacher X17<br \/>\nBaujahr: 2018<br \/>\nRuderergewicht: 70-75 kg<br \/>\nAktueller Standort: LLS Speyer<\/p>\n<hr \/>\n<p>Bootsgattung: Zweier ohne \/ Doppelzweier<br \/>\nHersteller: Empacher<br \/>\nBaujahr: 2011<br \/>\nRuderergewicht: 65 &#8211; 75kg<br \/>\nBootsname: Eton<br \/>\nAktueller Standort: LLS Trier<\/p>\n<hr \/>\n<p>Bootsgattung: Doppelvierer mit Stm.<br \/>\nHersteller: Filippi<br \/>\nBaujahr: 2008<br \/>\nRuderergewicht: 70kg<br \/>\nBootsname: Hagu<br \/>\nAktueller Standort: LLS Trier<\/p>\n","protected":false},"excerpt":{"rendered":"<p>Die folgenden Boote geh\u00f6ren zum Bestand des Ruderverbandes S\u00fcdwest und k\u00f6nnen gegen eine Geb\u00fchr von den Mitgliedsvereinen ausgeliehen werden. Die Verteilung erfolgt j\u00e4hrlich bei den S\u00fcdwestdeutschen-Meisterschaften. Dabei ist darauf zu achten, dass alle Boote zu den S\u00fcdwestdeutschen-Meisterschaften mitgebracht werden m\u00fcssen, um ein Protokoll des Zustandes zu erstellen &#8211;\u00a0 auch die Boote, die im folgenden Jahr &hellip; <\/p>\n<p class=\"link-more\"><a href=\"https:\/\/ruderverband-suedwest.de\/?page_id=100\" class=\"more-link\"><span class=\"screen-reader-text\">\u201eVerbandsboote\u201c<\/span> weiterlesen<\/a><\/p>\n","protected":false},"author":1,"featured_media":0,"parent":0,"menu_order":0,"comment_status":"closed","ping_status":"closed","template":"","meta":{"footnotes":""},"class_list":["post-100","page","type-page","status-publish","hentry"],"_links":{"self":[{"href":"https:\/\/ruderverband-suedwest.de\/index.php?rest_route=\/wp\/v2\/pages\/100","targetHints":{"allow":["GET"]}}],"collection":[{"href":"https:\/\/ruderverband-suedwest.de\/index.php?rest_route=\/wp\/v2\/pages"}],"about":[{"href":"https:\/\/ruderverband-suedwest.de\/index.php?rest_route=\/wp\/v2\/types\/page"}],"author":[{"embeddable":true,"href":"https:\/\/ruderverband-suedwest.de\/index.php?rest_route=\/wp\/v2\/users\/1"}],"replies":[{"embeddable":true,"href":"https:\/\/ruderverband-suedwest.de\/index.php?rest_route=%2Fwp%2Fv2%2Fcomments&post=100"}],"version-history":[{"count":5,"href":"https:\/\/ruderverband-suedwest.de\/index.php?rest_route=\/wp\/v2\/pages\/100\/revisions"}],"predecessor-version":[{"id":1543,"href":"https:\/\/ruderverband-suedwest.de\/index.php?rest_route=\/wp\/v2\/pages\/100\/revisions\/1543"}],"wp:attachment":[{"href":"https:\/\/ruderverband-suedwest.de\/index.php?rest_route=%2Fwp%2Fv2%2Fmedia&parent=100"}],"curies":[{"name":"wp","href":"https:\/\/api.w.org\/{rel}","templated":true}]}}