{"id":147,"date":"2017-09-28T09:02:21","date_gmt":"2017-09-28T09:02:21","guid":{"rendered":"http:\/\/ruderverband-suedwest.de\/?page_id=147"},"modified":"2017-09-28T09:02:21","modified_gmt":"2017-09-28T09:02:21","slug":"allgemein","status":"publish","type":"page","link":"https:\/\/ruderverband-suedwest.de\/?page_id=147","title":{"rendered":"Allgemein"},"content":{"rendered":"<p>Der Ruderverband Rheinland e.V. ist der Zusammenschluss der Rudervereine im Gebiet des Sportbundes Rheinland. Er ist der f\u00fcr den Rudersport zust\u00e4ndige Fachverband im Norden von Rheinland-Pfalz und umfasst die Ruderclubs entlang von Saar, Mosel, Lahn, Nahe und dem Rhein von Bacharach bis zur Landesgrenze nach Nordrhein-Westfalen.<\/p>\n<p>Seine Gr\u00fcndung erfolgte zeitgleich mit der des Sportbundes Rheinland im Jahre 1949 in Koblenz.<\/p>\n<p>Zu den Aufgaben des Ruderverbandes Rheinland geh\u00f6ren im Wesentlichen die F\u00f6rderung des Rudersports und die Vertretung der Interessen der Mitgliedsvereine gegen\u00fcber staatlichen Institutionen und in den Sport- und \u00fcbergeordneten Fachverb\u00e4nden. So bietet er etwa Lehrg\u00e4nge f\u00fcr Ruderausbildern und \u00dcbungsleiter mit verschiedenen Schwerpunkten an und veranstaltet eine Crosslauf-Serie als Winterprogramm.<\/p>\n","protected":false},"excerpt":{"rendered":"<p>Der Ruderverband Rheinland e.V. ist der Zusammenschluss der Rudervereine im Gebiet des Sportbundes Rheinland. Er ist der f\u00fcr den Rudersport zust\u00e4ndige Fachverband im Norden von Rheinland-Pfalz und umfasst die Ruderclubs entlang von Saar, Mosel, Lahn, Nahe und dem Rhein von Bacharach bis zur Landesgrenze nach Nordrhein-Westfalen. Seine Gr\u00fcndung erfolgte zeitgleich mit der des Sportbundes Rheinland &hellip; <\/p>\n<p class=\"link-more\"><a href=\"https:\/\/ruderverband-suedwest.de\/?page_id=147\" class=\"more-link\"><span class=\"screen-reader-text\">\u201eAllgemein\u201c<\/span> weiterlesen<\/a><\/p>\n","protected":false},"author":1,"featured_media":0,"parent":0,"menu_order":0,"comment_status":"closed","ping_status":"closed","template":"","meta":{"footnotes":""},"class_list":["post-147","page","type-page","status-publish","hentry"],"_links":{"self":[{"href":"https:\/\/ruderverband-suedwest.de\/index.php?rest_route=\/wp\/v2\/pages\/147","targetHints":{"allow":["GET"]}}],"collection":[{"href":"https:\/\/ruderverband-suedwest.de\/index.php?rest_route=\/wp\/v2\/pages"}],"about":[{"href":"https:\/\/ruderverband-suedwest.de\/index.php?rest_route=\/wp\/v2\/types\/page"}],"author":[{"embeddable":true,"href":"https:\/\/ruderverband-suedwest.de\/index.php?rest_route=\/wp\/v2\/users\/1"}],"replies":[{"embeddable":true,"href":"https:\/\/ruderverband-suedwest.de\/index.php?rest_route=%2Fwp%2Fv2%2Fcomments&post=147"}],"version-history":[{"count":1,"href":"https:\/\/ruderverband-suedwest.de\/index.php?rest_route=\/wp\/v2\/pages\/147\/revisions"}],"predecessor-version":[{"id":148,"href":"https:\/\/ruderverband-suedwest.de\/index.php?rest_route=\/wp\/v2\/pages\/147\/revisions\/148"}],"wp:attachment":[{"href":"https:\/\/ruderverband-suedwest.de\/index.php?rest_route=%2Fwp%2Fv2%2Fmedia&parent=147"}],"curies":[{"name":"wp","href":"https:\/\/api.w.org\/{rel}","templated":true}]}}