{"id":1535,"date":"2026-01-03T14:29:11","date_gmt":"2026-01-03T14:29:11","guid":{"rendered":"https:\/\/ruderverband-suedwest.de\/?page_id=1535"},"modified":"2026-01-03T14:29:11","modified_gmt":"2026-01-03T14:29:11","slug":"archiv-2025","status":"publish","type":"page","link":"https:\/\/ruderverband-suedwest.de\/?page_id=1535","title":{"rendered":"Archiv 2025"},"content":{"rendered":"\n<p><strong>Trainingslager des Ruderverbandes S\u00fcdwest in Orta<\/strong><\/p>\n\n\n\n<p>Als Startschuss in die neue Saison ging es auch dieses Jahr f\u00fcr 52 Sportler\/innen des Verbandes nach Orta um dort mit einem Wettkampf zu starten und anschlie\u00dfend 10 Tage Training in Gro\u00dfbooten durchzuf\u00fchren.<\/p>\n\n\n\n<p>Den ausf\u00fchrlichen Bericht gibt es <a href=\"https:\/\/ruderverband-suedwest.de\/wp-content\/uploads\/2025\/11\/Bericht-Trainingslager-Orta-2025.pdf\">hier.<\/a><\/p>\n\n\n\n<figure class=\"wp-block-image size-large is-resized\"><img loading=\"lazy\" decoding=\"async\" width=\"768\" height=\"1024\" src=\"https:\/\/ruderverband-suedwest.de\/wp-content\/uploads\/2025\/11\/IMG_3343-768x1024.jpeg\" alt=\"\" class=\"wp-image-1515\" style=\"width:416px;height:auto\" srcset=\"https:\/\/ruderverband-suedwest.de\/wp-content\/uploads\/2025\/11\/IMG_3343-768x1024.jpeg 768w, https:\/\/ruderverband-suedwest.de\/wp-content\/uploads\/2025\/11\/IMG_3343-225x300.jpeg 225w, https:\/\/ruderverband-suedwest.de\/wp-content\/uploads\/2025\/11\/IMG_3343-1152x1536.jpeg 1152w, https:\/\/ruderverband-suedwest.de\/wp-content\/uploads\/2025\/11\/IMG_3343-1536x2048.jpeg 1536w, https:\/\/ruderverband-suedwest.de\/wp-content\/uploads\/2025\/11\/IMG_3343-scaled.jpeg 1920w\" sizes=\"auto, (max-width: 767px) 89vw, (max-width: 1000px) 54vw, (max-width: 1071px) 543px, 580px\" \/><\/figure>\n\n\n\n<hr class=\"wp-block-separator has-alpha-channel-opacity\"\/>\n\n\n\n<p><strong>Deutsche Sprintmeisterschaften in Schierstein<\/strong><\/p>\n\n\n\n<p>Die letzte deutsche Meisterschaft des Jahres war die Sprintmeisterschaft in Wiesbaden Schierstein. Bei k\u00fchlen, aber trockenen Wetterbedingungen konnte nur der Nebel am Samstag Morgen f\u00fcr Zeitverz\u00f6gerungen sorgen.  Auch der Ruderverband S\u00fcdwest sammelte wieder diverse Medaillen.<\/p>\n\n\n\n<p><strong>Gold<\/strong><br>Alina Stammen (Mainzer RV) im Frauen Achter<br>Paula Hartmann (Mainzer RV) im Frauen Achter <br>Mona Hoffmann (Mainzer RV) im Frauen Achter<br>Astrid Steensberg (Mainzer RV) im Frauen Achter<br>Laura Brenker (Mainzer RV) im Frauen Achter<br>Barbara Eger (Mainzer RV) im Frauen Achter<br>Ruth Eisentr\u00e4ger (Mainzer RV) im Frauen Achter<br>Raphaela Werner (Mainzer RV) im Frauen Achter<br>Katharina Damke (Mainzer RV) Stf. im Frauen Achter<\/p>\n\n\n\n<p><strong>Silber<\/strong><br>Laura Brenker (Mainzer RV) im Frauen Doppelzweier<br>Marie-Christine Gerhardt (Mainzer RV) im Frauen Doppelzweier<br>Elias Dickenschied (Mainzer RG) im Junioren Doppelzweier<br>Len Grubert (Mainzer RG) im Junioren Doppelzweier<br>Gerrit Sch\u00e4fer (GTRV Neuwied) im M\u00e4nner Einer<\/p>\n\n\n\n<p><strong>Bronze<\/strong><br>Michaela D\u00f6rr (RG Lahnstein) im Frauen Doppelvierer<br>Meiline Boczula (RG Lahnstein) im Frauen Doppelvierer<br>Elena G\u00fcnthner (RG Lahnstein) im Frauen Doppelvierer<br>Anna Marx (RG Lahnstein) im Frauen Doppelvierer <\/p>\n\n\n\n<hr class=\"wp-block-separator has-alpha-channel-opacity\"\/>\n\n\n\n<p><strong>Zwei Siege beim Baltic Cup in Hj\u00e4lmsj\u00f6<\/strong><\/p>\n\n\n\n<p>Aron Sch\u00e4fer (Bernkasteler RV) und Jan Bornemann (Mainzer RV) konnten im Vierer ohne \u00fcber 2000 m und 500 m souver\u00e4n gegen die Boote aus Polen, D\u00e4nemark und Schweden einen Sieg heraus fahren. Dies war zugleich f\u00fcr beide Sportler der erste internationale Einsatz.<\/p>\n\n\n\n<hr class=\"wp-block-separator has-alpha-channel-opacity\"\/>\n\n\n\n<p><strong>Silber bei der U23 EM in Racice<\/strong><\/p>\n\n\n\n<p>Nur ein Starter war bei diesem Event aus unserem Landesverband am Start, aber Maximilian R\u00fchling konnte erneut Silber gewinnen. Dieses mal war das Boot aus Norwegen schneller das bei der U23-WM noch weit hinter dem deutschen Boot war. Ab der 1000m Marke konnte sich das Boot aus Norwegen absetzen und am Ende mit \u00fcber einer L\u00e4nge vor  Maximilian R\u00fchling und seinem Partner Naveen Shah gewinnen.<\/p>\n\n\n\n<p><strong>Silber<\/strong><br>Maximilian R\u00fchling  (Mainzer RV) im Lgw. M\u00e4nner Doppelzweier<\/p>\n\n\n\n<hr class=\"wp-block-separator has-alpha-channel-opacity\"\/>\n\n\n\n<p><strong>Gold, Silber und Bronze bei den Finals in Dresden<\/strong><\/p>\n\n\n\n<p>Im Rahmen der Finals in Dresden wurden Deutsche Meistertitel \u00fcber Sprintdisziplinen im Rudern vergeben. Im Rennrudern wurden die Titel im Einer und Achter \u00fcber 350 m ausgefahren. Im Achterfinale sind dann der &#8222;Deutschland-Achter&#8220; gegen eine zweite zusammengesetzte  Mannschaft aus Vierer und Zweier ohne angetreten, nachdem in den Vorl\u00e4ufen diverse Bundesliga-Teams besiegt wurden.<br>Zus\u00e4tzlich wurden Deutsche Meistertitel im City-Beach-Sprint auf der Elbe ausgefahren. Hierbei war das Finale im Frauen-Einer eine Mainzer Meisterschaft, in der Laura Brenker gegen ihre Vereinskameradin Anne Kistenpfennig gewinnen konnte.<\/p>\n\n\n\n<p><strong>Gold<\/strong><br>Laura Brenker (Mainzer RV) &#8211; City Beach Sprint<br>Jonas Wiesen (RG Treis Karden) &#8211; Stm. des M\u00e4nner Achters<br>Luise Bachmann (RV Ingelheim) &#8211; im Frauen Achter mit Stm.<br>Katharina Bauer (RV Treviris Trier) &#8211; im Frauen Achter mit Stm.<br>Jonas Wiesen (RG Treis Karden) &#8211; Stm. des Frauen Achters<\/p>\n\n\n\n<p><strong>Silber<\/strong><br>Anna Kistenpfennig (Mainzer RV) &#8211; City Beach Sprint<br>Paula Gerundt (RG Undine Saarbr\u00fccken) &#8211; im Frauen Achter mit Stm.<br>Paula Hartmann (Mainzer RV) &#8211; im Frauen Achter mit Stm.<\/p>\n\n\n\n<p><strong>Bronze<br><\/strong>Marie Gerhardt (Mainzer RV) &#8211; im Frauen Achter mit Stf.<br>Mareike St\u00f6lzner (Mainzer RV) &#8211; im Frauen Achter mit Stf.<br>Astrid Steensberg (Mainzer RV) &#8211; im Frauen Achter mit Stf.<br>Christina Brechtold (Mainzer RV) &#8211; im Frauen Achter mit Stf.<br>Inken Bargstedt (Mainzer RV) &#8211; im Frauen Achter mit Stf.<br>Laura Brenker (Mainzer RV) &#8211; im Frauen Achter mit Stf.<br>Barbara Eger (Mainzer RV) &#8211; im Frauen Achter mit Stf.<br>Ruth Eisentr\u00e4ger (Mainzer RV) &#8211; im Frauen Achter mit Stf.<br>Katharina Damke (Mainzer RV) &#8211; Stf. des Frauen Achters<\/p>\n\n\n\n<hr class=\"wp-block-separator has-alpha-channel-opacity\"\/>\n\n\n\n<p><strong>Silber und Bronze bei U23 WM in Poznan<\/strong><\/p>\n\n\n\n<p>Ein unglaublich sch\u00f6nes Rennen lieferte der Lgw. Doppelzweier mit Maximilian R\u00fchling (Mainzer RV) bei der WM. Vom letzten Platz auf den ersten 1500m fuhr das deutsche Boot fast durch das ganze Feld nach Vorne. Lediglich Italien konnte seinen Vorsprung mit 0,75 sek gerade so verteidigen.<br>Der M\u00e4nner Achter mit Ole Bartenbach und Leon Gronbach (beide RG Speyer) k\u00e4mpfte dagegen \u00fcber die ganze Strecke um den dritten Platz, den sie im Ziel auch behalten durften.<br>Maximilian Brill (RG Speyer) konnte sich im Vierer ohne der M\u00e4nner f\u00fcr das Finale qualifizieren. Dort ging es leider nicht weiter nach vorne, so dass das deutsche Boot  zwar ein sch\u00f6nes Rennen lieferte, aber am Ende nicht \u00fcber Platz 6 hinaus kam.<br>Raphaela Werner (Mainzer RV) wurde im Frauen Vierer ohne im B-Finale 5.<\/p>\n\n\n\n<p><strong>Silber<\/strong><br>Maximilian R\u00fchling (Mainzer RV) &#8211; im Lgw. M\u00e4nner Doppelzweier<\/p>\n\n\n\n<p><strong>Bronze<\/strong><br>Ole Bartenbach (RG Speyer) &#8211; im M\u00e4nner Achter mit Stm.<br>Leon Gronbach (RG Speyer) &#8211; im M\u00e4nner Achter mit Stm.<\/p>\n\n\n\n<figure class=\"wp-block-image size-large\"><img decoding=\"async\" src=\"https:\/\/ruderverband-suedwest.de\/wp-content\/uploads\/2025\/07\/U23-WM-2025-scaled.jpeg\" alt=\"\"\/><\/figure>\n\n\n\n<hr class=\"wp-block-separator has-alpha-channel-opacity\"\/>\n\n\n\n<p><strong>LLZ Mainz ist bis 2028 verl\u00e4ngert worden<\/strong><\/p>\n\n\n\n<figure class=\"wp-block-image size-large\"><img decoding=\"async\" src=\"https:\/\/ruderverband-suedwest.de\/wp-content\/uploads\/2025\/07\/LLZ-Mainz-2028.jpg\" alt=\"\"\/><\/figure>\n\n\n\n<p>Gestern wurde die Plakette zur Anerkennung des Landesleistungszentrums in Mainz f\u00fcr den laufenden Olympiazyklus vom LSB verliehen.<br>Frau Sch\u00e4fer bedankte sich im Namen des LSB-Leistungssportteams f\u00fcr die gute Zusammenarbeit und betonte die guten Trainingsvoraussetzungen am LLZ.<br>Matthias Woitok betonte, wie wichtig und wertvoll die vom LSB geleistete Arbeit f\u00fcr die Aus\u00fcbung unseres Sports auf Spitzensportniveau ist.<\/p>\n\n\n\n<hr class=\"wp-block-separator has-alpha-channel-opacity\"\/>\n\n\n\n<p><strong>Bundeswettbewerb Jungen und M\u00e4dchen (12-14 Jahre) in M\u00fcnchen<\/strong><\/p>\n\n\n\n<p>Mit einer vergleichsweise kleinen, aber hochmotivierten Gruppe von 24 Sportlerinnen und Sportlern reiste der Ruderverband S\u00fcdwest zum diesj\u00e4hrigen Bundeswettbewerb f\u00fcr Jungen und M\u00e4dchen (12\u201314 Jahre) nach M\u00fcnchen. Auf der traditionsreichen Olympia-Regattastrecke stellten sich die jungen Athlet*innen bei gro\u00dfer Hitze den Herausforderungen des Wettkampfes \u2013 darunter die 3000-Meter-Langstrecke, der Allgemeine Sportwettbewerb und die abschlie\u00dfenden 1000-Meter-Rennen.<\/p>\n\n\n\n<p>Trotz der \u00fcberschaubaren Mannschaftsst\u00e4rke herrschte innerhalb des Teams eine ausgezeichnete Stimmung, die von gegenseitiger Unterst\u00fctzung, Teamgeist und sportlichem Ehrgeiz gepr\u00e4gt war. Die jungen Ruder*innen k\u00e4mpften sich tapfer durch die Wettk\u00e4mpfe und zeigten auf allen Strecken vollen Einsatz.<\/p>\n\n\n\n<p>Auch wenn es am Freitag lediglich einem Boot gelang, sich f\u00fcr die leistungsst\u00e4rkste Abteilung 1 am Sonntag zu qualifizieren, \u00fcberzeugten auch die \u00fcbrigen Boote mit starken individuellen Leistungen. Viele der Teilnehmenden sammelten wertvolle Wettkampferfahrungen auf nationalem Niveau \u2013 ein entscheidender Schritt f\u00fcr die weitere sportliche Entwicklung. Besonders f\u00fcr die \u00e4ltesten Teilnehmenden der Altersklasse 14 sind dies wichtige Grundlagen, um im kommenden Jahr in der Altersklasse U17 durchzustarten.<\/p>\n\n\n\n<p>Insgesamt war der Bundeswettbewerb ein gelungener Saisonh\u00f6hepunkt f\u00fcr den Ruderverband S\u00fcdwest und ein motivierender Ausblick auf das, was sportlich noch kommen mag.<\/p>\n\n\n\n<p><strong>Bronze<\/strong><\/p>\n\n\n\n<p>Felix K\u00fchner (RG Speyer) \u2013 Jung 2x 13\/14<br>Moritz R\u00fcgen (RG Speyer) \u2013 Jung 2x 13\/14&nbsp;<\/p>\n\n\n\n<hr class=\"wp-block-separator has-alpha-channel-opacity\"\/>\n\n\n\n<p><strong>Deutsche Meisterschaften im Gro\u00df- und Mittelboot<\/strong><\/p>\n\n\n\n<p>Der Crefelder Ruderclub war dieses Jahr der Veranstalter der Meisterschaften und Ruderinnen und Ruderer aus dem S\u00fcdwesten konnten wieder zahlreiche Medaillen und Titel gewinnen.<\/p>\n\n\n\n<p><strong>Gold<\/strong><br>Moritz Schneider (Ludwigshafener RV) &#8211; im Mixed Achter<br>Axel Oschmann (Ludwigshafener RV) &#8211; im Mixed Achter<br>Eva Hohoff (Ludwigshafener RV) &#8211; im Frauen Vierer ohne<br>Emil Beck (Saarbr\u00fccker RG Undine) &#8211; im M\u00e4nner Vierer ohne<br>Simon Haible (RG Treis Karden) &#8211; im M\u00e4nner Vierer ohne<br>Sybille Schoolaert (Ludwigshafener RV) &#8211; im Lgw. Frauen Doppelvierer<br>Anne Kistenpfennig (Mainzer RV) &#8211; im Frauen Achter<br>Mareike St\u00f6lzner (Mainzer RV) &#8211; im Frauen Achter<br>Ruth Eisentr\u00e4ger (Mainzer RV) &#8211; im Frauen Achter<br>Marie Gerhardt (Mainzer RV) &#8211; im Frauen Achter<\/p>\n\n\n\n<p><strong>Silber<\/strong><br>Luca Britten (Saarbr\u00fccker RG Undine) &#8211; im Lgw. M\u00e4nner Doppelzweier<br>Dylan Hild (Saarbr\u00fccker RG Undine) &#8211; im Lgw. M\u00e4nner Doppelzweier<br>Eva Hohoff (Ludwigshafener RV) &#8211; im Lgw. Frauen Doppelvierer<br>Dylan Hild (Saarbr\u00fccker RG Undine) &#8211; im Lgw. M\u00e4nner Doppelvierer<br>Luca Britten (Saarbr\u00fccker RG Undine) &#8211; im Lgw. M\u00e4nner Doppelvierer<br>Eva Hohoff (Ludwigshafener RV) &#8211; im Frauen Doppelvierer<\/p>\n\n\n\n<p><strong>Bronze<\/strong><br>Anne Kistenpfennig (Mainzer RV) &#8211; im Frauen-Doppelzweier<br>Moritz Nultsch (Wormser RC Blau-Wei\u00df) &#8211; im Mixed Achter<\/p>\n\n\n\n<hr class=\"wp-block-separator has-alpha-channel-opacity\"\/>\n\n\n\n<p><strong>Richard Schmidt erh\u00e4lt die Thomas-Keller-Medaille<\/strong><\/p>\n\n\n\n<p class=\"has-text-align-left\">Im Rahmen der Rotsee Regatta in Luzern hat der Trierer Ruderer Richard Schmidt die Thomas-Keller-Medaille erhalten. Mit dieser h\u00f6chsten Auszeichnung des weltweiten Rudersports werden Sportler geehrt, die nicht nur eine herausragende sportliche Karriere hinter sich haben, sondern sich zugleich auch mit hohem gesellschaftliche Engagement f\u00fcr den Rudersport einbringen.<\/p>\n\n\n\n<p class=\"has-text-align-center\"><img loading=\"lazy\" decoding=\"async\" width=\"300\" height=\"223\" class=\"wp-image-1363\" style=\"width: 300px;\" src=\"https:\/\/ruderverband-suedwest.de\/wp-content\/uploads\/2025\/07\/BSC_7932.jpg\" alt=\"\" srcset=\"https:\/\/ruderverband-suedwest.de\/wp-content\/uploads\/2025\/07\/BSC_7932.jpg 1400w, https:\/\/ruderverband-suedwest.de\/wp-content\/uploads\/2025\/07\/BSC_7932-300x223.jpg 300w, https:\/\/ruderverband-suedwest.de\/wp-content\/uploads\/2025\/07\/BSC_7932-1024x761.jpg 1024w, https:\/\/ruderverband-suedwest.de\/wp-content\/uploads\/2025\/07\/BSC_7932-768x571.jpg 768w\" sizes=\"auto, (max-width: 300px) 100vw, 300px\" \/><\/p>\n\n\n\n<p class=\"has-text-align-left\"><br>Richard Schmidt ist der siebte deutsche Ruderer, der die Medaille erhalten hat und nat\u00fcrlich der erste Ruderer des Ruderverbandes S\u00fcdwest. Eine w\u00fcrdige Ehrung f\u00fcr einen Ausnahmeathleten aus dem S\u00fcdwesten!<\/p>\n\n\n\n<hr class=\"wp-block-separator has-alpha-channel-opacity\"\/>\n\n\n\n<p><strong>World Cup Luzern &#8211; es geht bergauf<\/strong><\/p>\n\n\n\n<p>Der Deutsche Ruderverband kann sich mit seinen Erfolgen in der Weltspitze schon wieder besser behaupten. Da auch aus dem Ruderverband S\u00fcdwest Sportlerinnen und Sportler am Start waren freut uns das besonders.<br>Der M\u00e4nner-Achter mit Jonas Wiesen (RG Treis-Karden) an den Steuerseilen konnte mit einem ungef\u00e4hrdeten Start-Ziel-Sieg ein besonderes Ausrufezeichen setzen. Auch wenn noch ein paar Nationen in Luzern gefehlt haben, sah die Mannschaftsleistung nach einer deutlichen Steigerung aus.<br>Der Frauen-Achter mit Paula Gerundt (RG Undine Saarbr\u00fccken) und Paula Hartmann (Mainzer RV) verpasste den Bronze-Rang nur um 8 Hundertstel. Dies war im Vergleich zu den Leistungen der letzten Jahre eine ausgezeichnete Steigerung.<\/p>\n\n\n\n<hr class=\"wp-block-separator has-alpha-channel-opacity\"\/>\n\n\n\n<p><strong>Nominierungen f\u00fcr die U23 WM in Poznan<\/strong><\/p>\n\n\n\n<p>Auf Grund ihrer hervorragenden Leistungen bei der U23-DM und den Leistungen in den Ranglisten hat sich Raphaela Werner (Mainzer RV) im Frauen Achter, Maxiilian Brill (RG Speyer) im M\u00e4nner Vierer ohne, Ole Bartenbach und Leon Gronbach (beide RG Speyer) im M\u00e4nner Achter und Maximilian R\u00fchling (Mainzer RV) im Lgw. M\u00e4nner Doppelzweier f\u00fcr die U23-WM nominiert.<br>Zus\u00e4tzlich sind mit Larina Wiesen (M\u00e4nner Zweier ohne) und Felix Drahotta (Frauen Vierer ohne) auch zwei Trainer aus dem Ruderverband S\u00fcdwest als Bootstrainer mit bei der U23-WM.<\/p>\n\n\n\n<hr class=\"wp-block-separator has-alpha-channel-opacity\"\/>\n\n\n\n<p><strong>Deutsche Jahrgangsmeisterschaften U23 \/ U19 \/ U17 in K\u00f6ln F\u00fchlingen<\/strong><\/p>\n\n\n\n<p>Vom 19.06. &#8211; 22.06.2025 wurden in K\u00f6ln bei sehr warmem Wetter die Meisterschaften der Nachwuchsjahrg\u00e4nge ausgetragen. Am Start waren nat\u00fcrlich wieder viele Sportler aus unserem Ruderverband und einige kamen auch zu betr\u00e4chtlichen Erfolgen und Medaillen.<\/p>\n\n\n\n<p>U23<\/p>\n\n\n\n<p><strong>Gold<\/strong><br>Maximilian R\u00fchling (Mainzer RV) &#8211; im Lgw.-M\u00e4nner-Doppelzweier<br>Ole Bartenbach (RG Speyer) &#8211; im M\u00e4nner-Vierer ohne St.<br>Leon Gronbach (RG Speyer) &#8211; im M\u00e4nner-Vierer ohne St.<br>Sarah Kaden (RV Treviris Trier) &#8211; im  Lgw.-Frauen-Zweier ohne St.<br>Lea Kaden (RV Treviris Trier) &#8211; im  Lgw.-Frauen-Zweier ohne St.<br>Maximilian R\u00fchling (Mainzer RV) &#8211; im Lgw.-M\u00e4nner-Doppelvierer<br>Tobias B\u00f6hm (Mainzer RV) &#8211; im Lgw.-M\u00e4nner-Doppelvierer<br>Johann Kleis (RV Treviris Trier) -im Lgw.-M\u00e4nner-Doppelvierer<br>Leon Gronbach (RG Speyer) &#8211; im M\u00e4nner-Achter mit St.<br>Ole Bartenbach (RG Speyer) &#8211; im M\u00e4nner-Achter mit St.<\/p>\n\n\n\n<p><strong>Silber<\/strong><br>Linus David (GTRV Neuwied) &#8211; im Lgw.-M\u00e4nner-Doppelzweier<br>Raphaela Werner (Mainzer RV) &#8211; im Frauen-Vierer ohne St.<br>Maximilian Brill (RG Speyer) &#8211; im M\u00e4nner-Vierer ohne St.<br>Luca Britten (Saarbr\u00fccker RG Undine) &#8211; im Lgw. M\u00e4nner Einer<br>Sibylle Schoolaert (Ludwigshafener RV) &#8211; im  Lgw.-Frauen-Zweier ohne St.<br>Linus David (GTRV Neuwied) &#8211; im Lgw.-M\u00e4nner-Doppelvierer<br>Raphaela Werner (Mainzer RV) &#8211; im Frauen-Achter mit St<br>Simon Haible (RG Treis-Karden) &#8211; im M\u00e4nner-Achter mit St.<\/p>\n\n\n\n<p><strong>Bronze<\/strong><br>Sibylle Schoolaert (Ludwigshafener RV) &#8211; im Lgw.-Frauen-Doppelzweier<br>Tobias B\u00f6hm (Mainzer RV) &#8211; im Lgw.-M\u00e4nner-Doppelzweier<br>Johann Kleis (RV Treviris Trier) &#8211; im Lgw.-M\u00e4nner-Doppelzweier<br>Maximiilian Brill (RG Speyer) &#8211; im M\u00e4nner-Achter mit St.<\/p>\n\n\n\n<p><br>U19<\/p>\n\n\n\n<p><strong>Gold<\/strong><br>Dylan Hild (Saarbr\u00fccker RG Undine) &#8211; im Lgw.-Junioren-Doppelzweier<br>Aurel Russ (Saarbr\u00fccker RG Undine) &#8211; im Lgw.-Junioren-Doppelzweier<br>Elena Schweisthal (Bernkasteler RV) &#8211; im Juniorinnen-Doppelvierer<br>Jasper Weber (RKV Bad Kreuznach) &#8211; im Lgw.-Junioren-Doppelvierer&nbsp;<br>Dylan Hild (Saarbr\u00fccker RG Undine) &#8211; im Lgw.-Junioren-Doppelvierer<br>Aurel Russ (Saarbr\u00fccker RG Undine) &#8211; im Lgw.-Junioren-Doppelvierer<\/p>\n\n\n\n<p><strong>Silber<\/strong><br>Maya Steimer (Saarbr\u00fccker RG Undine) &#8211; im Lgw.-Juniorinnen-Doppelzweier<br>Anneke Ihmann (Saarbr\u00fccker RG Undine) &#8211; im Lgw.-Juniorinnen-Doppelvierer<br>Livia Wolff (Saarbr\u00fccker RG Undine) &#8211; im Lgw.-Juniorinnen-Doppelvierer<br>Maya Steimer (Saarbr\u00fccker RG Undine) &#8211; im Lgw.-Juniorinnen-Doppelvierer<br>Jan Bornemann (Mainzer RV) &#8211; im  Junioren-Achter mit St.<br>Aron Sch\u00e4fer (Bernkasteler RV)  &#8211; im Junioren-Achter mit St.<br>Stm. Mats Zimmermann (Mainzer RV) &#8211; im Junioren-Achter mit St. <\/p>\n\n\n\n<p><strong>Bronze<\/strong><br>Jan Bornemann (Mainzer RV) &#8211; im Junioren-Zweier ohne St.<br>Aron Sch\u00e4fer (Bernkasteler RV) &#8211; im Junioren-Zweier ohne St.<br>Philipp Jensen (Koblenzer RC Rhenania) &#8211; im Lgw.-Junioren-Einer&nbsp;<\/p>\n\n\n\n<p><br>U17<\/p>\n\n\n\n<p><strong>Silber<\/strong><br>Eva Hermann (Mainzer RV) &#8211; im Juniorinnen-Zweier ohne St.<br>Katharina Stauder (Mainzer RV) &#8211; im Juniorinnen-Zweier ohne St.<br>Hannah Schenk (RG Treis-Karden) &#8211; im Lgw.-Juniorinnen-Einer<\/p>\n\n\n\n<p><strong>Bronze<\/strong><br>Greta Pohl (Bernkasteler RV) &#8211; im Juniorinnen-Einer<\/p>\n\n\n\n<p><\/p>\n\n\n\n<hr class=\"wp-block-separator has-alpha-channel-opacity\"\/>\n\n\n\n<p><strong>DM Kleinboot in Brandenburg <\/strong><\/p>\n\n\n\n<p>Bei den deutschen Kleinbootmeisterschaften (Einer \/ Zweier ohne) wurden die ersten Titel des Jahres auf dem Wasser vergeben. Auch aus dem S\u00fcdwesten waren wieder Sportler erfolgreich dabei. Neben den Medaillengewinnern gab es sehr gute Platzierungen in den A-Finals durch Paula Gerundt (RG Undine Saarbr\u00fccken &#8211; 4. Platz Frauen im Zweier ohne), Maximilian R\u00fchling (Mainzer RV &#8211; 4. Platz im lgw. M\u00e4nner Einer), Annabelle Bachmann (RV Ingelheim &#8211; 5. Platz im Frauen Zweier ohne), Luca Britten (RG Undine Saarbr\u00fccken &#8211; 6. Platz im lgw. M\u00e4nner Einer).<\/p>\n\n\n\n<p><strong>Gold<\/strong><br>Nathalie Weber (Koblenzer RC Rhenania) &#8211; Leichtgewichts Frauen Einer<\/p>\n\n\n\n<p><strong>Silber<\/strong><br>Paula Hartmann (Mainzer RV) &#8211; Frauen Zweier ohne<\/p>\n\n\n\n<p><\/p>\n\n\n\n<hr class=\"wp-block-separator has-alpha-channel-opacity\"\/>\n\n\n\n<p><strong>World Rowing Indoor Championships 2025<\/strong><\/p>\n\n\n\n<p>Das erste internationale Event 2025 ist Geschichte, aber mit einem erfreulichen Ausgang f\u00fcr Sportler aus dem Ruderverband S\u00fcdwest. Die Ergo-WM ist ein spezielles Ereignis, da die Sportler nicht in Booten gegeneinander antreten k\u00f6nnen, sondern jeder in seinem Verein\/Kraftraum \u00fcber das Internet mit dem Rest der Welt verbunden. Dies f\u00fchrt dann wieder zu einem Wettkampf, bei dem die Boote in Form kleiner Piktogramme auf einem Bildschirm gegeneinander fahren.<\/p>\n\n\n\n<p><strong>Silber<\/strong><br>Katja Beerscht (Mainzer RG) &#8211; Frauen U23  &#8211; 6:58,6 min \u00fcber 2000m<br>Luca Britten (Saarbr\u00fccker RG Undine) &#8211; M\u00e4nner U23 Lgw &#8211; 6:21,2 min \u00fcber 2000m<\/p>\n\n\n\n<hr class=\"wp-block-separator has-alpha-channel-opacity\"\/>\n\n\n\n<p><strong>Deutsche Ergometer-Meisterschaften in Kettwig<\/strong><\/p>\n\n\n\n<p>Dieses Wochenende ist die Rudersaison 2025 mit der Deutschen Meisterschaft auf dem Ruder-Ergometer gestartet. In Kettwig wurden die ersten Titel \u00fcber die Normaldistanzen vergeben. Am Start waren einige Sportler aus dem Ruderverband S\u00fcdwest, die hervorragende Platzierungen erreichen konnten.<br><\/p>\n\n\n\n<p><strong>Gold<\/strong><br>Paula Hartmann (Mainzer RV) &#8211; Frauen offene Klasse<br>Aron Sch\u00e4fer (Bernkasteler RV) &#8211; Junioren A Lgw<\/p>\n\n\n\n<p><strong>Silber<\/strong><br>Katja Beerscht (Mainzer RG) &#8211; Frauen offene Klasse<\/p>\n\n\n\n<p><strong>Bronze<\/strong><br>Hannah Schenk (RG Treis Karden) &#8211; Juniorinnen B Lgw.<br><\/p>\n\n\n\n<hr class=\"wp-block-separator has-alpha-channel-opacity\"\/>\n\n\n\n<p><strong>Maximilian Brill ist Nachwuchssportler des Jahres 2024<\/strong><\/p>\n\n\n\n<p>Unser Junioren-Vizeweltmeister Maximilian Brill wurde auch vom Landes-Sportbund mit einer hohen Ehrung als Nachwuchssportler 2024 ausgezeichnet. Die Laudatio zu dem besonderen Event durfte seine langj\u00e4hrige Trainerin und unser Vorstandsmitglied Julia Hoffmann \u00fcbernehmen.<br><img loading=\"lazy\" decoding=\"async\" width=\"300\" height=\"400\" class=\"wp-image-1300\" style=\"width: 300px;\" src=\"https:\/\/ruderverband-suedwest.de\/wp-content\/uploads\/2025\/02\/Nachwuchssportler-des-Jahres_Maximilian-Brill-scaled.jpg\" alt=\"\" srcset=\"https:\/\/ruderverband-suedwest.de\/wp-content\/uploads\/2025\/02\/Nachwuchssportler-des-Jahres_Maximilian-Brill-scaled.jpg 1920w, https:\/\/ruderverband-suedwest.de\/wp-content\/uploads\/2025\/02\/Nachwuchssportler-des-Jahres_Maximilian-Brill-225x300.jpg 225w, https:\/\/ruderverband-suedwest.de\/wp-content\/uploads\/2025\/02\/Nachwuchssportler-des-Jahres_Maximilian-Brill-768x1024.jpg 768w, https:\/\/ruderverband-suedwest.de\/wp-content\/uploads\/2025\/02\/Nachwuchssportler-des-Jahres_Maximilian-Brill-1152x1536.jpg 1152w, https:\/\/ruderverband-suedwest.de\/wp-content\/uploads\/2025\/02\/Nachwuchssportler-des-Jahres_Maximilian-Brill-1536x2048.jpg 1536w\" sizes=\"auto, (max-width: 300px) 100vw, 300px\" \/><\/p>\n","protected":false},"excerpt":{"rendered":"<p>Trainingslager des Ruderverbandes S\u00fcdwest in Orta Als Startschuss in die neue Saison ging es auch dieses Jahr f\u00fcr 52 Sportler\/innen des Verbandes nach Orta um dort mit einem Wettkampf zu starten und anschlie\u00dfend 10 Tage Training in Gro\u00dfbooten durchzuf\u00fchren. Den ausf\u00fchrlichen Bericht gibt es hier. Deutsche Sprintmeisterschaften in Schierstein Die letzte deutsche Meisterschaft des Jahres &hellip; <\/p>\n<p class=\"link-more\"><a href=\"https:\/\/ruderverband-suedwest.de\/?page_id=1535\" class=\"more-link\"><span class=\"screen-reader-text\">\u201eArchiv 2025\u201c<\/span> weiterlesen<\/a><\/p>\n","protected":false},"author":1,"featured_media":0,"parent":0,"menu_order":0,"comment_status":"closed","ping_status":"closed","template":"","meta":{"footnotes":""},"class_list":["post-1535","page","type-page","status-publish","hentry"],"_links":{"self":[{"href":"https:\/\/ruderverband-suedwest.de\/index.php?rest_route=\/wp\/v2\/pages\/1535","targetHints":{"allow":["GET"]}}],"collection":[{"href":"https:\/\/ruderverband-suedwest.de\/index.php?rest_route=\/wp\/v2\/pages"}],"about":[{"href":"https:\/\/ruderverband-suedwest.de\/index.php?rest_route=\/wp\/v2\/types\/page"}],"author":[{"embeddable":true,"href":"https:\/\/ruderverband-suedwest.de\/index.php?rest_route=\/wp\/v2\/users\/1"}],"replies":[{"embeddable":true,"href":"https:\/\/ruderverband-suedwest.de\/index.php?rest_route=%2Fwp%2Fv2%2Fcomments&post=1535"}],"version-history":[{"count":1,"href":"https:\/\/ruderverband-suedwest.de\/index.php?rest_route=\/wp\/v2\/pages\/1535\/revisions"}],"predecessor-version":[{"id":1536,"href":"https:\/\/ruderverband-suedwest.de\/index.php?rest_route=\/wp\/v2\/pages\/1535\/revisions\/1536"}],"wp:attachment":[{"href":"https:\/\/ruderverband-suedwest.de\/index.php?rest_route=%2Fwp%2Fv2%2Fmedia&parent=1535"}],"curies":[{"name":"wp","href":"https:\/\/api.w.org\/{rel}","templated":true}]}}