{"id":159,"date":"2017-09-28T09:18:06","date_gmt":"2017-09-28T09:18:06","guid":{"rendered":"http:\/\/ruderverband-suedwest.de\/?page_id=159"},"modified":"2017-10-15T16:16:57","modified_gmt":"2017-10-15T16:16:57","slug":"allgemeines","status":"publish","type":"page","link":"https:\/\/ruderverband-suedwest.de\/?page_id=159","title":{"rendered":"Allgemein"},"content":{"rendered":"<p>Der Ruderverband Rheinhessen wurde am 01.10.1949 als Arbeitsgemeinschaft Rheinhessicher Rudervereine gegr\u00fcndet. Der erste Vorsitzende war Friedrich Wilhelm Kusel aus Mainz. Seit dem 26.03.1984 ist er eingetragener Verein. Der Ruderverband ist Gr\u00fcndungsmitglied des Landesruderverbandes Rheinland-Pfalz.<br \/>\nDie Gr\u00fcndung der Arbeitsgemeinschaft Rheinland-Pf\u00e4lzischer Rudervereine (Vorg\u00e4nger des Landesruderverbandes) mit den Gr\u00fcndungsmitgliedern Ruderverband Rheinland, Rheinhessen und Pfalz erfolgte im Sommer 1971.<\/p>\n<hr \/>\n<p>Die Mitgliedsvereine des Ruderverbandes Rheinhessen sind:<br \/>\nBinger Ruder-Gesellschaft 1897 e.V. (Gr\u00fcndungsmitglied)<br \/>\nTechnischer Ruderverein Rhenania Bingen 1911 e.V.<br \/>\nRuderverein Ingelheim 1920 e.V. (Gr\u00fcndungsmitglied)<br \/>\nMainzer Ruder-Gesellschaft 1898 e.V.<br \/>\nMainzer Ruder-Verein 1878 e.V. (Gr\u00fcndungsmitglied)<br \/>\nEisenbahner Sportverein 1927 e.V.<br \/>\nWeisenauer Ruderverein 1913 e.V.<br \/>\nWormser Ruder-Club Blau-Weiss 1883 e.V. (Gr\u00fcndungsmitglied)<\/p>\n<hr \/>\n<p>Neben der allgemeinen F\u00f6rderung des Rudersports im Gebiet des Sportbundes Rheinhessen sind die Aufgaben des Ruderverbandes Rheinhessen insbesondere:<br \/>\n1. Die Wahrung der Aufgaben eines Fachverbandes im Sportbund Rheinhessen.<br \/>\n2. Verteilung der vom Sportbund Rheinhessen zugeteilten Mittel sowie ggf. anderer ihm zur Verf\u00fcgung gestellter Mittel.<br \/>\n3. Wahrnehmung der Rechte und Pflichten als Mitglied des Landesruderverbandes Rheinland-\u2028Pfalz auf der Grundlage der Satzung des Vereins.<\/p>\n","protected":false},"excerpt":{"rendered":"<p>Der Ruderverband Rheinhessen wurde am 01.10.1949 als Arbeitsgemeinschaft Rheinhessicher Rudervereine gegr\u00fcndet. Der erste Vorsitzende war Friedrich Wilhelm Kusel aus Mainz. Seit dem 26.03.1984 ist er eingetragener Verein. Der Ruderverband ist Gr\u00fcndungsmitglied des Landesruderverbandes Rheinland-Pfalz. Die Gr\u00fcndung der Arbeitsgemeinschaft Rheinland-Pf\u00e4lzischer Rudervereine (Vorg\u00e4nger des Landesruderverbandes) mit den Gr\u00fcndungsmitgliedern Ruderverband Rheinland, Rheinhessen und Pfalz erfolgte im Sommer 1971. &hellip; <\/p>\n<p class=\"link-more\"><a href=\"https:\/\/ruderverband-suedwest.de\/?page_id=159\" class=\"more-link\"><span class=\"screen-reader-text\">\u201eAllgemein\u201c<\/span> weiterlesen<\/a><\/p>\n","protected":false},"author":1,"featured_media":0,"parent":0,"menu_order":0,"comment_status":"closed","ping_status":"closed","template":"","meta":{"footnotes":""},"class_list":["post-159","page","type-page","status-publish","hentry"],"_links":{"self":[{"href":"https:\/\/ruderverband-suedwest.de\/index.php?rest_route=\/wp\/v2\/pages\/159","targetHints":{"allow":["GET"]}}],"collection":[{"href":"https:\/\/ruderverband-suedwest.de\/index.php?rest_route=\/wp\/v2\/pages"}],"about":[{"href":"https:\/\/ruderverband-suedwest.de\/index.php?rest_route=\/wp\/v2\/types\/page"}],"author":[{"embeddable":true,"href":"https:\/\/ruderverband-suedwest.de\/index.php?rest_route=\/wp\/v2\/users\/1"}],"replies":[{"embeddable":true,"href":"https:\/\/ruderverband-suedwest.de\/index.php?rest_route=%2Fwp%2Fv2%2Fcomments&post=159"}],"version-history":[{"count":2,"href":"https:\/\/ruderverband-suedwest.de\/index.php?rest_route=\/wp\/v2\/pages\/159\/revisions"}],"predecessor-version":[{"id":227,"href":"https:\/\/ruderverband-suedwest.de\/index.php?rest_route=\/wp\/v2\/pages\/159\/revisions\/227"}],"wp:attachment":[{"href":"https:\/\/ruderverband-suedwest.de\/index.php?rest_route=%2Fwp%2Fv2%2Fmedia&parent=159"}],"curies":[{"name":"wp","href":"https:\/\/api.w.org\/{rel}","templated":true}]}}