{"id":17,"date":"2017-09-16T15:07:53","date_gmt":"2017-09-16T15:07:53","guid":{"rendered":"http:\/\/ruderverband-suedwest.de\/?page_id=17"},"modified":"2025-10-24T18:24:17","modified_gmt":"2025-10-24T18:24:17","slug":"vorstand","status":"publish","type":"page","link":"https:\/\/ruderverband-suedwest.de\/?page_id=17","title":{"rendered":"Vorstand"},"content":{"rendered":"<p>Der Vorstand des Ruderverbandes S\u00fcdwest setzt sich zusammen aus den gew\u00e4hlten Vorstandsmitgliedern aus den einzelnen Arbeitsbereichen, sowie den Vorsitzenden der Regionalverb\u00e4nde (Rheinland, Rheinhessen, Pfalz und Saarland), die innerhalb der Regionalverb\u00e4nde gew\u00e4hlt werden.<br \/>\nEbenso wird der Vorsitzende der Ruderjugend von den Jugendvertretern der Vereine gew\u00e4hlt und erh\u00e4lt einen Sitz und Stimme im Vorstand des Landesruderverbandes.<\/p>\n<p><a href=\"https:\/\/ruderverband-suedwest.de\/?page_id=91\">Die Vorstandsmitglieder<\/a><\/p>\n","protected":false},"excerpt":{"rendered":"<p>Der Vorstand des Ruderverbandes S\u00fcdwest setzt sich zusammen aus den gew\u00e4hlten Vorstandsmitgliedern aus den einzelnen Arbeitsbereichen, sowie den Vorsitzenden der Regionalverb\u00e4nde (Rheinland, Rheinhessen, Pfalz und Saarland), die innerhalb der Regionalverb\u00e4nde gew\u00e4hlt werden. Ebenso wird der Vorsitzende der Ruderjugend von den Jugendvertretern der Vereine gew\u00e4hlt und erh\u00e4lt einen Sitz und Stimme im Vorstand des Landesruderverbandes. Die &hellip; <\/p>\n<p class=\"link-more\"><a href=\"https:\/\/ruderverband-suedwest.de\/?page_id=17\" class=\"more-link\"><span class=\"screen-reader-text\">\u201eVorstand\u201c<\/span> weiterlesen<\/a><\/p>\n","protected":false},"author":1,"featured_media":0,"parent":0,"menu_order":0,"comment_status":"closed","ping_status":"closed","template":"","meta":{"footnotes":""},"class_list":["post-17","page","type-page","status-publish","hentry"],"_links":{"self":[{"href":"https:\/\/ruderverband-suedwest.de\/index.php?rest_route=\/wp\/v2\/pages\/17","targetHints":{"allow":["GET"]}}],"collection":[{"href":"https:\/\/ruderverband-suedwest.de\/index.php?rest_route=\/wp\/v2\/pages"}],"about":[{"href":"https:\/\/ruderverband-suedwest.de\/index.php?rest_route=\/wp\/v2\/types\/page"}],"author":[{"embeddable":true,"href":"https:\/\/ruderverband-suedwest.de\/index.php?rest_route=\/wp\/v2\/users\/1"}],"replies":[{"embeddable":true,"href":"https:\/\/ruderverband-suedwest.de\/index.php?rest_route=%2Fwp%2Fv2%2Fcomments&post=17"}],"version-history":[{"count":4,"href":"https:\/\/ruderverband-suedwest.de\/index.php?rest_route=\/wp\/v2\/pages\/17\/revisions"}],"predecessor-version":[{"id":1482,"href":"https:\/\/ruderverband-suedwest.de\/index.php?rest_route=\/wp\/v2\/pages\/17\/revisions\/1482"}],"wp:attachment":[{"href":"https:\/\/ruderverband-suedwest.de\/index.php?rest_route=%2Fwp%2Fv2%2Fmedia&parent=17"}],"curies":[{"name":"wp","href":"https:\/\/api.w.org\/{rel}","templated":true}]}}