{"id":174,"date":"2017-09-28T09:25:11","date_gmt":"2017-09-28T09:25:11","guid":{"rendered":"http:\/\/ruderverband-suedwest.de\/?page_id=174"},"modified":"2020-05-10T17:45:52","modified_gmt":"2020-05-10T17:45:52","slug":"internationale-erfolge","status":"publish","type":"page","link":"https:\/\/ruderverband-suedwest.de\/?page_id=174","title":{"rendered":"Internationale Erfolge"},"content":{"rendered":"<p><strong>Internationale Erfolge bei Olympischen Spielen (OS), Weltmeisterschaften (WM) und Europameisterschaften (EM)<\/strong><\/p>\n<p>2019<\/p>\n<p>WM in Linz (AUT)<br \/>\nBronze f\u00fcr Jason Osborne (Mainzer RV) im Leichtgewichts-Doppelzweier<\/p>\n<p>EM in Luzern (SUI)<br \/>\nGold f\u00fcr Jason Osborne (Mainzer RV) im Leichtgewichts-Doppelzweier<\/p>\n<p>2018<\/p>\n<p>WM in Plovdiv (BUL)<br \/>\nGold f\u00fcr Moritz Moos (Mainzer RV) im Leichtgewichts-Doppelvierer<br \/>\nGold f\u00fcr Jason Osborne (Mainzer RV) im Leichtgewichts-Einer<\/p>\n<table border=\"1\">\n<tbody>\n<tr>\n<td rowspan=\"1\" width=\"40\">2013<\/td>\n<td rowspan=\"1\" width=\"177\">WM Chungju (S\u00fcd-Korea)<\/td>\n<td rowspan=\"1\" width=\"1061\">Silber im Leichtgewichts-Doppelvierer durch Moritz Moos und Jason Osborne (beide Mainzer RV)<\/td>\n<\/tr>\n<tr>\n<td rowspan=\"1\" width=\"40\">2013<\/td>\n<td rowspan=\"1\" width=\"177\">EM in Sevilla (Spanien)<\/td>\n<td rowspan=\"1\" width=\"1061\">Bronze im Leichtgewichts-Einer durch Jonathan Koch (Mainzer RV)<\/td>\n<\/tr>\n<tr>\n<td rowspan=\"1\" width=\"40\">2010<\/td>\n<td rowspan=\"1\" width=\"177\">WM (Neuseeland)<\/td>\n<td rowspan=\"1\" width=\"1061\">Gold im Achter durch Sebastian Schmidt (Mainzer RV)<\/td>\n<\/tr>\n<tr>\n<td rowspan=\"1\" width=\"40\">2010<\/td>\n<td rowspan=\"1\" width=\"177\">EM (Portugal)<\/td>\n<td rowspan=\"1\" width=\"1061\">Gold im Achter durch Sebastian Schmidt (Mainzer RV)<\/td>\n<\/tr>\n<tr>\n<td rowspan=\"1\" width=\"40\">2009<\/td>\n<td rowspan=\"1\" width=\"177\">WM (Poznan)<\/td>\n<td rowspan=\"1\" width=\"1061\">Gold im Achter durch Sebastian Schmidt (Mainzer RV)<\/td>\n<\/tr>\n<tr>\n<td width=\"40\">2008<\/td>\n<td width=\"177\">WM (Linz)<\/td>\n<td width=\"1061\">Silber im Leichtgewichts-Achter durch Adrian Bretting, Marc Rippel und Matthias Sch\u00f6mann-Finck (alle Mainzer RV)<\/td>\n<\/tr>\n<tr>\n<td width=\"40\">2007<\/td>\n<td width=\"177\">WM (M\u00fcnchen)<\/td>\n<td width=\"1061\">Silber im Leichtgewichts-Achter durch Bj\u00f6rn Steinfurth, Felix Erdmann und Matthias Sch\u00f6mann-Finck (alle Mainzer RV)<\/td>\n<\/tr>\n<tr>\n<td rowspan=\"1\" width=\"40\">2007<\/td>\n<td rowspan=\"1\" width=\"177\">EM (Poznan)<\/td>\n<td rowspan=\"1\" width=\"1061\">Silber im Vierer ohne durch Sebastian Schmidt (Mainzer RV)<\/td>\n<\/tr>\n<tr>\n<td rowspan=\"1\" width=\"40\">2006<\/td>\n<td rowspan=\"1\" width=\"177\">WM (Eton)<\/td>\n<td rowspan=\"1\" width=\"1061\">Silber im Leichtgewichts-Achter durch Bj\u00f6rn Steinfurth, Marc Rippel, Christian Scherhag und Matthias Sch\u00f6mann-Finck (alle Mainzer RV)<\/td>\n<\/tr>\n<tr>\n<td rowspan=\"1\" width=\"40\">2004<\/td>\n<td rowspan=\"1\" width=\"177\">WM (Banyoles)<\/td>\n<td rowspan=\"1\" width=\"1061\">Bronze im Leichtgewichts-Doppelvierer durch Matthias Sch\u00f6mann-Finck (Mainzer RV)<\/td>\n<\/tr>\n<tr>\n<td rowspan=\"1\" width=\"40\">2003<\/td>\n<td rowspan=\"1\" width=\"177\">WM (Mailand)<\/td>\n<td rowspan=\"1\" width=\"1061\">Bronze im Leichtgewichts-Doppelvierer durch Matthias Sch\u00f6mann-Finck (Mainzer RV)<\/td>\n<\/tr>\n<tr>\n<td rowspan=\"1\" width=\"40\">1999<\/td>\n<td rowspan=\"1\" width=\"177\">WM (St. Catharines)<\/td>\n<td rowspan=\"1\" width=\"1061\">Bronze im Leichtgewichs-Doppelzweier durch Bernhard R\u00fchling (Mainzer RV)<\/td>\n<\/tr>\n<tr>\n<td rowspan=\"1\" width=\"40\">1998<\/td>\n<td rowspan=\"1\" width=\"177\">WM (K\u00f6ln)<\/td>\n<td rowspan=\"1\" width=\"1061\">Silber im Leichtgewichts-Doppelvierer durch Alexander Lutz (Mainzer RV)<\/td>\n<\/tr>\n<tr>\n<td rowspan=\"1\" width=\"40\">1998<\/td>\n<td rowspan=\"1\" width=\"177\">WM (K\u00f6ln)<\/td>\n<td rowspan=\"1\" width=\"1061\">Gold im Leichtgewichts-Achter durch Oliver Ibielski (Mainzer RV)<\/td>\n<\/tr>\n<tr>\n<td rowspan=\"1\" width=\"40\">1997<\/td>\n<td rowspan=\"1\" width=\"177\">WM (Aiguebelette)<\/td>\n<td rowspan=\"1\" width=\"1061\">Bronze im Leichtgewichs-Doppelzweier durch Bernhard R\u00fchling (Mainzer RV)<\/td>\n<\/tr>\n<tr>\n<td rowspan=\"1\" width=\"40\">1997<\/td>\n<td rowspan=\"1\" width=\"177\">WM (Aiguebelette)<\/td>\n<td rowspan=\"1\" width=\"1061\">Silber im Leichtgewichts-Doppelvierer durch Alexander Lutz und Oliver Ibielski (beide Mainzer RV)<\/td>\n<\/tr>\n<tr>\n<td rowspan=\"1\" width=\"40\">1997<\/td>\n<td rowspan=\"1\" width=\"177\">WM (Aiguebelette)<\/td>\n<td rowspan=\"1\" width=\"1061\">Gold im Leichtgewichts-Doppelvierer durch Christiane Brand (Mainzer RV)<\/td>\n<\/tr>\n<tr>\n<td rowspan=\"1\" width=\"40\">1996<\/td>\n<td rowspan=\"1\" width=\"177\">WM (Strathclyde)<\/td>\n<td rowspan=\"1\" width=\"1061\">Silber im Leichtgewichts-Doppelvierer durch Andreas Lutz , Alexander Lutz und Oliver Ibielski (alle Mainzer RV)<\/td>\n<\/tr>\n<tr>\n<td rowspan=\"1\" width=\"40\">1995<\/td>\n<td rowspan=\"1\" width=\"177\">WM (Tampere)<\/td>\n<td rowspan=\"1\" width=\"1061\">Silber im Leichtgewichts-Doppelvierer durch Andreas Lutz (Mainzer RV)<\/td>\n<\/tr>\n<tr>\n<td rowspan=\"1\" width=\"40\">1994<\/td>\n<td rowspan=\"1\" width=\"177\">WM (Indianapolis)<\/td>\n<td rowspan=\"1\" width=\"1061\">Silber im Doppelzweier durch Peter Uhrig (Wormser RG)<\/td>\n<\/tr>\n<tr>\n<td rowspan=\"1\" width=\"40\">1993<\/td>\n<td rowspan=\"1\" width=\"177\">WM (Racice)<\/td>\n<td rowspan=\"1\" width=\"1061\">Gold im Achter durch Martin Steffes-Mies (Mainzer RV)<\/td>\n<\/tr>\n<tr>\n<td rowspan=\"1\" width=\"40\">1993<\/td>\n<td rowspan=\"1\" width=\"177\">WM (Racice)<\/td>\n<td rowspan=\"1\" width=\"1061\">Silber im Leichtgewichts-Doppelvierer durch Klaus G\u00f6tte und Andreas Lutz (beide Mainzer RV)<\/td>\n<\/tr>\n<tr>\n<td rowspan=\"1\" width=\"40\">1992<\/td>\n<td rowspan=\"1\" width=\"177\">WM (Montreal)<\/td>\n<td rowspan=\"1\" width=\"1061\">Bronze im Leichtgewichts-Doppelvierer durch Klaus G\u00f6tte (Mainzer RV)<\/td>\n<\/tr>\n<tr>\n<td rowspan=\"1\" width=\"40\">1991<\/td>\n<td rowspan=\"1\" width=\"177\">WM (Wien)<\/td>\n<td rowspan=\"1\" width=\"1061\">Gold im Achter durch Martin Steffes-Mies (Mainzer RV)<\/td>\n<\/tr>\n<tr>\n<td rowspan=\"1\" width=\"40\">1990<\/td>\n<td rowspan=\"1\" width=\"177\">WM (Tasmanien)<\/td>\n<td rowspan=\"1\" width=\"1061\">Gold im Achter durch Martin Steffes-Mies (Mainzer RV)<\/td>\n<\/tr>\n<tr>\n<td rowspan=\"1\" width=\"40\">1989<\/td>\n<td rowspan=\"1\" width=\"177\">WM (Bled)<\/td>\n<td rowspan=\"1\" width=\"1061\">Bronze im Leichtgewichts-Achter durch Udo Hennig (Mainzer RG)<\/td>\n<\/tr>\n<tr>\n<td rowspan=\"1\" width=\"40\">1989<\/td>\n<td rowspan=\"1\" width=\"177\">WM (Bled)<\/td>\n<td rowspan=\"1\" width=\"1061\">Gold im Achter durch Martin Steffes-Mies (Mainzer RV)<\/td>\n<\/tr>\n<tr>\n<td rowspan=\"1\" width=\"40\">1987<\/td>\n<td rowspan=\"1\" width=\"177\">WM (Kopenhagen)<\/td>\n<td rowspan=\"1\" width=\"1061\">Silber im Leichtgewichts-Achter durch Udo Hennig und Detlef Glitsch (beide Mainzer RG)<\/td>\n<\/tr>\n<tr>\n<td rowspan=\"1\" width=\"40\">1986<\/td>\n<td rowspan=\"1\" width=\"177\">WM (Nottingham)<\/td>\n<td rowspan=\"1\" width=\"1061\">Silber im Leichtgewichts-Achter durch Udo Hennig und Detlef Glitsch (beide Mainzer RG)<\/td>\n<\/tr>\n<tr>\n<td rowspan=\"1\" width=\"40\">1984<\/td>\n<td rowspan=\"1\" width=\"177\">OS (Los Angeles)<\/td>\n<td rowspan=\"1\" width=\"1061\">Gold im Doppelvierer durch Albert Hedderich und Michael D\u00fcrsch (RV Ingelheim)<\/td>\n<\/tr>\n<tr>\n<td rowspan=\"1\" width=\"40\">1983<\/td>\n<td rowspan=\"1\" width=\"177\">WM (Duisburg)<\/td>\n<td rowspan=\"1\" width=\"1061\">Gold im Doppelvierer durch Albert Hedderich und Michael D\u00fcrsch (RV Ingelheim)<\/td>\n<\/tr>\n<tr>\n<td rowspan=\"1\" width=\"40\">1982<\/td>\n<td rowspan=\"1\" width=\"177\">WM (Luzern)<\/td>\n<td rowspan=\"1\" width=\"1061\">Silber im Doppelvierer durch Albert Hedderich und Michael D\u00fcrsch (RV Ingelheim)<\/td>\n<\/tr>\n<tr>\n<td rowspan=\"1\" width=\"40\">1979<\/td>\n<td rowspan=\"1\" width=\"177\">WM (Bled)<\/td>\n<td rowspan=\"1\" width=\"1061\">Silber im Doppelvierer durch Albert Hedderich und Michael D\u00fcrsch (RV Ingelheim)<\/td>\n<\/tr>\n<tr>\n<td rowspan=\"1\" width=\"40\">1978<\/td>\n<td rowspan=\"1\" width=\"177\">WM (Neuseeland)<\/td>\n<td rowspan=\"1\" width=\"1061\">Bronze im Doppelvierer durch Albert Hedderich und Michael D\u00fcrsch (RV Ingelheim)<\/td>\n<\/tr>\n<tr>\n<td rowspan=\"1\" width=\"40\">1978<\/td>\n<td rowspan=\"1\" width=\"177\">WM (Neuseeland)<\/td>\n<td rowspan=\"1\" width=\"1061\">Silber im Achter durch Diethelm Maxrath, Thomas Scholl, Werner Hellwig und Heribert Karches (alle Mainzer RV)<\/td>\n<\/tr>\n<tr>\n<td rowspan=\"1\" width=\"40\">1977<\/td>\n<td rowspan=\"1\" width=\"177\">WM (Amsterdam)<\/td>\n<td rowspan=\"1\" width=\"1061\">Bronze im Achter durch Diethelm Maxrath (Mainzer RV)<\/td>\n<\/tr>\n<tr>\n<td rowspan=\"1\" width=\"40\">1969<\/td>\n<td rowspan=\"1\" width=\"177\">EM (Klagenfurt)<\/td>\n<td rowspan=\"1\" width=\"1061\">Bronze im Achter durch Achim Wienstroer (Wormser RG)<\/td>\n<\/tr>\n<tr>\n<td rowspan=\"1\" width=\"40\">1967<\/td>\n<td rowspan=\"1\" width=\"177\">EM (Vichy)<\/td>\n<td rowspan=\"1\" width=\"1061\">Gold im Achter durch Roland B\u00f6se (Binger RG)<\/td>\n<\/tr>\n<\/tbody>\n<\/table>\n","protected":false},"excerpt":{"rendered":"<p>Internationale Erfolge bei Olympischen Spielen (OS), Weltmeisterschaften (WM) und Europameisterschaften (EM) 2019 WM in Linz (AUT) Bronze f\u00fcr Jason Osborne (Mainzer RV) im Leichtgewichts-Doppelzweier EM in Luzern (SUI) Gold f\u00fcr Jason Osborne (Mainzer RV) im Leichtgewichts-Doppelzweier 2018 WM in Plovdiv (BUL) Gold f\u00fcr Moritz Moos (Mainzer RV) im Leichtgewichts-Doppelvierer Gold f\u00fcr Jason Osborne (Mainzer RV) &hellip; <\/p>\n<p class=\"link-more\"><a href=\"https:\/\/ruderverband-suedwest.de\/?page_id=174\" class=\"more-link\"><span class=\"screen-reader-text\">\u201eInternationale Erfolge\u201c<\/span> weiterlesen<\/a><\/p>\n","protected":false},"author":1,"featured_media":0,"parent":0,"menu_order":0,"comment_status":"closed","ping_status":"closed","template":"","meta":{"footnotes":""},"class_list":["post-174","page","type-page","status-publish","hentry"],"_links":{"self":[{"href":"https:\/\/ruderverband-suedwest.de\/index.php?rest_route=\/wp\/v2\/pages\/174","targetHints":{"allow":["GET"]}}],"collection":[{"href":"https:\/\/ruderverband-suedwest.de\/index.php?rest_route=\/wp\/v2\/pages"}],"about":[{"href":"https:\/\/ruderverband-suedwest.de\/index.php?rest_route=\/wp\/v2\/types\/page"}],"author":[{"embeddable":true,"href":"https:\/\/ruderverband-suedwest.de\/index.php?rest_route=\/wp\/v2\/users\/1"}],"replies":[{"embeddable":true,"href":"https:\/\/ruderverband-suedwest.de\/index.php?rest_route=%2Fwp%2Fv2%2Fcomments&post=174"}],"version-history":[{"count":3,"href":"https:\/\/ruderverband-suedwest.de\/index.php?rest_route=\/wp\/v2\/pages\/174\/revisions"}],"predecessor-version":[{"id":549,"href":"https:\/\/ruderverband-suedwest.de\/index.php?rest_route=\/wp\/v2\/pages\/174\/revisions\/549"}],"wp:attachment":[{"href":"https:\/\/ruderverband-suedwest.de\/index.php?rest_route=%2Fwp%2Fv2%2Fmedia&parent=174"}],"curies":[{"name":"wp","href":"https:\/\/api.w.org\/{rel}","templated":true}]}}