{"id":1749,"date":"2026-04-20T19:32:55","date_gmt":"2026-04-20T19:32:55","guid":{"rendered":"https:\/\/ruderverband-suedwest.de\/?page_id=1749"},"modified":"2026-04-20T20:01:15","modified_gmt":"2026-04-20T20:01:15","slug":"8-athletinnen-und-athleten-auf-dem-podium-bei-derdeutschen-kleinbootmeisterschaft-und-der-erstenkleinbootueberpruefung-der-junioren-in-muenchen","status":"publish","type":"page","link":"https:\/\/ruderverband-suedwest.de\/?page_id=1749","title":{"rendered":"8 Athletinnen und Athleten auf dem Podium bei der Deutschen Kleinbootmeisterschaft und der ersten Kleinboot\u00fcberpr\u00fcfung der Junioren in M\u00fcnchen"},"content":{"rendered":"\n<p><br><strong>von Larina Wiesen<\/strong><\/p>\n\n\n\n<p>Alle U23- und A-Sportler treten hier gemeinsam im normalen Meisterschaftsmodus mit<br>Vorlauf, Ho\ufb00nungslauf oder Viertelfinale, Halbfinale und Finale in Einern oder Zweiern<br>ohne Steuermann gegeneinander an. Am Ende werden die Meisterinnen und Meister in<br>den Kleinbooten geehrt.<br>Insgesamt konnten in diesem Jahr vier Athletinnen und Athleten bei dieser Deutschen<br>Kleinbootmeisterschaft auf das Podium fahren.<br><strong>Frauen-Einer<\/strong><br>Im Frauen-Einer startete Katharina Bauer (RV Treviris Trier) sehr stark in die<br>Meisterschaftsrennen und konnte sich mit mutigen Rennen \u00fcber Vorlauf und Viertelfinale<br>f\u00fcr die Top 12 im hart umk\u00e4mpften Feld der deutschen Frauen-Einer qualifizieren. Am<br>Ende reichte es im B-Finale f\u00fcr den zw\u00f6lften Platz insgesamt.<br>Alicia Bohn (RG Treis-Karden) fuhr in der gleichen Konkurrenz auf den 21. Platz, Lea<br>Kaden (RV Treviris Trier) musste am Sonntag leider zum Finale abmelden.<br><strong>M\u00e4nner-Einer<\/strong><br>Bei seiner ersten gro\u00dfen Deutschen Meisterschaft konnte Jonathan Fricke (Mainzer RV)<br>wichtige Rennerfahrung sammeln und wurde am Ende 29.<br><strong>Leichtgewichts-Frauen-Einer<\/strong><br>Sarah Kaden (RV Treviris Trier) zeigte im Ho\ufb00nungslauf des Leichtgewichts-Frauen-Einers<br>mit Sicherheit ihr st\u00e4rkstes Rennen an diesem Meisterschafts-Wochenende. Am Ende<br>reicht es im B-Finale f\u00fcr den zehnten Platz.<br>Die Vorjahres-Meisterin Natalie Weber (GTRV Neuwied) musste leider am Sonntag zum B-<br>Finale abmelden.<br><strong>Leichtgewichts-M\u00e4nner-Einer<\/strong><br>Maximilian R\u00fchling (Mainzer RV) konnte im Leichtgewichts-M\u00e4nner-Einer mit starken<br>Rennen \u00fcberzeugen. Musste er sich im Halbfinale noch seinem Doppelzweier-Partner aus<br>Kassel von der U23-WM im Vorjahr geschlagen geben, so konnte er diesen im A-Finale<br>souver\u00e4n schlagen und sicherte sich am Ende die Silbermedaille und damit den Sieg in<br>der U23-Wertung.<br>Auch Luca Britten (Saarbr\u00fccker RG Undine) zeigte starke Leistungen und verpasste am<br>Ende das Podium nur knapp mit einem starken vierten Platz.<br>Lars Kirchen (Saarbr\u00fccker RG Undine) wurde neunter und Hannes Ihmann (Saarbr\u00fccker<br>RG Undine) fuhr auf den 19. Platz.<br><strong>Frauen-Zweier ohne Steuerfrau<\/strong><br>Im Frauen-Zweier ohne Steuerfrau war der Ruderverband S\u00fcdwest direkt mit drei<br>Athletinnen auf dem Podium vertreten. W\u00e4hrend das Geschwister-Duo mit Annabelle und<br>Luise Bachmann (RV Ingelheim) sich von Rennen zu Rennen besser zusammenfinden und<br>steigern konnte, \u00fcberraschte der U23-Zweier mit Raphaela Werner (Mainzer RV) und Partnerin Lene Holkenbrink (RC Allemannia Hamburg) bereits im Vorlauf mit einem Sieg.<br>Im Finale k\u00e4mpften beide Boote lange Bug an Bug um die Silbermedaille, bis sich auf den<br>zweiten 1000 Metern dann das Schwester-Duo durchsetzen konnte. Somit geht die<br>Silbermedaille an Annabelle und Luise, w\u00e4hrend Raphaela die Bronzemedaille und damit<br>den Sieg in der U23-Wertung feiern konnte.<br>Anne Kistenpfennig (Mainzer RV) fuhr in einer spontan zusammengesetzten Kombination<br>mit ihrer Partnerin Leonie Grube aus Magdeburg auf den 22. Platz.<br><strong>M\u00e4nner-Zweier ohne Steuermann<\/strong><br>Seinen Erfolg vom Vorjahr wiederholen konnte Leon Gronbach (RG Speyer) mit seinem<br>neuen Partner Justus Beckmann (RV Bochum). Die beiden U23-Athleten wurden in der<br>Konkurrenz mit vielen starken A-Booten am Ende siebtschnellster Zweier und gewannen<br>damit zeitgleich die Wertung der U23-Athleten.<br>Sein Vereinskollege Ole Bartenbach (RG Speyer) mit seinem Partner Kaspar Virnek\u00e4s<br>(MRC) erwischte ein schweres Viertelfinale, sodass er sich am Ende mit Platz 13 und dem<br>souver\u00e4nen Sieg im C-Finale zufrieden geben musste.<br>Im F-Finale dieser Konkurrenz fuhren Emil Beck und Max Baumann (Saarbr\u00fccker RG<br>Undine) auf den zweiten Platz und beenden die Regatta damit auf Platz 31.<br><\/p>\n\n\n\n<p>Im U19-Bereich starten alle Athletinnen im Zweier ohne Steuermann oder im Einer, wobei<br>der Wettkampfmodus hier anders ist als bei den Senioren. Die Junioren starten zun\u00e4chst<br>in Vorl\u00e4ufen, in denen sie sich mit Platz 1 bis 3 f\u00fcr die Top 18 qualifizieren. Dann findet ein<br>Zwischenlauf statt, in denen sich die ersten beiden f\u00fcr das A-Finale, Pl\u00e4tze drei und vier<br>f\u00fcr das B-Finale und Pl\u00e4tze f\u00fcnf und sechs f\u00fcr das C-Finale qualifizieren. Das gleiche<br>Prozedere gilt f\u00fcr die Pl\u00e4tze 19 bis 36, die unter den Athletinnen und Athleten ausgefahren<br>werden, die im Vorlauf Platz vier bis sechs belegt haben.<br>Hinzu kommen am Sonntag-Nachmittag Rennen in &#8211; durch den Bundestrainer gesetzten &#8211;<br>L\u00e4ufen im Doppelzweier und Vierer ohne Steuermann.<br>Insgesamt konnte der Ruderverband S\u00fcdwest mit drei Mannschaften auf das Podium<br>dieser ersten Leistungs\u00fcberpr\u00fcfung fahren.<br><strong>Juniorinnen-Einer<\/strong><br>Auch wenn sie mittlerweile seit einigen Jahren am Sportinternat Ratzeburg trainiert,<br>startet Elena Schweisthal nach wie vor f\u00fcr ihren Heimatverein &#8211; den Bernkasteler<br>Ruderverein. Nachdem sie bereits im Vorjahr bei der U19-Weltmeisterschaft im<br>Juniorinnen-Doppelvierer erste internationale Erfahrungen sammeln konnte, hat sie in<br>M\u00fcnchen ihre starke Entwicklung mit dem zweiten Platz im Juniorinnen-Einer<br>unterstreichen und sich erneut in Position f\u00fcr die U19-Nationalmannschaft bringen<br>k\u00f6nnen.<br>Eine weitere super Platzierung erruderte sich Anneke Ihmann (Saarbr\u00fccker RG Undine).<br>Bisher war sie als Leichtgewichts-Ruderin erfolgreich gewesen und konnte sich nun in der<br>o\ufb00enen Klasse bei der ersten Leistungs\u00fcberpr\u00fcfung den 14. Platz sichern.<br>Nach etwas Pech in den Vorl\u00e4ufen landeten Greta Pohl (Bernkasteler RV), Antonia<br>Stauder (Mainzer RV) und Johanna M\u00fcller (Ludwigshafener RV) im Kampf um die Pl\u00e4tze<br>19 bis 36. Hier konnten sie aber von Rennen zu Rennen \u00fcberzeugen, sodass Greta 19.,<br>Antonia 20. und Johanna 22. im Juniorinnen-Einer wurde.<br>Aufgrund von gesundheitlichen Schwierigkeiten musste Janna Friedrich (Bernkasteler RV)<br>sich mit Platz 27 in diesem Feld zufrieden geben.<br><strong>Junioren-Einer<\/strong><br>Letztes Jahr noch zusammen im Junior-Zweier ohne Steuermann am Start, dieses Jahr<br>zusammen im A-Finale im Einer unterwegs waren Aron Sch\u00e4fer (Bernkasteler RV) und Jan Bornemann (Mainzer RV). Als einziges Bundesland mit zwei Junior-Einern im ersten Finale<br>hat Aron dem Ergebnis mit einem starken zweiten Platz die Krone aufsetzen k\u00f6nnen, Jan<br>wurde in einem engen Rennen sechster. Beide haben sich somit in den Kreis der Top 8<br>hinein gerudert und werden somit in den n\u00e4chsten Wochen auch um die U19-<br>Nationalmannschaft k\u00e4mpfen.<br>Zus\u00e4tzlich zu diesen Platzierungen im A-Finale hat sich Fabrice Rhein (Saarbr\u00fccker RG<br>Undine) in seinem ersten U19-Jahr auf den 19. Platz vorarbeiten k\u00f6nnen. Fritz M\u00f6nch<br>(Saarbr\u00fccker RG Undine) wurde 39. und Luca Nelius (Koblenzer RC Rhenania) 52.<br><strong>Junioren-Zweier ohne Steuermann<\/strong><br>Im Junioren-Zweier ohne Steuermann war der Ruderverband S\u00fcdwest mit zwei<br>Mannschaften vertreten, von denen eine sich die Bronzemedaille erk\u00e4mpfen konnte. In<br>packenden Rennen haben sich Max Br\u00fcckelmeier (Binger RG) und Christopher<br>Constantin Pahling (Mainzer RV) jeweils \u00fcber die zweiten 1000 Meter weit nach vorne<br>arbeiten und landeten am Ende auf Platz drei.<br>F\u00fcr Jason Gr\u00fcn (Saarbr\u00fccker RG Undine) und Julian Schmidt (RV Treviris Trier) reichte es<br>am Ende f\u00fcr Platz 27.<br><\/p>\n\n\n\n<p>F\u00fcr die A-Mannschaft geht es jetzt bereits in die Mannschaftsbildung f\u00fcr den ersten<br>Weltcup, der vom 29. bis 31. Mai 2026 in Sevilla (Spanien) stattfinden wird. Die U23-<br>Athletinnen und -Athleten treten als n\u00e4chstes vom 15. bis 17. Mai 2026 in Mittelbooten<br>im tschechischen Racice gegeneinander an. F\u00fcr die U19-Athletinnen und -Athleten findet<br>der n\u00e4chste Vergleichswettkampf vom 9. bis 10. Mai 2026 bei der internationalen<br>Junioren-Regatta in M\u00fcnchen statt, wo es unter anderem auch um die Pl\u00e4tze f\u00fcr die<br>Junioren-Europameisterschaft Ende Mai in Brandenburg gehen wird.<br>Wir w\u00fcnschen allen unseren Athletinnen und Athleten viel Erfolg f\u00fcr die anstehenden<br>Wettk\u00e4mpfe!<\/p>\n\n\n\n<figure class=\"wp-block-image size-large\"><img loading=\"lazy\" decoding=\"async\" width=\"682\" height=\"1024\" src=\"https:\/\/ruderverband-suedwest.de\/wp-content\/uploads\/2026\/04\/AronSchaeferKB2026-682x1024.jpg\" alt=\"\" class=\"wp-image-1761\" srcset=\"https:\/\/ruderverband-suedwest.de\/wp-content\/uploads\/2026\/04\/AronSchaeferKB2026-682x1024.jpg 682w, https:\/\/ruderverband-suedwest.de\/wp-content\/uploads\/2026\/04\/AronSchaeferKB2026-200x300.jpg 200w, https:\/\/ruderverband-suedwest.de\/wp-content\/uploads\/2026\/04\/AronSchaeferKB2026-768x1152.jpg 768w, https:\/\/ruderverband-suedwest.de\/wp-content\/uploads\/2026\/04\/AronSchaeferKB2026.jpg 853w\" sizes=\"auto, (max-width: 682px) 100vw, 682px\" \/><\/figure>\n\n\n\n<figure class=\"wp-block-image size-large\"><img loading=\"lazy\" decoding=\"async\" width=\"682\" height=\"1024\" src=\"https:\/\/ruderverband-suedwest.de\/wp-content\/uploads\/2026\/04\/ElenaSchweisthal2026KB-682x1024.jpg\" alt=\"\" class=\"wp-image-1762\" srcset=\"https:\/\/ruderverband-suedwest.de\/wp-content\/uploads\/2026\/04\/ElenaSchweisthal2026KB-682x1024.jpg 682w, https:\/\/ruderverband-suedwest.de\/wp-content\/uploads\/2026\/04\/ElenaSchweisthal2026KB-200x300.jpg 200w, https:\/\/ruderverband-suedwest.de\/wp-content\/uploads\/2026\/04\/ElenaSchweisthal2026KB-768x1152.jpg 768w, https:\/\/ruderverband-suedwest.de\/wp-content\/uploads\/2026\/04\/ElenaSchweisthal2026KB.jpg 853w\" sizes=\"auto, (max-width: 682px) 100vw, 682px\" \/><\/figure>\n\n\n\n<figure class=\"wp-block-image size-large\"><img loading=\"lazy\" decoding=\"async\" width=\"682\" height=\"1024\" src=\"https:\/\/ruderverband-suedwest.de\/wp-content\/uploads\/2026\/04\/JuniorenZweier2026KB-682x1024.jpg\" alt=\"\" class=\"wp-image-1764\" srcset=\"https:\/\/ruderverband-suedwest.de\/wp-content\/uploads\/2026\/04\/JuniorenZweier2026KB-682x1024.jpg 682w, https:\/\/ruderverband-suedwest.de\/wp-content\/uploads\/2026\/04\/JuniorenZweier2026KB-200x300.jpg 200w, https:\/\/ruderverband-suedwest.de\/wp-content\/uploads\/2026\/04\/JuniorenZweier2026KB-768x1152.jpg 768w, https:\/\/ruderverband-suedwest.de\/wp-content\/uploads\/2026\/04\/JuniorenZweier2026KB.jpg 853w\" sizes=\"auto, (max-width: 682px) 100vw, 682px\" \/><\/figure>\n","protected":false},"excerpt":{"rendered":"<p>von Larina Wiesen Alle U23- und A-Sportler treten hier gemeinsam im normalen Meisterschaftsmodus mitVorlauf, Ho\ufb00nungslauf oder Viertelfinale, Halbfinale und Finale in Einern oder Zweiernohne Steuermann gegeneinander an. Am Ende werden die Meisterinnen und Meister inden Kleinbooten geehrt.Insgesamt konnten in diesem Jahr vier Athletinnen und Athleten bei dieser DeutschenKleinbootmeisterschaft auf das Podium fahren.Frauen-EinerIm Frauen-Einer startete Katharina &hellip; <\/p>\n<p class=\"link-more\"><a href=\"https:\/\/ruderverband-suedwest.de\/?page_id=1749\" class=\"more-link\"><span class=\"screen-reader-text\">\u201e8 Athletinnen und Athleten auf dem Podium bei der Deutschen Kleinbootmeisterschaft und der ersten Kleinboot\u00fcberpr\u00fcfung der Junioren in M\u00fcnchen\u201c<\/span> weiterlesen<\/a><\/p>\n","protected":false},"author":1,"featured_media":0,"parent":0,"menu_order":0,"comment_status":"closed","ping_status":"closed","template":"","meta":{"footnotes":""},"class_list":["post-1749","page","type-page","status-publish","hentry"],"_links":{"self":[{"href":"https:\/\/ruderverband-suedwest.de\/index.php?rest_route=\/wp\/v2\/pages\/1749","targetHints":{"allow":["GET"]}}],"collection":[{"href":"https:\/\/ruderverband-suedwest.de\/index.php?rest_route=\/wp\/v2\/pages"}],"about":[{"href":"https:\/\/ruderverband-suedwest.de\/index.php?rest_route=\/wp\/v2\/types\/page"}],"author":[{"embeddable":true,"href":"https:\/\/ruderverband-suedwest.de\/index.php?rest_route=\/wp\/v2\/users\/1"}],"replies":[{"embeddable":true,"href":"https:\/\/ruderverband-suedwest.de\/index.php?rest_route=%2Fwp%2Fv2%2Fcomments&post=1749"}],"version-history":[{"count":9,"href":"https:\/\/ruderverband-suedwest.de\/index.php?rest_route=\/wp\/v2\/pages\/1749\/revisions"}],"predecessor-version":[{"id":1768,"href":"https:\/\/ruderverband-suedwest.de\/index.php?rest_route=\/wp\/v2\/pages\/1749\/revisions\/1768"}],"wp:attachment":[{"href":"https:\/\/ruderverband-suedwest.de\/index.php?rest_route=%2Fwp%2Fv2%2Fmedia&parent=1749"}],"curies":[{"name":"wp","href":"https:\/\/api.w.org\/{rel}","templated":true}]}}