{"id":19,"date":"2017-09-16T15:08:06","date_gmt":"2017-09-16T15:08:06","guid":{"rendered":"http:\/\/ruderverband-suedwest.de\/?page_id=19"},"modified":"2024-05-15T10:53:42","modified_gmt":"2024-05-15T10:53:42","slug":"ehrungsordnung","status":"publish","type":"page","link":"https:\/\/ruderverband-suedwest.de\/?page_id=19","title":{"rendered":"Ehrungsordnung"},"content":{"rendered":"<p>Ehrungsordnung des Landesruderverbandes<\/p>\n<p>1. Ehrennadel<br \/>\nDer LRV kann in Anerkennung besonders verdienstvoller Mitarbeit in seinen Vereinen und Mitgliedsverb\u00e4nden an Ruderinnen und Ruderer eine Ehrennadel in Bronze, Silber und Gold verleihen.<\/p>\n<p>2. Meisternadel<br \/>\nF\u00fcr hervorragende sportliche Leistungen verleiht der LRV seine Meisternadeln in Bronze, Silber und Gold.<\/p>\n<p>3. Trainernadel<br \/>\nDer LRV verleiht f\u00fcr herausragende Trainert\u00e4tigkeit die Trainernadel in Gold, Silber und Bronze.<\/p>\n<p>4. Vorraussetzung f\u00fcr die Verleihung<br \/>\n4.1 Vorraussetzung f\u00fcr die Verleihung der Ehrennadel<br \/>\nIn Bronze: In der Regel f\u00fcr mindestens 10-j\u00e4hrige verdienstvolle T\u00e4tigkeit in Vereinen \u2028und Verb\u00e4nden<br \/>\nIn Silber: In der Regel f\u00fcr mindestens 20-j\u00e4hrige verdienstvolle T\u00e4tigkeit in Vereinen \u2028und Verb\u00e4nden<br \/>\nIn Gold: In der Regel f\u00fcr mindestens 30-j\u00e4hrige verdienstvolle T\u00e4tigkeit in Vereinen \u2028und Verb\u00e4nden oder<br \/>\nf\u00fcr besondere Verdienste im LRV oder in Bundesverb\u00e4nden<\/p>\n<p>Dar\u00fcber hinaus k\u00f6nnen Pers\u00f6nlichkeiten des \u00f6ffentlichen Lebens und Sponsoren mit einer dieser Ehrennadel, je nach Verdienst, ausgezeichnet werden.<\/p>\n<p>\u00dcber die Vergabe der Ehrennadel entscheidet der Vorstand des LRV auf Antrag.<\/p>\n<p>4.2 Vorraussetzung f\u00fcr die Verleihung der Meisternadel<br \/>\nIn Bronze: 1. &#8211; 3. Platz bei den FISA-Junioren-Weltmeisterschaften<br \/>\n1. Platz bei den Deutschen Meisterschaften A \u00fcber die Normalstrecke<br \/>\nIn Silber: 1. &#8211; 3- Platz FISA-U23-Weltmeisterschaften<br \/>\n2. &#8211; 3. Platz FISA-Weltmeisterschaften<br \/>\nIn Gold: 1. &#8211; 3. Platz Olympische Spiele<br \/>\n1. Platz FISA-Weltmeisterschaften<\/p>\n<p>Die Verleihung der Meisternadel erfolgt bei erbrachter sportlicher Leistung ohne Antrag durch den Vorsitzenden des LRV oder einen Vorsitzenden der Mitgliedsverb\u00e4nde.<br \/>\nDie Meisternadel soll in der Regel anl\u00e4sslich der S\u00fcdwestdeutschen Meisterschaften \u00fcbergeben werden.<\/p>\n<p>4.3 Vorraussetzung f\u00fcr die Verleihung der Trainernadel<br \/>\nIn Bronze: Erreichen einer FISA-Medaille (U19 \/ U23 \/ A-WM) durch die betreute Mannschaft (Bootstrainer)<br \/>\nIn Silber: 3 Mal erreichen einer FISA-Medaille (U19 \/ U23 \/ A-WM) durch die betreute Mannschaft (Bootstrainer)<br \/>\nIn Gold: Erreichen einer Medaille bei der Olympiade durch die betreute Mannschaft (Bootstrainer) oder\u00a06 Mal erreichen einer FISA-Medaille (U19 \/ U23 \/ A-WM) durch die betreute Mannschaft (Bootstrainer)<\/p>\n<p>Die Verleihung der Trainernadel erfolgt bei erbrachter Trainert\u00e4tigkeit durch den Vorsitzenden des LRV oder einen Vorsitzenden der Mitgliedsverb\u00e4nde. Die Trainernadel soll in der Regel anl\u00e4sslich des Trainertreffens des LRV nach der jeweiligen Saison \u00fcberreicht werden.<\/p>\n<p>5. Antragsverfahren f\u00fcr die Ehrennadel<br \/>\nAntragsberechtigt sind der Vorstand des LRV, seine Mitgliedsverb\u00e4nde und die den Mitgliedsverb\u00e4nden angeh\u00f6renden Rudervereine aus Rheinland-Pfalz.<br \/>\nDie Antr\u00e4ge sind mit einer schriftlichen Begr\u00fcndung formlos an den Vorstand des LRV zu richten. Die Antr\u00e4ge sollen mindestens 2 Monate vor dem vorgesehenen Verleihungsdatum vorliegen, damit evtl. R\u00fcckfragen bei den Vorstandsmitgliedern \u00fcber die Verleihung und gegebenfalls den Ort und die Zeit der Ehrung m\u00f6glich sind.<br \/>\n\u00dcber die Verleihung der Ehrennadel entscheidet der Vorstand des LRV. Die Auffassung des Mitgliedsverbandes dem der zu Ehrende angeh\u00f6rt, ist dabei zu ber\u00fccksichtigen.<\/p>\n<p>6. Weitere Ehrungen<br \/>\nPersonen, die sich in aussergew\u00f6hnlichem Ma\u00dfe um den Rudersport und den LRV bzw. seinen Mitgliedsverb\u00e4nden verdient gemacht haben, k\u00f6nnen zu Ehrenmitgliedern des LRV und langj\u00e4hrige verdienstvolle Vorsitzende des LRV zu Ehrenvorsitzenden des LRV ernannt werden.<br \/>\nHier\u00fcber entscheidet auf Vorschlag des Vorstandes des LRV der Landesrudertag, soweit dieses Verfahren nicht im Gegensatz zur Satzung des LRV steht.<\/p>\n<p>7. Ehrenurkunden \/ Ver\u00f6ffentlichung<br \/>\n\u00dcber die Ehrung werden Urkunden ausgestellt, die die Unterschrift des jeweiligen Vorsitzenden des LRV tragen.<br \/>\nDie Namen der geehrten Personen werden \u00fcber geeignete Medien ver\u00f6ffentlicht.<\/p>\n<p>Beschlossen auf der Vorstandssitzung am 31. August 2011 und sofort g\u00fcltig.<\/p>\n","protected":false},"excerpt":{"rendered":"<p>Ehrungsordnung des Landesruderverbandes 1. Ehrennadel Der LRV kann in Anerkennung besonders verdienstvoller Mitarbeit in seinen Vereinen und Mitgliedsverb\u00e4nden an Ruderinnen und Ruderer eine Ehrennadel in Bronze, Silber und Gold verleihen. 2. Meisternadel F\u00fcr hervorragende sportliche Leistungen verleiht der LRV seine Meisternadeln in Bronze, Silber und Gold. 3. Trainernadel Der LRV verleiht f\u00fcr herausragende Trainert\u00e4tigkeit die &hellip; <\/p>\n<p class=\"link-more\"><a href=\"https:\/\/ruderverband-suedwest.de\/?page_id=19\" class=\"more-link\"><span class=\"screen-reader-text\">\u201eEhrungsordnung\u201c<\/span> weiterlesen<\/a><\/p>\n","protected":false},"author":1,"featured_media":0,"parent":0,"menu_order":0,"comment_status":"closed","ping_status":"closed","template":"","meta":{"footnotes":""},"class_list":["post-19","page","type-page","status-publish","hentry"],"_links":{"self":[{"href":"https:\/\/ruderverband-suedwest.de\/index.php?rest_route=\/wp\/v2\/pages\/19","targetHints":{"allow":["GET"]}}],"collection":[{"href":"https:\/\/ruderverband-suedwest.de\/index.php?rest_route=\/wp\/v2\/pages"}],"about":[{"href":"https:\/\/ruderverband-suedwest.de\/index.php?rest_route=\/wp\/v2\/types\/page"}],"author":[{"embeddable":true,"href":"https:\/\/ruderverband-suedwest.de\/index.php?rest_route=\/wp\/v2\/users\/1"}],"replies":[{"embeddable":true,"href":"https:\/\/ruderverband-suedwest.de\/index.php?rest_route=%2Fwp%2Fv2%2Fcomments&post=19"}],"version-history":[{"count":6,"href":"https:\/\/ruderverband-suedwest.de\/index.php?rest_route=\/wp\/v2\/pages\/19\/revisions"}],"predecessor-version":[{"id":1189,"href":"https:\/\/ruderverband-suedwest.de\/index.php?rest_route=\/wp\/v2\/pages\/19\/revisions\/1189"}],"wp:attachment":[{"href":"https:\/\/ruderverband-suedwest.de\/index.php?rest_route=%2Fwp%2Fv2%2Fmedia&parent=19"}],"curies":[{"name":"wp","href":"https:\/\/api.w.org\/{rel}","templated":true}]}}