{"id":228,"date":"2017-10-15T16:17:21","date_gmt":"2017-10-15T16:17:21","guid":{"rendered":"http:\/\/ruderverband-suedwest.de\/?page_id=228"},"modified":"2017-10-15T16:17:21","modified_gmt":"2017-10-15T16:17:21","slug":"allgemein-2","status":"publish","type":"page","link":"https:\/\/ruderverband-suedwest.de\/?page_id=228","title":{"rendered":"Allgemein"},"content":{"rendered":"<p>Als Dachorganisation des organisierten Rudersports an der Saar f\u00f6rdern und unterst\u00fctzen wir den Leistungssport bis in die Weltspitze. Dies vom Kinder- und Jugendrudern, \u00fcber den Junioren bis hin zum Spitzen-Kader. Ohne Breite keine Spitze: Wir bieten mit unseren Vereinen Heimat f\u00fcr alle Freizeit- und Mastersruderer an der Saar. Sowohl im Wettkampf, als auch im reinen Freizeitsport findet jeder seinen Platz. Wir bieten ein idyllisches Wanderruderrevier mit besonderen \u00dcbernachtungsm\u00f6glichkeiten in unserem Bootshaus an der Saarschleife. In Grenzn\u00e4he pflegen wir langj\u00e4hrige Freundschaften zu unseren franz\u00f6sischen Ruderkameraden.<\/p>\n","protected":false},"excerpt":{"rendered":"<p>Als Dachorganisation des organisierten Rudersports an der Saar f\u00f6rdern und unterst\u00fctzen wir den Leistungssport bis in die Weltspitze. Dies vom Kinder- und Jugendrudern, \u00fcber den Junioren bis hin zum Spitzen-Kader. Ohne Breite keine Spitze: Wir bieten mit unseren Vereinen Heimat f\u00fcr alle Freizeit- und Mastersruderer an der Saar. Sowohl im Wettkampf, als auch im reinen &hellip; <\/p>\n<p class=\"link-more\"><a href=\"https:\/\/ruderverband-suedwest.de\/?page_id=228\" class=\"more-link\"><span class=\"screen-reader-text\">\u201eAllgemein\u201c<\/span> weiterlesen<\/a><\/p>\n","protected":false},"author":1,"featured_media":0,"parent":0,"menu_order":0,"comment_status":"closed","ping_status":"closed","template":"","meta":{"footnotes":""},"class_list":["post-228","page","type-page","status-publish","hentry"],"_links":{"self":[{"href":"https:\/\/ruderverband-suedwest.de\/index.php?rest_route=\/wp\/v2\/pages\/228","targetHints":{"allow":["GET"]}}],"collection":[{"href":"https:\/\/ruderverband-suedwest.de\/index.php?rest_route=\/wp\/v2\/pages"}],"about":[{"href":"https:\/\/ruderverband-suedwest.de\/index.php?rest_route=\/wp\/v2\/types\/page"}],"author":[{"embeddable":true,"href":"https:\/\/ruderverband-suedwest.de\/index.php?rest_route=\/wp\/v2\/users\/1"}],"replies":[{"embeddable":true,"href":"https:\/\/ruderverband-suedwest.de\/index.php?rest_route=%2Fwp%2Fv2%2Fcomments&post=228"}],"version-history":[{"count":1,"href":"https:\/\/ruderverband-suedwest.de\/index.php?rest_route=\/wp\/v2\/pages\/228\/revisions"}],"predecessor-version":[{"id":229,"href":"https:\/\/ruderverband-suedwest.de\/index.php?rest_route=\/wp\/v2\/pages\/228\/revisions\/229"}],"wp:attachment":[{"href":"https:\/\/ruderverband-suedwest.de\/index.php?rest_route=%2Fwp%2Fv2%2Fmedia&parent=228"}],"curies":[{"name":"wp","href":"https:\/\/api.w.org\/{rel}","templated":true}]}}