{"id":238,"date":"2017-10-15T16:31:13","date_gmt":"2017-10-15T16:31:13","guid":{"rendered":"http:\/\/ruderverband-suedwest.de\/?page_id=238"},"modified":"2022-07-05T11:01:05","modified_gmt":"2022-07-05T11:01:05","slug":"vorstand-5","status":"publish","type":"page","link":"https:\/\/ruderverband-suedwest.de\/?page_id=238","title":{"rendered":"Vorstand"},"content":{"rendered":"<p><strong>Ehrenvorsitzende<\/strong><br \/>\nTed Iven (RCS)<br \/>\nErnst Schmitt (UNDINE)<br \/>\nEike Wolff (RCS)<\/p>\n<p><strong>1. Vorsitzender<\/strong><br \/>\nArne Bach<\/p>\n<p><strong>2. Vorsitzender<\/strong><br \/>\nProf. Dr. Volker Schmitt<\/p>\n<p><strong>Kassenwart<\/strong><br \/>\nHans-J\u00fcrgen F\u00f6rster<\/p>\n<p><strong>Schriftwart<\/strong><br \/>\nDr. Christoph K\u00f6nig<\/p>\n<p><strong>Fachwart f\u00fcr Rennrudern<\/strong><br \/>\nMatthias Sch\u00f6mann-Finck<\/p>\n<p><strong>Fachwart f\u00fcr Wanderrudern<\/strong><br \/>\nDieter Baasch<\/p>\n<p><strong>Fachwart f\u00fcr Frauenrudern<\/strong><br \/>\nHeike Rau<\/p>\n<p><strong>Fachwart\u00a0 Masters-Rudern<\/strong><br \/>\naktuell nicht besetzt<\/p>\n<p><strong>Jugendwart<\/strong><br \/>\nMike Ke\u00dfler<\/p>\n<p><strong>Pressewart<\/strong><br \/>\naktuell nicht besetzt<\/p>\n<p><strong>Bootswart<\/strong><br \/>\nRobert Reiter<\/p>\n<p><strong>Hauswart Dreisbach<\/strong><br \/>\nHarald Zimmermann<\/p>\n","protected":false},"excerpt":{"rendered":"<p>Ehrenvorsitzende Ted Iven (RCS) Ernst Schmitt (UNDINE) Eike Wolff (RCS) 1. Vorsitzender Arne Bach 2. Vorsitzender Prof. Dr. Volker Schmitt Kassenwart Hans-J\u00fcrgen F\u00f6rster Schriftwart Dr. Christoph K\u00f6nig Fachwart f\u00fcr Rennrudern Matthias Sch\u00f6mann-Finck Fachwart f\u00fcr Wanderrudern Dieter Baasch Fachwart f\u00fcr Frauenrudern Heike Rau Fachwart\u00a0 Masters-Rudern aktuell nicht besetzt Jugendwart Mike Ke\u00dfler Pressewart aktuell nicht besetzt Bootswart &hellip; <\/p>\n<p class=\"link-more\"><a href=\"https:\/\/ruderverband-suedwest.de\/?page_id=238\" class=\"more-link\"><span class=\"screen-reader-text\">\u201eVorstand\u201c<\/span> weiterlesen<\/a><\/p>\n","protected":false},"author":1,"featured_media":0,"parent":0,"menu_order":0,"comment_status":"closed","ping_status":"closed","template":"","meta":{"footnotes":""},"class_list":["post-238","page","type-page","status-publish","hentry"],"_links":{"self":[{"href":"https:\/\/ruderverband-suedwest.de\/index.php?rest_route=\/wp\/v2\/pages\/238","targetHints":{"allow":["GET"]}}],"collection":[{"href":"https:\/\/ruderverband-suedwest.de\/index.php?rest_route=\/wp\/v2\/pages"}],"about":[{"href":"https:\/\/ruderverband-suedwest.de\/index.php?rest_route=\/wp\/v2\/types\/page"}],"author":[{"embeddable":true,"href":"https:\/\/ruderverband-suedwest.de\/index.php?rest_route=\/wp\/v2\/users\/1"}],"replies":[{"embeddable":true,"href":"https:\/\/ruderverband-suedwest.de\/index.php?rest_route=%2Fwp%2Fv2%2Fcomments&post=238"}],"version-history":[{"count":6,"href":"https:\/\/ruderverband-suedwest.de\/index.php?rest_route=\/wp\/v2\/pages\/238\/revisions"}],"predecessor-version":[{"id":760,"href":"https:\/\/ruderverband-suedwest.de\/index.php?rest_route=\/wp\/v2\/pages\/238\/revisions\/760"}],"wp:attachment":[{"href":"https:\/\/ruderverband-suedwest.de\/index.php?rest_route=%2Fwp%2Fv2%2Fmedia&parent=238"}],"curies":[{"name":"wp","href":"https:\/\/api.w.org\/{rel}","templated":true}]}}