{"id":302,"date":"2018-05-23T20:10:02","date_gmt":"2018-05-23T20:10:02","guid":{"rendered":"http:\/\/ruderverband-suedwest.de\/?page_id=302"},"modified":"2018-05-23T20:10:02","modified_gmt":"2018-05-23T20:10:02","slug":"datenschutzerklaerung","status":"publish","type":"page","link":"https:\/\/ruderverband-suedwest.de\/?page_id=302","title":{"rendered":"Datenschutzerkl\u00e4rung"},"content":{"rendered":"<p>Der Schutz aller personenbezogenen Daten ist dem Ruderverband S\u00fcdwest e.V. wichtig. Deshalb informieren wir auf diesem Wege \u00fcber die Speicherung, Verarbeitung und L\u00f6schung der Daten in unserem Verband.<\/p>\n<h2>Verwendung personenbezogener Daten<\/h2>\n<p>Der Ruderverband S\u00fcdwest e.V. verpflichtet sich, die ihm zug\u00e4nglich gemachten personenbezogenen Daten nicht an Dritte weiterzugeben, insbesondere nicht zu kommerziellen Zwecken zu verwenden.<\/p>\n<h2>Film- und Fotoaufnahmen<\/h2>\n<p>Im Rahmen der \u00d6ffentlichkeitsarbeit des Verbandes werden Film- und Fotoaufnahmen auf der Homepage, sowie sonstigen Medien zur Berichterstattung, unentgeltlich weitergegeben. Jeder Teilnehmer an Veranstaltungen, die vom Ruderverband S\u00fcdwest e.V. alleine oder gemeinsam mit anderen ausgerichtet werden, erkl\u00e4rt sich mit dieser Weitergabe von Abbildungen seiner Person einverstanden. Ein Widerspruch ist vor oder bei derartigen Aufnahmen ausdr\u00fccklich zu \u00e4u\u00dfern.<\/p>\n<h2>Auskunft und Widerruf<\/h2>\n<p>Jedes Mitglied kann jederzeit Auskunft \u00fcber seine gespeicherten personenbezogenen Daten verlangen.<br \/>\nDar\u00fcber hinaus steht es jedem Mitglied frei, jederzeit seine Einwilligung in die Speicherung seiner Daten zu widerrufen.<\/p>\n<h2>Datenschutzbeauftragter<\/h2>\n<p>Der Ruderverband S\u00fcdwest e.V. hat einen Datenschutzbeauftragten bestellt. Dieser ist unter <a href=\"mailto:datenschutz@ruderverband-suedwest.de\">datenschutz@ruderverband-suedwest.de<\/a>\u00a0erreichbar.<\/p>\n","protected":false},"excerpt":{"rendered":"<p>Der Schutz aller personenbezogenen Daten ist dem Ruderverband S\u00fcdwest e.V. wichtig. Deshalb informieren wir auf diesem Wege \u00fcber die Speicherung, Verarbeitung und L\u00f6schung der Daten in unserem Verband. Verwendung personenbezogener Daten Der Ruderverband S\u00fcdwest e.V. verpflichtet sich, die ihm zug\u00e4nglich gemachten personenbezogenen Daten nicht an Dritte weiterzugeben, insbesondere nicht zu kommerziellen Zwecken zu verwenden. Film- &hellip; <\/p>\n<p class=\"link-more\"><a href=\"https:\/\/ruderverband-suedwest.de\/?page_id=302\" class=\"more-link\"><span class=\"screen-reader-text\">\u201eDatenschutzerkl\u00e4rung\u201c<\/span> weiterlesen<\/a><\/p>\n","protected":false},"author":1,"featured_media":0,"parent":0,"menu_order":0,"comment_status":"closed","ping_status":"closed","template":"","meta":{"footnotes":""},"class_list":["post-302","page","type-page","status-publish","hentry"],"_links":{"self":[{"href":"https:\/\/ruderverband-suedwest.de\/index.php?rest_route=\/wp\/v2\/pages\/302","targetHints":{"allow":["GET"]}}],"collection":[{"href":"https:\/\/ruderverband-suedwest.de\/index.php?rest_route=\/wp\/v2\/pages"}],"about":[{"href":"https:\/\/ruderverband-suedwest.de\/index.php?rest_route=\/wp\/v2\/types\/page"}],"author":[{"embeddable":true,"href":"https:\/\/ruderverband-suedwest.de\/index.php?rest_route=\/wp\/v2\/users\/1"}],"replies":[{"embeddable":true,"href":"https:\/\/ruderverband-suedwest.de\/index.php?rest_route=%2Fwp%2Fv2%2Fcomments&post=302"}],"version-history":[{"count":1,"href":"https:\/\/ruderverband-suedwest.de\/index.php?rest_route=\/wp\/v2\/pages\/302\/revisions"}],"predecessor-version":[{"id":303,"href":"https:\/\/ruderverband-suedwest.de\/index.php?rest_route=\/wp\/v2\/pages\/302\/revisions\/303"}],"wp:attachment":[{"href":"https:\/\/ruderverband-suedwest.de\/index.php?rest_route=%2Fwp%2Fv2%2Fmedia&parent=302"}],"curies":[{"name":"wp","href":"https:\/\/api.w.org\/{rel}","templated":true}]}}