{"id":364,"date":"2019-01-04T16:38:07","date_gmt":"2019-01-04T16:38:07","guid":{"rendered":"http:\/\/ruderverband-suedwest.de\/?page_id=364"},"modified":"2019-01-04T16:38:07","modified_gmt":"2019-01-04T16:38:07","slug":"archiv-2018","status":"publish","type":"page","link":"https:\/\/ruderverband-suedwest.de\/?page_id=364","title":{"rendered":"Archiv 2018"},"content":{"rendered":"<p><strong>Richard Schmidt aus Trier ist wieder Weltmeister<\/strong><\/p>\n<p>Das WM Finale im Achter war eines der spannendsten Rennen, allerdings nur um Platz 2. Vorne weg fuhr der Deutsche Achter mit Richard Schmidt von der RG Treviris Trier zu einem beeindruckenden Start-Ziel Sieg. Mit kr\u00e4ftigen langen Schl\u00e4gen haben die M\u00e4nner ihren Achter angeschoben und auch direkt nach dem Start bereits die Bugspitze vorne. \u00dcber die Strecke bauten sie ihren Vorsprung bis auf eine L\u00e4nge im Ziel aus und dominierten die Konkurrenz.<\/p>\n<p>Damit war bei der WM 2018 der Ruderverband S\u00fcdwest bei allen drei Goldmedaillen beteiligt und auch unser Landestrainer Robert Sens hat als Bootstrainer des Leichtgewichts M\u00e4nner Einers und Doppelvierers seine herausragende Arbeit best\u00e4tigt.<br \/>\nDer M\u00e4nner-Doppelzweier mit Timo Piontek (Koblenzer RC Rhenania) hatte auf der Bahn 1 an diesem Tag keine Chance. Obwohl das Deutsche Boot nach dem Start m\u00e4chtig Druck auf die Gegner gemacht hatte, konnte am Ende &#8222;nur&#8220; Platz 5 erreicht werden.<\/p>\n<hr \/>\n<p><strong>Jason Osborne vom Mainzer RV ist Weltmeister<\/strong><\/p>\n<p>Nach der Weltbestzeit im Vorlauf war schon klar, wer bei dieser WM den Ton im Leichtgewichts-M\u00e4nner Einer angibt. Aber es war ein hartes Finale, in dem die Boote aus der Schweiz und den USA best\u00e4ndig Druck auf Jason Osborne machten. Trotzdem konnte er das Rennen vom Start bis zum Ziel kontrollieren und immer die Spurts der Gegner kontern. Am Schlu\u00df reichte ihm eine knappe L\u00e4nge zu dem ersehnten Weltmeistertitel.<\/p>\n<hr \/>\n<p><strong>Bronze f\u00fcr Carolin Mayer (RG Treviris Trier) und Anja Noske (RV Saarbr\u00fccken)<\/strong><\/p>\n<p>Im Leichtgewichts-Frauen Doppelvierer hatte das Deutsche Boot keine Chance gegen die sehr starken Chinesinnen, aber in dem Kampf um Platz zwei gegen D\u00e4nemark haben die Sportlerinnen alles versucht und auch bis 1750m die Bootsspitze knapp vorne gehalten. Im Endspurt hat es aber nicht mehr ganz gereicht und das Deutsche Boot wurde von den D\u00e4ninnen angefangen.<\/p>\n<hr \/>\n<p><strong>Moritz Moos vom Mainzer RV ist Weltmeister<\/strong><\/p>\n<p>Mit einem Start-Ziel-Sieg ist Moritz Moos Weltmeister im Leichtgewichts-M\u00e4nner Doppelvierer geworden.<br \/>\nNach dem knappen Sieg in Luzern konnte sich der Deutsche Doppelvierer nochmals steigern und dominierte \u00fcber die ganze Strecke das Rennen gegen das Boot aus Italien. Am Ende war es ein Vorsprung von 1,6 Sekunden f\u00fcr die neuen Weltmeister.<\/p>\n<hr \/>\n<p><strong>Moritz Moos f\u00e4hrt direkt ins Finale<\/strong><\/p>\n<p>Moritz Moos vom Mainzer RV hat sich \u00fcber den Vorlaufsieg im Leichtgewichts M\u00e4nner-Doppelvierer direkt f\u00fcr das Finale qualifiziert. Hier wird der h\u00e4rteste Gegner vermutlich aus Italien kommen. Dieses Boot konnte ebenfalls seinen Vorlauf gewinnen und war dabei 2 sek schneller als das Deutsche Boot.<\/p>\n<hr \/>\n<p><strong>Carolin Mayer und Anja Noske m\u00fcssen in den Hoffnungslauf<\/strong><\/p>\n<p>Das Deutsche Boot im Leichtgewichts Frauen-Doppelvierer kam nicht richtig in Fahrt und muss nach dem verpatzten Vorlauf in den Hoffnungslauf. Damit haben Carolin Mayer (RG Treviris Trier) und Anja Noske (RV Saarbr\u00fccken) eine zweite Chance, um sich noch f\u00fcr das Finale zu qualifizieren.<\/p>\n<hr \/>\n<p><strong>Jason Osborne dominiert die Vorl\u00e4ufe<\/strong><\/p>\n<p>Der Mainzer Jason Osborne hat direkt in seinem Vorlauf sein St\u00e4rke in diesem Jahr gezeigt. Mit vier nahezu gleich schnellen 500m Abschnitten hat er bereits im Vorlauf eine neue Weltbestzeit f\u00fcr diese Strecke in 6:41 min gesetzt. Damit war er eine halbe Minute schneller als sein n\u00e4chster direkter Gegner und nat\u00fcrlich schneller als alle anderen Vorl\u00e4ufe.<\/p>\n<p>Einen weiteren Vorlaufsieg erzielte Timo Piontek im M\u00e4nner Doppelzweier. In einem guten Kampf mit dem Schweizer Boot konnten sich die Deutschen knapp behaupten. Lediglich die Neuseel\u00e4nder im ersten Vorlauf konnten dabei ihre Zeit unterbieten.<\/p>\n<hr \/>\n<p><strong>Ruder-WM in Plovdiv (BUL)<\/strong><\/p>\n<p>Bei der diesj\u00e4hrigen Ruder-WM sind 5 Sportler des Ruderverbandes S\u00fcdwest am Start. Im leichten Frauen Doppelvierer ist Carolin Mayer (RG Treviris Trier) zusammen mit Anja Noske (RV Saarbr\u00fccken) am Start. Bei den M\u00e4nnern vertritt Jason Osborne vom Mainzer RV die Deutschen Farben im Leichtgewichts M\u00e4nner Einer und sein Vereinskollege Moritz Moos im Leichtgewichts Doppelvierer. Im M\u00e4nnerdoppelzweier sitzt Timo Piontek von der Koblenzer Rhenania im Bug und im M\u00e4nner Achter ist &#8222;traditionell&#8220; Richard Schmidt von der RG Treviris Trier auf Steuerbord Schlag zu finden.<\/p>\n<p>Wir w\u00fcnschen alle Sportlern &#8222;gutes Gelingen&#8220;.<\/p>\n<hr \/>\n<p><strong>Silber bei der U19 WM in Racice (CZE)<\/strong><\/p>\n<p>Annabelle Bachmann (RV Ingelheim) und Annika Steinle (Mainzer RV) gewinnen im Doppelvierer zusammen mit einer Ruderin aus Meschede und M\u00fclheim die Silbermedaille. Bis 1500 m war das Boot sogar noch auf Goldkurs, bis das Schweizer Boot auf den letzten 500 m knapp vorbei ziehen konnte. F\u00fcr die von Andreas Beer (Ingelheimer RV) betreute Mannschaft war es trotzdem ein herausragendes Ergebnis, zumal mit Annika Steinle eine Sportlerin des j\u00fcngeren Jahrgangs mit im Boot sa\u00df.<\/p>\n<p><strong>Silber<\/strong><br \/>\nAnnabelle Bachmann (Ingelheimer RV) &#8211; Juniorinnen Doppelvierer<br \/>\nAnnika Steinle (Mainzer RV) &#8211; Juniorinnen Doppelvierer<\/p>\n<hr \/>\n<p><strong>Richard Schmidt erneut Europameister mit dem Achter<\/strong><\/p>\n<p>Auch wenn viele andere Deutsche Boote bei den EM in Glasgow (GBR) nicht am Start waren, so konnte man sich \u00fcber den Erfolg des Achters wieder freuen. Offensichtlich teste der Achter eine andere Taktik und hat die an der Spitze des Feldes liegenden Gegner erst ab der 1200 m Marke \u00fcberrollt. Ab diesem Teil der Strecke schob sich das Deutsche Boot zun\u00e4chst mit jedem Schlag an den Gegnern aus Rum\u00e4nien und den Niederlanden vorbei, um diese dann mit einer knappe L\u00e4nge Vorsprung im Ziel sauber zu kontrollieren. Damit f\u00e4hrt das Boot mit Richard Schmidt (RV Treviris Trier) ungeschlagen zu dem Saisonh\u00f6hepunkt, der WM in Plovdiv (BUL) im September<\/p>\n<hr \/>\n<p><strong>Deutsche Meisterschaften des Nachwuchses (U23 \/ U19 \/ U17)\u00a0<\/strong><\/p>\n<p>W\u00e4hrend die Nationalmannschaft in Linz am Start war, fuhren die Nachwuchsklassen auf dem F\u00fchlinger See in K\u00f6ln ihre Deutschen Meistertitel aus. Auch der Ruderverband S\u00fcdwest konnte einiges Edelmetall einsammeln.<\/p>\n<p><em><strong>U23<br \/>\n<\/strong><\/em><strong>Gold<br \/>\n<\/strong>Jonas Wiesen (RG Treis-Karden) Steuermann im M\u00e4nner Vierer<br \/>\nAlicia Bohn (RG Speyer) im Frauen Doppelvierer<br \/>\nL\u00e4tizia Loch (RV Treviris Trier) im Frauen Doppelvierer<br \/>\nJonas Wiesen (RG Treis-Karden) Steuermann im M\u00e4nner Achter<\/p>\n<p><strong>Silber<br \/>\n<\/strong>Alicia Bohn (RG Speyer) im Frauen Einer<br \/>\nMaximilian Bierwirth (Koblenzer RC Rhenania) im M\u00e4nner Vierer ohne<br \/>\nKatharina Niel (RG Lahnstein) im Lgw. Frauen Zweier ohne<br \/>\nTim Bier (RG Treis-Karden) im Lgw. M\u00e4nner Doppelvierer<\/p>\n<p><strong>Bronze<br \/>\n<\/strong>Julius M\u00fcller (Koblenzer RC Rhenania) im M\u00e4nner Vierer ohne<br \/>\nEva Hohoff (Ludwigshafener RV) im Lgw. Frauen Zweier ohne<br \/>\nHannah Rieder (Ludwigshafener RV) im Lgw. Frauen Zweier ohne<br \/>\nJanis Seidenfaden (Mainzer RV)\u00a0 im Lgw. M\u00e4nner Doppelvierer<br \/>\nTim Biringer (RV Saarbr\u00fccken) im Lgw. M\u00e4nner Doppelvierer<br \/>\nJulius M\u00fcller (Koblenzer RC Rhenania) im M\u00e4nner Achter<\/p>\n<p><strong><em>U19<\/em><br \/>\nGold<\/strong><br \/>\nCarina Pollmer (Ludwigshafener RV) im Lgw. Juniorinnen Doppelzweier<br \/>\nBenedikt Dreyer (Mainzer RV) im Lgw. Junioren Einer<br \/>\nAnnika Steinle (Mainzer RV) im Juniorinnen Doppelvierer<\/p>\n<p><strong>Silber<\/strong><br \/>\nAnnika Elsen (RV Treviris Trier) im Juniorinnen Zweier ohne<br \/>\nKatharina Bauer (RV Treviris Trier) im Juniorinnen Zweier ohne<br \/>\nElla Reim (RV Saarbr\u00fccken) im Juniorinnen Doppelvierer<br \/>\nJulia Bischof (RG Treis-Karden) im Lgw. Juniorinnen Doppelvierer<\/p>\n<p><strong>Bronze<br \/>\n<\/strong>Julia Bischof (RG Treis-Karden) im Lgw. Juniorinnen Doppelzweier<br \/>\nLeon Reu\u00df (Koblenzer RC Rhenania) im Lgw. Junioren Vierer ohne<br \/>\nMaximilian Gl\u00f6ckner (Koblenzer RC Rhenania) im Lgw. Junioren Vierer ohne<br \/>\nAnnika Steinle (Mainzer RV) im Juniorinnen Einer<br \/>\nMariella Martens (Mainzer RV) im Lgw. Juniorinnen Einer<br \/>\nAnnabelle Bachmann (RV Ingelheim) im Juniorinnen Doppelvierer<br \/>\nCarina Pollmer (Ludwigshafener RV)\u00a0 im Lgw. Juniorinnen Doppelvierer<\/p>\n<p><strong><em>U17<\/em><br \/>\nGold<br \/>\n<\/strong>Luca Schneider (Koblenzer RC Rhenania) im Lgw. Junioren Doppelzweier<br \/>\nTim Scholz (Koblenzer RC Rhenania) im Lgw. Junioren Doppelzweier<\/p>\n<p><strong>Silber<\/strong><br \/>\nPaula Gerundt (RV Saarbr\u00fccken) im Juniorinnen Doppelzweier<br \/>\nLuise Bachman (RV Ingelheim) im Juniorinnen Doppelzweier<br \/>\nJulian Harwardt (RG Treis-Karden) im Lgw. Junioren Doppelzweier<br \/>\nSimon Haible\u00a0(RG Treis-Karden) im Lgw. Junioren Doppelzweier<br \/>\nLuca Schneider (Koblenzer RC Rhenania) im Lgw. Junioren Einer<\/p>\n<p><strong>Bronze<\/strong><br \/>\nPaula Hartmann (Mainzer RV) im Juniorinnen Doppelzweier<br \/>\nRianne Lagerpusch (Mainzer RV) im Juniorinnen Doppelzweier<\/p>\n<hr \/>\n<p><strong>Ruder World Cup in Linz<\/strong><\/p>\n<p>Die Anzahl der Nationalmannschaftsteilnehmer des Ruderverbandes S\u00fcdwest w\u00e4chst an.<\/p>\n<p>Jason Osborne (Mainzer RV) hielt auch beim zweiten World-Cup die Konkurrenz nach belieben hinter sich. Wiederum setzte er sich am Start vom Feld ab und kontrollierte auf den \u00fcbrigen 1500m die Gegner. Damit d\u00fcrfte er schon jetzt der Favorit auf den WM-Titel diesen Jahres im Leichtgewichts M\u00e4nner Einer sein.<\/p>\n<p>Seinen ersten internationalen Start in dieser Saison hatte Moritz Moos (Mainzer RV) im Lgw. Doppelvierer auf der Schlag Position. In einem beherzten Rennen sicherte sich das Boot den zweiten Platz. Damit sollte sich die Mannschaft auch f\u00fcr den dritten World-Cup in Luzern einen Startplatz verdient haben.<\/p>\n<p>Um einen Platz verbessert hat sich der M\u00e4nner Doppelzweier mit Timo Piontek (Koblenzer RC Rhenania). Dieses Mal konnten nur die Briten an dem schnellen Deutschen Doppelzweier vorbei ziehen, der die ersten 1250m das Feld angef\u00fchrt hatte.<\/p>\n<p>Lea Katleen K\u00fchne und Hannah Bornschein (beide Mainzer RV) starteten erstmals in dieser Saison als Frauen Zweier ohne f\u00fcr den DRV. Die Mannschaft konnte sich im B-Finale auf Gesamtplatz 11 vor dem zweiten Deutschen Boot einreihen.<\/p>\n<p>Der Deutschlandachter mit Richard Schmidt (RV Treviris Trier) konnte seinen Sieg von Belgrad wiederholen und hielt auf der zweiten Streckenh\u00e4lfte das Britische Boot auf Distanz.<\/p>\n<hr \/>\n<p><strong>Ruder World Cup in Belgrad &#8211; Internationale Standortbestimmung<\/strong><\/p>\n<p>Beim ersten World-Cup wurden vom DRV drei Sportler des Ruderverbandes S\u00fcdwest an den Start geschickt und alle drei Sportler konnten auch in die Medaillenr\u00e4nge fahren.<\/p>\n<p>Das erste Finale fuhr Jason Osborne (Mainzer RV) im leichtgewichts M\u00e4nner Einer. Vom Start weg gab es f\u00fcr die Konkurrenz keine Chance auf Gold, denn Jason konnte alle 500m Streckenteile in F\u00fchrung liegend beenden. Am Schlu\u00df waren es unglaubliche 8 Sekunden auf den Zweitplatzierten aus der Schweiz, immerhin ein Goldmedaillen-Gewinner aus Rio im Lgw. M\u00e4nner Vierer ohne.<\/p>\n<p>Am Sonntag folgte dann Timo Piontek (Koblenzer RC Rhenania), der im M\u00e4nner-Doppelzweier mit Lars Hartig in dieser Saison an den Start geht. Das Deutsche Boot ist schnell in das Rennen gestartet und konnte seine Spitze die ersten 1000m vorne behalten. Auf der zweiten Streckenh\u00e4lfte zogen aber die Boote aus England und Litauen vorbei, so dass es am Schlu\u00df zu Bronze auf dem Treppchen reichte.<\/p>\n<p>Richard Schmidt (RV Treviris Trier) sitzt auch dieses Jahr wieder im M\u00e4nner-Achter, der seine Siegesserie fortsetzte. Auf den ersten 500m setzte sich das Boot um 2 sek vom Feld ab und kontrollierte diesen Vorsprung bis ins Ziel. Auf den Pl\u00e4tzen folgten die ewigen Konkurrenten aus England und Roum\u00e4nien.<\/p>\n<hr \/>\n<p><strong>Deutsche Kleinbootmeisterschaften in Essen &#8211; Saisonstart erfolgreich<\/strong><\/p>\n<p>Die Sportler des Ruderverbandes S\u00fcdwest sind bei den ersten Titelk\u00e4mpfen der Saison erfolgreich gestartet.<br \/>\nIm Frauen Zweier ohne konnte Lea-Katleen K\u00fchne mit ihrer neuen Partnerin Hannah Bornschein (beide Mainzer RV) im Endspurt die Bronzemedaille absichern.<br \/>\nSeinen Titel im M\u00e4nner Zweier ohne konnte Richard Schmidt (RV Treviris Trier) mit seinem Partner aus Rauxel erneut verteidigen. Auch die starke Gegenwehr der Gegner aus Herdecke\/Hamburg konnte dem starken Endspurt der neuen Deutschen Meister nichts entgegen setzen.<br \/>\nAuch Jason Osborne (Mainzer RV) konnte seinen Titel im Leichtgewichts M\u00e4nner Einer souver\u00e4n verteidigen. Ganz \u00fcberlegen fuhr er vom Start weg immer eine L\u00e4nge vor seinen Verfolgern her und konnte auf den letzten 500m den &#8222;Sicherheitsabstand&#8220; auch noch vergr\u00f6\u00dfern.<\/p>\n<p><strong>Gold<\/strong><br \/>\nRichard Schmidt (RV Treviris Trier) &#8211; M\u00e4nner Zweier ohne<br \/>\nJason Osborne (Mainzer RV) &#8211; Lgw. M\u00e4nner Einer<\/p>\n<p><strong>Bronze<\/strong><br \/>\nLea-Katleen K\u00fchne (Mainzer RV) &#8211; Frauen Zweier ohne<br \/>\nHannah Bornschein (Mainzer RV) &#8211; Frauen Zweier ohne<\/p>\n<hr \/>\n<p>Die neue Saison ist nicht mehr weit entfernt. Damit der Start auch gelingt, bietet der Ruderverband S\u00fcdwest einen passenden Lehrgang an, zu dem wir alle Trainer und interessierten Ruderer gerne einladen w\u00fcrden.<\/p>\n<p><a href=\"https:\/\/ruderverband-suedwest.de\/?attachment_id=288\">Hier sind die weiteren Infos.<\/a><\/p>\n<hr \/>\n<p>&nbsp;<\/p>\n","protected":false},"excerpt":{"rendered":"<p>Richard Schmidt aus Trier ist wieder Weltmeister Das WM Finale im Achter war eines der spannendsten Rennen, allerdings nur um Platz 2. Vorne weg fuhr der Deutsche Achter mit Richard Schmidt von der RG Treviris Trier zu einem beeindruckenden Start-Ziel Sieg. Mit kr\u00e4ftigen langen Schl\u00e4gen haben die M\u00e4nner ihren Achter angeschoben und auch direkt nach &hellip; <\/p>\n<p class=\"link-more\"><a href=\"https:\/\/ruderverband-suedwest.de\/?page_id=364\" class=\"more-link\"><span class=\"screen-reader-text\">\u201eArchiv 2018\u201c<\/span> weiterlesen<\/a><\/p>\n","protected":false},"author":1,"featured_media":0,"parent":0,"menu_order":0,"comment_status":"closed","ping_status":"closed","template":"","meta":{"footnotes":""},"class_list":["post-364","page","type-page","status-publish","hentry"],"_links":{"self":[{"href":"https:\/\/ruderverband-suedwest.de\/index.php?rest_route=\/wp\/v2\/pages\/364","targetHints":{"allow":["GET"]}}],"collection":[{"href":"https:\/\/ruderverband-suedwest.de\/index.php?rest_route=\/wp\/v2\/pages"}],"about":[{"href":"https:\/\/ruderverband-suedwest.de\/index.php?rest_route=\/wp\/v2\/types\/page"}],"author":[{"embeddable":true,"href":"https:\/\/ruderverband-suedwest.de\/index.php?rest_route=\/wp\/v2\/users\/1"}],"replies":[{"embeddable":true,"href":"https:\/\/ruderverband-suedwest.de\/index.php?rest_route=%2Fwp%2Fv2%2Fcomments&post=364"}],"version-history":[{"count":1,"href":"https:\/\/ruderverband-suedwest.de\/index.php?rest_route=\/wp\/v2\/pages\/364\/revisions"}],"predecessor-version":[{"id":365,"href":"https:\/\/ruderverband-suedwest.de\/index.php?rest_route=\/wp\/v2\/pages\/364\/revisions\/365"}],"wp:attachment":[{"href":"https:\/\/ruderverband-suedwest.de\/index.php?rest_route=%2Fwp%2Fv2%2Fmedia&parent=364"}],"curies":[{"name":"wp","href":"https:\/\/api.w.org\/{rel}","templated":true}]}}