{"id":515,"date":"2020-01-02T18:29:18","date_gmt":"2020-01-02T18:29:18","guid":{"rendered":"http:\/\/ruderverband-suedwest.de\/?page_id=515"},"modified":"2020-05-10T18:21:55","modified_gmt":"2020-05-10T18:21:55","slug":"archiv-2019","status":"publish","type":"page","link":"https:\/\/ruderverband-suedwest.de\/?page_id=515","title":{"rendered":"Archiv 2019"},"content":{"rendered":"\n<hr class=\"wp-block-separator\"\/>\n\n\n\n<p><strong>Zwei Silbermedaillen f\u00fcr Paula Gerundt beim Baltic-Cup<\/strong><\/p>\n\n\n\n<div class=\"wp-block-image\"><figure class=\"aligncenter\"><img decoding=\"async\" src=\"https:\/\/ruderverband-suedwest.de\/wp-content\/uploads\/2020\/01\/image-1.tiff\" alt=\"\" class=\"wp-image-517\"\/><\/figure><\/div>\n\n\n\n<p>Paula Gerundt vom RV Saarbr\u00fccken hat ihre Premiere im Nationaltrikot mit zwei Silbermedaillen beim Baltic-Cup sehr erfolgreich gestaltet. Im estnischen Vijandi konnte die Saarbr\u00fccker Ruderin im Juniorinnen-Vierer gemeinsam mit ihren Mannschaftskameradinnen Antonia Galland (Essen), Leonie W\u00f6llmer und Muriel Steps (beide Magedeburg) an beiden Tagen des L\u00e4ndervergleichskampfs der Ostsee-Anrainer die Silbermedaille gewinnen. Auf der 2000m-Normalstrecke am Samstag, wie auf der 500m Sprintstrecke am Sonntag zeigte sich nur die&nbsp;Crew aus Wei\u00dfrussland schneller als das deutsche Quartett. Rang drei ging an beiden Tagen an die polnische Mannschaft, die von Paula Gerundt &amp; Co. jeweils deutlich distanziert werden konnte.<br>Mit den beiden Medaillen belohnte sich der deutsche Juniorinnen-Vierer nicht nur selbst, sondern die Crew von Paula Gerundt brachte auf diesem Wege noch wichtige Punkte auf das Konto der deutschen Mannschaft, die zum wiederholten Male den Baltic-Cup gewinnen konnte, Rang zwei ging in dieser Wertung an Polen, Platz drei nach Wei\u00dfrussland.<br><br><\/p>\n\n\n\n<hr class=\"wp-block-separator\"\/>\n\n\n\n<p><strong>U23 EM in Ioannina (GRE)<\/strong><\/p>\n\n\n\n<p>Auch bei der U23 EM waren dieses Jahr Sportler des Ruderverbandes S\u00fcdwest vertreten. Als Nachwuchs-Event hatte der DRV bei diesem Wettkampf Sportler\/innen an den Start geschickt, die den Sprung zur U23 WM nicht geschafft haben. Um so erfreulicher ist es, dass es auch dabei zu einigen Medaillenpl\u00e4tzen gereicht hat.<\/p>\n\n\n\n<p><strong>Silber<\/strong><br>Carina Pollmer (Ludwigshafener RV) im Lgw. Frauen Doppelzweier<br>Ella Reim (RV Saarbr\u00fccken) im Frauen Einer<\/p>\n\n\n\n<hr class=\"wp-block-separator\"\/>\n\n\n\n<p><strong>Ruder-WM in Linz &#8211; Blick Richtung Tokyo<\/strong><\/p>\n\n\n\n<p>Die WM Bilanz der Deutschen Mannschaft war in Linz durchwachsen. Daher ist es um so sch\u00f6ner, dass die drei Starter aus dem S\u00fcdwesten in den Olympischen Bootsklassen alle die Tickets f\u00fcr die Boote in Richtung Tokyo sichern konnten, denn auch der Deutsche Doppelvierer mit Timo Piontek (RG Rhenania Koblenz) erreichte im Finale von Linz den 5. Rang und damit einen der begehrten Pl\u00e4tze mit Blick auf die Olympiade 2020.<\/p>\n\n\n\n<hr class=\"wp-block-separator\"\/>\n\n\n\n<p><strong>Ruder-WM in Linz &#8211; Gold f\u00fcr Richard Schmidt<\/strong><\/p>\n\n\n\n<p>Und wieder eine Goldmedaille in der einzigartigen Bilanz von Richard Schmidt (RV Treviris Trier). Dieses Jahr kam die gr\u00f6\u00dfte Gegenwehr gar nicht von dem Englischen Achter, sondern von den Nachbarn aus Holland, die mit einem technisch sehr sch\u00f6n laufenden Achter das Deutsche Boot erheblich unter Druck gesetzt haben. Beide f\u00fchrenden Achter konnten sich dabei eine gute L\u00e4nge vom Rest des Feldes absetzen, mit dem gl\u00fccklichen Ende f\u00fcr den Deutschen Achter.<\/p>\n\n\n\n<hr class=\"wp-block-separator\"\/>\n\n\n\n<p><strong>Ruder-WM in Linz &#8211; Bronze f\u00fcr Jason Osborne<\/strong><\/p>\n\n\n\n<p>Im Doppelzweier war es &#8211; wie immer &#8211; &nbsp;ein hartes und knappes Rennen. Am Ende wurde es Bronze f\u00fcr das Deutsche Boot mit Jason Osborne (Mainzer RV) und Jonathan Rommelmann. Genauso wichtig war aber die Absicherung des Platzes f\u00fcr Tokyo. Nun kann unser Landestrainer Robert Sens in Ruhe das Boot f\u00fcr die n\u00e4chste Aufgabe vorbereiten.<\/p>\n\n\n\n<hr class=\"wp-block-separator\"\/>\n\n\n\n<p><strong>Ruder-WM in Linz &#8211; Bronze f\u00fcr Marie-Christine Gerhardt<\/strong><\/p>\n\n\n\n<p>Der Leichtgewichts Frauen Zweier ohne ist 2019 noch nicht so stark besetzt bei der WM. Daher waren keine Vorl\u00e4ufe f\u00fcr die Finalqualifikation n\u00f6tig. &nbsp;Dies nutzte das Deutsche Boot mit Marie-Christine Gerhardt (Ludwigshafener RV). Vom Start weg waren es die drei Boote aus Amerika, Italien und Deutschland, die das Rennen bestimmten. Nach 1000 m wechselte die F\u00fchrung von Italien auf die Amerikanerinnen. Das Deutsche Boot konnte da nicht mehr eingreifen und fuhr auf Platz 3 \u00fcber die Ziellinie.<\/p>\n\n\n\n<hr class=\"wp-block-separator\"\/>\n\n\n\n<p><strong>Luise Bachmann gewinnt Silber in Tokyo<\/strong><\/p>\n\n\n\n<p>Wie auch schon in der Vergangenheit machen die Junioren\/innen im vorolympischen Jahr bei ihrer WM den Testlauf f\u00fcr die olympische Regattastrecke. Der Deutsche Ruderverband wird sich gerne an dieses Event erinnern und auf \u00e4hnliche Erfolge im n\u00e4chsten Jahr hoffen. Bei 14 m\u00f6glichen Starts konnten 12 Medaillen gewonnen werden und davon 6 Mal Gold.<\/p>\n\n\n\n<p>Einen hervorragenden zweiten Platz und damit die Silbermedaille gewann Luise Bachmann (RV Ingelheim) im Juniorinnen Doppelvierer. Vom Start weg war das Deutsche Boot sehr schnell, mu\u00dfte dann aber nach 500m die sp\u00e4teren Sieger aus Neuseeland ziehen lassen. Die \u00fcbrigen Boote konnten aber kontrolliert werden und konnten auf keinem Teilst\u00fcck ihre Spitze vor das Deutsche Boot schieben. Ein riesiger Erfolg f\u00fcr die junge Mannschaft und ihre Bootstrainerin Anna G\u00f6tz (Mainzer RV).<\/p>\n\n\n\n<figure class=\"wp-block-image\"><a href=\"https:\/\/ruderverband-suedwest.de\/wp-content\/uploads\/2019\/08\/WM-U19-Juniorinnen-Doppelvierer.jpg\"><img loading=\"lazy\" decoding=\"async\" width=\"696\" height=\"443\" src=\"https:\/\/ruderverband-suedwest.de\/wp-content\/uploads\/2019\/08\/WM-U19-Juniorinnen-Doppelvierer.jpg\" alt=\"\" class=\"wp-image-463\" srcset=\"https:\/\/ruderverband-suedwest.de\/wp-content\/uploads\/2019\/08\/WM-U19-Juniorinnen-Doppelvierer.jpg 696w, https:\/\/ruderverband-suedwest.de\/wp-content\/uploads\/2019\/08\/WM-U19-Juniorinnen-Doppelvierer-300x191.jpg 300w\" sizes=\"auto, (max-width: 696px) 100vw, 696px\" \/><\/a><\/figure>\n\n\n\n<hr class=\"wp-block-separator\"\/>\n\n\n\n<p><strong>Gold und zwei Mal Silber in Rotterdam (NEL)<\/strong><\/p>\n\n\n\n<p>Es war wieder ein packendes Rennen im leichtgewichts Doppelzweier, das Jason Osborne (Mainzer RV) mit seinem Partner Jonathan Rommelmann aus Crefeld zeigten. Bis wenige Meter vor dem Ziel hatten sich die Iren vermutlich als Sieger gef\u00fchlt, nachdem deren Vorsprung bei 1700m noch eine gute Bootsl\u00e4nge betrug. Aber dann setzte das Deutsche Boot zu einem Endspurt an. Man konnte auf dem Monitor sehen, dass kein anderes Boot mehr diese Geschwindigkeit mitfahren konnte und am Schlu\u00df kam noch etwas Gl\u00fcck dazu, weil der Vorsprung nur 3 Hundertstel betrug. Nebenbei haben die beiden Sportler auch den Gesamt-World Cup in dieser Bootsklasse 2019 gewonnen.<\/p>\n\n\n\n<p>Erstmals konnte der M\u00e4nner Doppelvierer mit Timo Piontek (RC Rhenania Koblenz) in Rotterdam aufs &#8222;Treppchen&#8220; fahren. Auch hier war es ein enges Rennen bis zum Schlu\u00df. Das Deutsche Boot startet &#8211; wie \u00fcblich &#8211; schnell, wurde auf der Strecke aber von den starken Polen eingefangen. 500m vor dem Ziel entbrannte dann der Kampf um die Medaillen. Nachdem sich die Polen etwas absetzen konnten, waren die Briten auf einer H\u00f6he mit dem Deutschen Boot, aber am Ende waren es 9 Hundertstel Vorsprung, die zur Silbermedaille f\u00fchrten.<\/p>\n\n\n\n<p>Die erste Niederlage seit fast drei Jahren musste der Deutsche M\u00e4nner Achter mit Richard Schmitt (RV Treviris Trier) verkraften. Nachdem auf den ersten 750m noch alles in Ordnung &nbsp;war und das Deutsche Boot in F\u00fchrung lag, zogen die Briten an. Auch zwei Zwischenspurts des Deutschen Achters reichten nicht mehr aus, um mit dem Britischen Achter mitfahren zu k\u00f6nnen. Am Ende fehlte eine L\u00e4nge zum Sieg. Aber es waren sehr schlechte Bedingung auf dem Wasser mit denen das Britische Boot offensichtlich besser zu Recht kam.<\/p>\n\n\n\n<hr class=\"wp-block-separator\"\/>\n\n\n\n<p><strong>Landestrainer am St\u00fctzpunkt Koblenz gesucht<\/strong><\/p>\n\n\n\n<p>Wir suchen einen hauptamtlichen Trainer f\u00fcr die Betreuung und Entwicklung des Leistungssports am Landesst\u00fctzpunkt Koblenz.<\/p>\n\n\n\n<p>Die komplette Ausschreibung finden Sie hier:<br><a href=\"https:\/\/ruderverband-suedwest.de\/wp-content\/uploads\/2019\/07\/Stellenbeschreibung-Landestrainer-am-Landesst\u00fctzpunkt-Koblenz.pdf\">Stellenbeschreibung Landestrainer am Landesst\u00fctzpunkt Koblenz<\/a><\/p>\n\n\n\n<hr class=\"wp-block-separator\"\/>\n\n\n\n<p><strong>Zwei Mal Gold beim World-Cup in Poznan (POL)<\/strong><\/p>\n\n\n\n<p>Jason Osborne (Mainzer RV) ist mit seinem Partner Jonathan Rommelmann (RC Krefeld) bisher nicht zu schlagen. Auch die erwartete Konkurrenz der \u00dcbersee-Nationen konnte an die Leistung der beiden, von Robert Sens betreuten, M\u00e4nner nicht heran kommen. Auf der Strecke war Italien noch stark und auch zeitweise in F\u00fchrung. Am Ende war es aber wieder nahezu eine L\u00e4nge Vorsprung f\u00fcr das Deutsche Boot und damit auch die Gesamt-Welt-Cup F\u00fchrung.<\/p>\n\n\n\n<p>\u00c4hnlich wie bei der EM sah es auch im M\u00e4nner Achter um Richard Schmidt (RV Treviris Trier) aus. Mit wuchtigen Schl\u00e4gen arbeitete sich der Deutsche Achter \u00fcber die Strecke nach vorne und dominierte das Feld klar mit einer L\u00e4nge Vorsprung.<\/p>\n\n\n\n<p>Nicht ganz gereicht hatte es f\u00fcr Timo Piontek (RC Rhenania Koblenz). Mit wenigen Hundertstel verfehlte das Deutsche Boot den dritten Platz und konnte sich damit im Vergleich zu dem Rennen in Luzern sch\u00f6n steigern, bei dem zwar die gleiche Platzierung erzielt wurde, der Abstand aber gr\u00f6\u00dfer war.<\/p>\n\n\n\n<hr class=\"wp-block-separator\"\/>\n\n\n\n<p><strong>Deutsche Meisterschaften U23 \/ U19 \/ U17 in Brandenburg<\/strong><\/p>\n\n\n\n<p>In Brandenburg laufen dieses Wochenende die Deutschen Meisterschaften in den Nachwuchsklassen. Nat\u00fcrlich sind auch viele Teilnehmer aus dem S\u00fcdwesten am Start und die ersten Medaillen wurden am Samstag schon im U23 Bereich vergeben.<\/p>\n\n\n\n<p><strong>Gold<\/strong><br>Katharina Niel (RG Lahnstein) im Lgw SF 2- B<\/p>\n\n\n\n<p><strong>Silber<\/strong><br>Alicia Bohn (RG Speyer) im SF 1x B<br>Annabelle Bachmann (RV Ingelheim) im SF 4x B<br>Alicia Bohn (RG Speyer) im SF 4x B<\/p>\n\n\n\n<p><strong>Bronze<\/strong><br>Annabelle Bachmann (RV Ingelheim) im SF 2x B<br>Ella Reim (RV Saarbr\u00fccken) im SF 2x B<br>Carina Pollmer (Ludwigshafener RV) im Lgw. SF 2x B<br>Ella Reim (RV Saarbr\u00fccken) im SF 4x B<\/p>\n\n\n\n<p>Am Sonntag folgen dann die U19 und U17 Klassen mit ihren Finals. Auch hier gab es wieder einige Medaillen zu verzeichnen.<\/p>\n\n\n\n<p><strong>U19<\/strong><\/p>\n\n\n\n<p><strong>Gold<\/strong><br>Natalie Weber (Koblenzer RC Rhenania) im JF 2x Lgw.<br>Amelia B\u00f6hle (Ludwigshafener RV) im JF 2x Lgw.<br>Luca Schneider (Koblenzer RC Rhenania) im JM 2x Lgw.<br>Tim Scholz (Koblenzer RC Rhenania) im JM 2x Lgw.<br>Cora Loch (Mainzer RV) im JF 4x A<br>Natalie Weber (Koblenzer RC Rhenania) im JF 4x Lgw.<br>Amelia B\u00f6hle (Ludwigshafener RV) im JF 4x Lgw.<br>Lukas Schambach (Wormser RC Blau-Wei\u00df) im JM &nbsp;8+ Lgw.<\/p>\n\n\n\n<p><strong>Silber<\/strong><br>Rianne Lagerpusch (Mainzer RV) im JF 4x A<\/p>\n\n\n\n<p><strong>Bronze<\/strong><br>Luise Bachmann (RV Ingelheim) im JF 2x A<br>Cora Loch (Mainzer RV) im JF 2x A<br>Paula Hartmann (Mainzer RV) im JF 4- A<br>Paula Gerundt (RV Saarbr\u00fccken) im JF 4- A<br>Lukas Schambach (Wormser RC Blau-Wei\u00df) im JM 4- Lgw.<br>Annika Steinle (Mainzer RV) im JF 4x A<br>Paula Hartmann (Mainzer RV) im JF 4x A<br>Paula Gerundt (RV Saarbr\u00fccken) im JF 4x A<\/p>\n\n\n\n<p><strong>U17<\/strong><\/p>\n\n\n\n<p><strong>Silber<\/strong><br>Rianne Lagerpusch (Mainzer RV) im JF 1x B<br>Simon Haible (RG Treis-Karden) im JM 1x Lgw.<\/p>\n\n\n\n<p><strong>Bronze<\/strong><br>Philipp Riegelsberger (RV Saarbr\u00fccken) im JM 1x Lgw.<\/p>\n\n\n\n<hr class=\"wp-block-separator\"\/>\n\n\n\n<p><strong>EM Titel f\u00fcr Luise Bachman  im Juniorinnen Doppelvierer  <\/strong><\/p>\n\n\n\n<p>Luise Bachmann, Hannah Grimm, Alina Henze und Sarah Wibberenz (RV Ingelheim e.V.\/Akademischer RV zu Leipzig e.V.\/RV Berlin von 1878 e.V.\/RC-Havel Brandenburg e.V.) freuen sich \u00fcber den EM-Titel. Das Quartett setzte sich vom Start weg an die Spitze und dominierte das Rennen bis ins Ziel.<br>Betreut wurde das Boot vom Ingelheimer Trainer Andreas Beer.<br><\/p>\n\n\n\n<p><strong>Zwei Mal Gold bei den Europameisterschaften in Luzern<\/strong><\/p>\n\n\n\n<p>Jason Osborne (Mainzer RV) ist mit dem Crefelder Jonathan Rommelmann im Leichtgewichts Doppelzweier zur\u00fcck an der internationalen Spitze. In einem beeindruckenden Rennen konnte sich das von unserem Landestrainer Robert Sens betreute Deutsche Boot vom Start weg absetzen, aber immer nur mit einem kleinen Abstand auf das starke italienische Boot. Kurz vor dem Endspurt wurde es sogar noch richtig eng, bevor das Deutsche Boote zu einem erstaunlichen Endspurt anzog und auf den letzten 200 m nahezu eine L\u00e4nge auf die Verfolger heraus holte. Damit sicherte sich Jason deutlich seine erste Europameisterschaft.<\/p>\n\n\n\n<p>Der Deutsche Achter mit unserem Ausnahmeruderer Richard Schmidt (RV Treviris Trier) kam am Start gar nicht so stark weg, wie man es von der Mannschaft aus der Vergangenheit gewohnt ist. Aber nach 500 m war die Spitze dann doch vorne und daran konnte auch der Britische Achter bis ins Ziel nichts \u00e4ndern. Obwohl der Deutsche Achter optisch nicht ganz harmonisch aussah, war die Kraft im Wasser da und sicherte die Titelverteidigung des Bootes.<\/p>\n\n\n\n<p><strong>Gold<\/strong><br>Jason Osborne (Mainzer RV) &#8211; Leichtgewichts M\u00e4nner Doppelzweier<br>Richard Schmidt (RV Treviris Trier) &#8211; M\u00e4nner Achter m. Stm.<\/p>\n\n\n\n<hr class=\"wp-block-separator\"\/>\n\n\n\n<p><strong>Deutsche Kleinbootmeisterschaften in K\u00f6ln<\/strong><\/p>\n\n\n\n<p>Mit einer unglaublichen Serie von drei DM Titeln in Folge konnte Richard Schmidt (RV Treviris Trier) seinen insgesamt 7 Meistertitel im M\u00e4nner Zweier ohne gewinnen.<br>Vom Start weg konnte Richard Schmidt mit seinem Partner Malte Jakschik das Rennen kontrollieren und auch den Endspurt der Gegner parieren, um mit einer halben L\u00e4nge Vorsprung den Titel 2019 zu gewinnen.<\/p>\n\n\n\n<p>Im M\u00e4nner Einer sicherte sich Timo Piontek (Koblenzer RC Rhenania) die Bronzemedaille. Damit konnte er sich von seinem Zweier-Partner absetzen und hinter dem Einerspezialisten Oliver Zeidler und Stephan Kr\u00fcger den dritten Platz erk\u00e4mpfen.<\/p>\n\n\n\n<hr class=\"wp-block-separator\"\/>\n\n\n\n<p><strong>World Rowing Indoor Championships &#8211; Long Beach 2019<\/strong><\/p>\n\n\n\n<p>Jason Osborne (Mainzer RV) ist der erste offizielle Ergometer-Weltmeister der Leichtgewichte in der offenen Klasse.<br>Bei seiner Siegerzeit von 6:07,5 wurde er von seinem italienischen Gegner noch nicht mal richtig gefordert. Nachdem beide die ersten 1000 m auf einer H\u00f6he gefahren sind, konnte Jason auf der zweiten Streckenh\u00e4lfte souver\u00e4n davon ziehen und mit \u00fcber 3 Sekunden Vorsprung den Titel f\u00fcr sich entscheiden.<\/p>\n\n\n\n<p>In der Altersklasse 36-42 Jahre konnte ebenfalls bei den Leichtgewichten unser Altmeister Matthias Sch\u00f6mann-Finck Silber in der Zeit von 6:27,8 gewinnen.<\/p>\n","protected":false},"excerpt":{"rendered":"<p>Zwei Silbermedaillen f\u00fcr Paula Gerundt beim Baltic-Cup Paula Gerundt vom RV Saarbr\u00fccken hat ihre Premiere im Nationaltrikot mit zwei Silbermedaillen beim Baltic-Cup sehr erfolgreich gestaltet. Im estnischen Vijandi konnte die Saarbr\u00fccker Ruderin im Juniorinnen-Vierer gemeinsam mit ihren Mannschaftskameradinnen Antonia Galland (Essen), Leonie W\u00f6llmer und Muriel Steps (beide Magedeburg) an beiden Tagen des L\u00e4ndervergleichskampfs der Ostsee-Anrainer &hellip; <\/p>\n<p class=\"link-more\"><a href=\"https:\/\/ruderverband-suedwest.de\/?page_id=515\" class=\"more-link\"><span class=\"screen-reader-text\">\u201eArchiv 2019\u201c<\/span> weiterlesen<\/a><\/p>\n","protected":false},"author":1,"featured_media":0,"parent":0,"menu_order":0,"comment_status":"closed","ping_status":"closed","template":"","meta":{"footnotes":""},"class_list":["post-515","page","type-page","status-publish","hentry"],"_links":{"self":[{"href":"https:\/\/ruderverband-suedwest.de\/index.php?rest_route=\/wp\/v2\/pages\/515","targetHints":{"allow":["GET"]}}],"collection":[{"href":"https:\/\/ruderverband-suedwest.de\/index.php?rest_route=\/wp\/v2\/pages"}],"about":[{"href":"https:\/\/ruderverband-suedwest.de\/index.php?rest_route=\/wp\/v2\/types\/page"}],"author":[{"embeddable":true,"href":"https:\/\/ruderverband-suedwest.de\/index.php?rest_route=\/wp\/v2\/users\/1"}],"replies":[{"embeddable":true,"href":"https:\/\/ruderverband-suedwest.de\/index.php?rest_route=%2Fwp%2Fv2%2Fcomments&post=515"}],"version-history":[{"count":4,"href":"https:\/\/ruderverband-suedwest.de\/index.php?rest_route=\/wp\/v2\/pages\/515\/revisions"}],"predecessor-version":[{"id":555,"href":"https:\/\/ruderverband-suedwest.de\/index.php?rest_route=\/wp\/v2\/pages\/515\/revisions\/555"}],"wp:attachment":[{"href":"https:\/\/ruderverband-suedwest.de\/index.php?rest_route=%2Fwp%2Fv2%2Fmedia&parent=515"}],"curies":[{"name":"wp","href":"https:\/\/api.w.org\/{rel}","templated":true}]}}