{"id":560,"date":"2020-05-10T18:30:27","date_gmt":"2020-05-10T18:30:27","guid":{"rendered":"http:\/\/ruderverband-suedwest.de\/?page_id=560"},"modified":"2020-05-10T18:30:27","modified_gmt":"2020-05-10T18:30:27","slug":"archiv-2014","status":"publish","type":"page","link":"https:\/\/ruderverband-suedwest.de\/?page_id=560","title":{"rendered":"Archiv 2014"},"content":{"rendered":"\n<hr class=\"wp-block-separator\"\/>\n\n\n\n<p><strong>Alfred Zimmermann zum Vorsitzenden der Deutschen Ruderjugend gew\u00e4hlt&nbsp;<\/strong><br><br>Am 26. Oktober wurde unser Schatzmeister Alfred Zimmermann in Hannover zum Vorsitzenden der Deutschen Ruderjugend gew\u00e4hlt. Auch in der DRJ war Alfred bereits als Schatzmeister im Vorstand t\u00e4tig und \u00fcbernimmt nun f\u00fcr zwei Jahre das Amt des Vorsitzenden bis ein neuer j\u00fcngerer Vorsitzender f\u00fcr das Amt &#8222;ausgebildet&#8220; ist.&nbsp;<br>Wir w\u00fcnschen Alfred schon jetzt eine erfolgreiche Arbeit in dieser herausragenden Position.<\/p>\n\n\n\n<hr class=\"wp-block-separator\"\/>\n\n\n\n<p><strong>Ruder-WM in Amsterdam &#8211; Finals<\/strong>&nbsp;<br><br>Der Steuermann des &#8222;Wasser-Taxis&#8220; Jonas Wiesen (RG Treis-Karden) gewann die erste Medaille f\u00fcr Rheinland-Pfalz. Im Zweier mit gab es dieses Jahr keine Chance auf den Sieg, den die \u00fcberlegenen Neuseel\u00e4nder mit deutlichen 15 Sekunden vor dem Deutschen Boot erringen konnten. Silber gewann Gro\u00dfbritannien, aber knapp dahinter fuhr der Deutsche Zweier \u00fcber die Ziellinie und gewann verdient die Bronze-Medaille im 12-Boote-Feld.<br>Eine Medaille gab es diese Jahr noch nicht f\u00fcr die &#8222;Senkrechtstarter&#8220; aus Mainz im Leichgewichts-Doppelzweier. Aber Moritz Moos und Jason Osborne fuhren ein mutiges Rennen im A-Finale und konnten am Ende das Boot aus den Niederlanden hinter sich halten. Nach vorne fehlten 10 Sekunden zu den ersten drei Pl\u00e4tzen, die nur im Zehntel-Sekunden-Bereich auseinander lagen. S\u00fcdafrika konnte in diesem Rennen \u00fcberraschend gegen Frankreich und Norwegen gewinnen, was bestimmt auch durch die unterschiedlichen Windbedingungen auf den einzelnen Bahnen unterst\u00fctzt wurde.<br>Im abschlie\u00dfenden Rennen des M\u00e4nner-Achters reichte es f\u00fcr das Boot um Richard Schmidt (RG Treviris Trier) zur Silbermedaille. Auch hier war der Wind der Grund f\u00fcr den Sieg des englischen Achters, der im Vorlauf noch deutlich vom deutschen Achter bezwungen wurde und im Finale mit einer halben Sekunde Vorsprung gewann.<br><\/p>\n\n\n\n<hr class=\"wp-block-separator\"\/>\n\n\n\n<p><strong>Ruder-WM in Amsterdam &#8211; Alle Rheinland-Pf\u00e4lzer im A-Finale<\/strong>&nbsp;<br><br>Es ist geschafft! Auch Moritz Moos und Jason Osborne (beide Mainzer RV) sind \u00fcber ein taktisch gut gefahrenes Halfinale in das A-Finale eingezogen. Platz 2 mit wenigen Zehntel Sekunden R\u00fcckstand auf Italien hat zu der Qualifikation gereicht.<\/p>\n\n\n\n<hr class=\"wp-block-separator\"\/>\n\n\n\n<p><strong>Ruder-WM in Amsterdam mit vier Startern aus Rheinland-Pfalz<\/strong>&nbsp;<br><br>Richard Schmidt (RV Treviris Trier) ist, wie in den vergangenen Jahren, im M\u00e4nner Achter am Start und konnte sich \u00fcber den Vorlauf direkt f\u00fcr das Finale qualifizieren.&nbsp;<br>Der Leichtgewichts-Doppelzweier aus Mainz mit den beiden U23 Weltmeistern Moritz Moos und Jason Osborne hat es mit einem gr\u00f6\u00dferen Starterfeld zu tun und muss den Weg \u00fcber Viertelfinale und Halbfinale gehen. Auch hier ist bereits der Einzug in das Halbfinale mit einem Sieg im Viertelfinale souver\u00e4n gegl\u00fcckt.<br>Auch der Steuermann Jonas Wiesen von der RG Treis-Karden konnte sein Boot auf den richtigen Weg bringen und steuerte den M\u00e4nner-Zweier mit \u00fcber den Sieg im Hoffnungslauf in das Finale A.<\/p>\n\n\n\n<hr class=\"wp-block-separator\"\/>\n\n\n\n<p><strong>Gold f\u00fcr Moritz Moos und Jason Osborne bei U23-WM in Varese (ITA)<\/strong><br><br>Das Mainzer Duo mit Moritz Moos und Jason Osborne konnte in Varese souver\u00e4n seine Goldmedaille aus dem Vorjahr verteidigen. Schon die Vorl\u00e4ufe dominierte die Mannschaft nach belieben, um dann im Finale vom Start weg den Gegnern klar zu machen, dass die Titelverteidigung nicht in Frage steht. Alle Spurts der Gegner aus Holland und Frankreich konnten die Mainzer direkt kontern und hielten ihre Gegner \u00fcber die Strecke konstant mit einer Bootsl\u00e4nge auf Abstand.&nbsp;<br>F\u00fcr die weiteren Starter aus Rheinland-Pfalz verliefen die Rennen nicht ganz so gl\u00fccklich. Sowohl der Frauen Doppelzweier mit Anna G\u00f6tz (Mainzer RV), als auch der M\u00e4nner Doppelzweier mit Timo Piontek (Koblenzer RC Rhenania) kamen knapp geschlagen auf einen vierten Platz. Die gleiche Platzierung gab es f\u00fcr Elias Dreismichenbecker (RG Speyer) im Lgw. Doppelvierer und den Steuermann Jonas Wiesen (RG Treis-Karden) im M\u00e4nner Achter. Im B-Finale auf Platz 5 kam Katrin Morbe (RG Treviris Trier) im Lgw. Frauen-Einer.<\/p>\n\n\n\n<hr class=\"wp-block-separator\"\/>\n\n\n\n<p><strong>Zum Tod von Hans-Gustav &#8222;Hagu&#8220; Schug&nbsp;<\/strong><br><br>Herr Schug war Ehrenpr\u00e4sident der Rudergesellschaft Speyer 1883 e.V Mitglied seit 01.04.1942. Er verstarb nach schwerer Krankheit doch sehr pl\u00f6tzlich.<br>Er war bis 2009 25 Jahre Vorsitzender des Fachverbands Rudern Pfalz e.V. sowie 2. Vorsitzender des Landesruderverbands Rheinland-Pfalz e.V. und 2. Vorsitzender des Stadtsportverbandes<br>Herr Schug, schon vielfach ausgezeichnet, herausragend u.a. mit dem Bundesverdienstkreuz, war au\u00dferdem mehr als 25 Jahre Mitglied des Hauptausschusses des Sportbundes Pfalz (dort als Ehrenmitglied weiterhin beratend t\u00e4tig) .<br>Vor mehr als 70 Jahren (Eintritt 01.04.1942) begann sein sportliches Engagement in der Rudergesellschaft Speyer als&nbsp;<br>Jugendwart,&nbsp;<br>Schriftf\u00fchrer,&nbsp;<br>2. Vorsitzender und&nbsp;<br>1. Vorsitzender bis 1983<br>Danach wurde Herr Schug als Ehrenpr\u00e4sident gew\u00e4hlt und blieb seither bis heute in der Vorstandschaft aktiv im Bereich \u00d6ffentliche Verbindungen und Naturschutz und Im erweiterten Vorstand danach im Ehrenrat<br>Im Deutschen Ruderverband war Herr Schug \u00fcber 20 Jahre im Vorstand und leitete den Rechtsausschuss und den Schiedsrichterausschuss. Er selbst war aktiver Schiedsrichter national und international u.a bei 3 Olympischen Spielen.<br>Mir half er mit Rat und Tat aus 60 Jahre Ehrenamt<br>Nach 25 Jahren \u00fcbergab er mir das Amt des Sportkreisvorsitzenden im Sportkreis Speyer.<br>Im Sportbund war er Ehrenmitglied im Hauptausschuss<br>Bis zu seiner schweren Krankheit war er Klammer und Aktivator des Donnerstag Abend Stammtischs&nbsp;<br>Ich muss leider Abschied von meinem v\u00e4terlichen Berater in Sachen Sport und Sportpolitik nehmen. Die RGS Familie wird ihm ein ehrendes Andenken bewahren.<br>(Alfred Zimmermann)<\/p>\n\n\n\n<hr class=\"wp-block-separator\"\/>\n\n\n\n<p><strong>Deutsche Meisterschaften U23 in Brandenburg&nbsp;<\/strong><br><br><strong>Gold<\/strong><br>Timo Piontek (Koblenzer RC Rhenania), M\u00e4nner Doppelzweier<br>Moritz Moos (Mainzer RV), Lgw. M\u00e4nner Doppelzweier<br>Jason Osborne (Mainzer RV), Lgw. M\u00e4nner Doppelzweier<br>Kathrin Morbe (RV Treviris Trier), Lgw. Frauen Einer<br>Anna Maria G\u00f6tz (Mainzer RV), Frauen Doppelvierer<br>Elias Dreismichenbecker (RG Speyer), Lgw. M\u00e4nner Doppelvierer<br>Alexander Diedrich (RG Treis-Karden), Lgw. M\u00e4nner Achter<br>Jonas Wiesen (RG Treis-Karden), Steuermann im M\u00e4nner Achter&nbsp;<br><br><strong>Silber<\/strong><br>Anna Maria G\u00f6tz (Mainzer RV), Frauen Doppelzweier<br>Kathrin Morbe (RV Treviris Trier) Lgw. Frauen Doppelvierer<br>Jonas Wiesen (RG Treis-Karden) Steuermann im M\u00e4nner Vierer mit<br>Timo Piontek (Koblenzer RC Rhenania), M\u00e4nner Doppelvierer<br>Philipp Grebner (Mainzer RV), Lgw. M\u00e4nner Achter<br>Karolina Farr (Mainzer RV), Frauen Achter<br>Julia Hoffmann (RG Speyer), Frauen Achter&nbsp;<br><br><strong>Bronze<\/strong><br>Karolina Farr (Mainzer RV), Frauen Vierer ohne<br>Julia Hoffmann (RG Speyer), Frauen Vierer ohne<br>Philipp Grebner (Mainzer RV), Lgw. M\u00e4nner Zweier ohne<\/p>\n\n\n\n<hr class=\"wp-block-separator\"\/>\n\n\n\n<p><strong>Deutsche Meisterschaften U19 in Brandenburg<\/strong><br><br><strong>Gold<\/strong><br>Katharina Lang (Koblenzer RC Rhenania), Lgw. Juniorinnen Doppelzweier<br>Lena Reu\u00df (Koblenzer RC Rhenania), Lgw. Juniorinnen Doppelzweier<br>Maren Geib (RV Treviris Trier), Lgw. Juniorinnen Einer<br>Paul Hotz (Mainzer RV), Lgw. Junior Achter<br>Cornell Delzeith (Mainzer RV), Lgw. Junior Achter&nbsp;<br><br><strong>Silber<\/strong><br>Cornell Delzeith (Mainzer RV), Lgw. Junioren Vierer ohne<br>Paul Hotz (Mainzer RV), Lgw. Junioren Vierer ohne<br><br><strong>Bronze<\/strong><br>Lena Reu\u00df (Koblenzer RC Rhenania), Lgw. Juniorinnen Doppelvierer<br>Katharina Lang (Koblenzer RC Rhenania), Lgw. Juniorinnen Doppelvierer<br>Laura Nitzsche (Rg Treis-Karden), Lgw. Juniorinnen Doppelvierer<br>Jonathan Fl\u00f6htner (Koblenzer RC Rhenania), Lgw. Junioren Doppelvierer<br>Maximilian Bierwirth (Koblenzer RC Rhenania), Junioren Achter<\/p>\n\n\n\n<hr class=\"wp-block-separator\"\/>\n\n\n\n<p><strong>Deutsche Meisterschaften U17 in Brandenburg<\/strong>&nbsp;<br><br><strong>Gold<\/strong><br>Alicia Bohn (RG Speyer), Juniorinnen-Einer<br>Svenja Klee (RG Treis-Karden), Lgw. Juniorinnen-Einer<br>Janina Baal (Ludwigshafener RV), Juniorinnen Vierer ohne<br>Johanna Franken (RG Lahnstein), Juniorinnen Vierer ohne<br>Michaela D\u00f6rr (Koblenzer RC Rhenania), Juniorinnen Vierer ohne<br>Helena Sch\u00e4fer (Koblenzer RC Rhenania), Juniorinnen Vierer ohne<br><br><strong>Silber<\/strong><br>Tim Bier (RG Treis-Karden), Lgw. Junior-Doppelzweier<br>Jonas Weber (RG Treis-Karden), Lgw. Junior-Doppelzweier<\/p>\n\n\n\n<hr class=\"wp-block-separator\"\/>\n\n\n\n<p><strong>Silber f\u00fcr den Leichtgewichts-Doppelzweier aus Mainz beim World-Cup&nbsp;<\/strong><br><br>Am vergangenen Wochenende machte der Ruder World-Cup in Aiguebelette (FRA) Station. Aus Rheinland-Pfalz waren die jungen Mainzer Moritz Moos und Jason Osborne am Start und nutzten ihre Chance, sich nachhaltig um einen Startplatz bei der WM zu bewerben. Der souver\u00e4ne Sieg im Halbfinale brachte den Startplatz im A-Finale ein, wo sich das Boot einen packenden Kampf mit dem norwegischen Boot um Platz 2 lieferte. Nach 500m noch auf Platz 2 kamen die Norweger auf den folgenden 500m am deutschen Boot vorbei. Bis 1500m waren dann beide Boote gleichauf, bevor das Mainzer Boot sich um eine knappe L\u00e4nge absetzen konnte. Beeindruckend war in diesem Rennen die Leistung der Franzosen, die vor eigenem Publikum immer mit dem Abstand von einer knappen L\u00e4nge ihren ersten Platz behaupten konnten.<br><br>Titelverteidigung f\u00fcr Richard Schmidt erfolgreich 22:30, 02 Jun 2014<br><br>Bei den Europameisterschaften in Belgrad konnte Richard Schmidt (RV Treviris Trier) seinen Titel mit dem Deutschland-Achter erfolgreich verteidigen. In einem Rennen, das der Deutsche Achter nie aus der Hand gab, konnten die Boote aus Russland, England und Polen auf die weiteren Pl\u00e4tze verwiesen werden. Die Goldmedaille des Achters war auch der einzige Sieg f\u00fcr das Deutsche Team, das dar\u00fcber hinaus 9 weiter Medaillen gewinnen konnte.<\/p>\n\n\n\n<hr class=\"wp-block-separator\"\/>\n\n\n\n<p><strong>EM in Belgrad am 30.05.-01.06&nbsp;<\/strong><br><br>Am kommenden Woche finden mit den Europameisterschaften die ersten internationalen Meisterschaften der Saison 2014 statt. Der DRV hat in einigen Booten Experimente gewagt. So auch im M\u00e4nner Achter, der mit drei internationalen Neulingen an Bord an den Start geht. Als feste Gr\u00f6\u00dfe ist aber wieder unser Olympiasieger Richard Schmidt dabei.<\/p>\n\n\n\n<hr class=\"wp-block-separator\"\/>\n\n\n\n<p><strong>DM im Kleinboot in K\u00f6ln &#8211; Gold, Silber und Bronze&nbsp;<\/strong><br><br>Auch 2014 gibt es in Rheinland-Pfalz eine kleine, aber sehr schlagkr\u00e4ftige Gruppe .<br>Allen voran war es auch dieses Jahr wieder Richard Schmidt (RV Treviris Trier), der mit seinem Partner Felix Drahotta aus Leverkusen den M\u00e4nner Zweier ohne Stm. dominiert. Ein Platz im Nationalteam f\u00fcr die Weltmeisterschaften sollte den beiden Sportlern damit sicher sein.<br>Auch die Leichtgewichte Jason Osborn (Silber) und Moritz Moos (Bronze) vom Mainzer RV haben eine Ausnahmeleistung gezeigt. Nur der Berliner Lars Hartig konnte sich ganz knapp vor den beiden Nachwuchsruderern behaupten, die mit dieser Leistung ebenfalls zum Nationalteam geh\u00f6ren m\u00fc\u00dften.<br>Dar\u00fcber hinaus konnten sich verschiedene Sportler gut in B-Finals pr\u00e4sentieren und erreichten damit vordere &#8222;Pl\u00e4tze&#8220; in der U23-Wertung.<\/p>\n\n\n\n<hr class=\"wp-block-separator\"\/>\n\n\n\n<p><strong>Termine f\u00fcr Verbandswanderfahrten sind Online&nbsp;<\/strong><br><br>Alle Wanderfahrer m\u00f6chten wir darauf hinweisen, dass sich Herbert Scheid (Wanderruderwart aus dem Rheinland) dazu bereit erkl\u00e4rt hat, die Wanderfahrten f\u00fcr alle Rheinland-Pf\u00e4lzer zu \u00f6ffnen. Die Termine sind in der Kalenderliste zu finden. Zur besseren Planung wird um eine Anmeldung per Email gebeten.<\/p>\n\n\n\n<hr class=\"wp-block-separator\"\/>\n\n\n\n<p><strong>Ergometer WM in Boston am 16.02.2014&nbsp;<\/strong><br><br>Petra Schallenberg (Koblenzer RC Rhenania) konnte ihren WM Titel in Boston erfolgreich verteidigen. In der Zeit von 7:18,2 min gewann sie erneut bei den Leichtgewichts-Frauen der Altersklasse 40-49 Jahre mit einem deutlichen Abstand von 7 Sekunden vor der Zweitplatzierten. Die Zeit h\u00e4tte auch bei der Altersklasse 30-39 problemlos zum Titel gereicht.<\/p>\n\n\n\n<hr class=\"wp-block-separator\"\/>\n\n\n\n<p><strong>Die Saison hat begonnen &#8211; DM Ergometerrangliste&nbsp;<\/strong><br><br>Am letzten Wochenende wurde die Ergometerrangliste in Kettwig traditionell abgeschlossen. Erfreulich war dabei das Abschneiden der Sportler aus Rheinland-Pfalz, die sich in eingen Klassen unter den Medaillengewinnern pr\u00e4sentieren konnten.&nbsp;<br>Hier die Ergebnisse im Einzelnen:<br><br><strong>Gold<\/strong><br>Paul Stein (Koblenzer RC Rhenania) Lgw. Junioren 15\/16 Jahre in der Zeit von 04:52,9 \u00fcber 1500m<br><br><strong>Silber<\/strong><br>Svenja Klee (RG Treis-Karden) Lgw. Juniorinnen 15\/16 Jahre in der Zeit von 05:42,1 \u00fcber 1500m<br>Lena Reu\u00df (Koblenzer RC Rhenania) Lgw. Juniorinnen 17\/18 Jahre in der Zeit von 07:25,2 \u00fcber 2000m<br>Jonathan Fl\u00f6htner (Koblenzer RC Rhenania) Lgw. Junioren 17\/18 Jahre in der Zeit von 06:34,1 \u00fcber 2000m<\/p>\n\n\n\n<p><strong>Bronze<\/strong><br>Kathrin Morbe (RV Treviris Trier) Lgw. Juniorinnen 17\/18 Jahre in der Zeit von 07:26,4 \u00fcber 2000m&nbsp;<br>Anna-Maria G\u00f6tz (Mainzer RV) Frauen (offene Klasse) in der Zeit von 06:59,4 \u00fcber 2000m<br>Jason Osborne (Mainzer RV) Lgw. M\u00e4nner (offene Klasse) in der Zeit von 06:10,9 \u00fcber 2000m<br>Horst Paelzer (Koblenzer RC Rhenania) M\u00e4nner 65-69 Jahre in der Zeit von 03:31,5 \u00fcber 1000m<\/p>\n","protected":false},"excerpt":{"rendered":"<p>Alfred Zimmermann zum Vorsitzenden der Deutschen Ruderjugend gew\u00e4hlt&nbsp; Am 26. Oktober wurde unser Schatzmeister Alfred Zimmermann in Hannover zum Vorsitzenden der Deutschen Ruderjugend gew\u00e4hlt. Auch in der DRJ war Alfred bereits als Schatzmeister im Vorstand t\u00e4tig und \u00fcbernimmt nun f\u00fcr zwei Jahre das Amt des Vorsitzenden bis ein neuer j\u00fcngerer Vorsitzender f\u00fcr das Amt &#8222;ausgebildet&#8220; &hellip; <\/p>\n<p class=\"link-more\"><a href=\"https:\/\/ruderverband-suedwest.de\/?page_id=560\" class=\"more-link\"><span class=\"screen-reader-text\">\u201eArchiv 2014\u201c<\/span> weiterlesen<\/a><\/p>\n","protected":false},"author":1,"featured_media":0,"parent":0,"menu_order":0,"comment_status":"closed","ping_status":"closed","template":"","meta":{"footnotes":""},"class_list":["post-560","page","type-page","status-publish","hentry"],"_links":{"self":[{"href":"https:\/\/ruderverband-suedwest.de\/index.php?rest_route=\/wp\/v2\/pages\/560","targetHints":{"allow":["GET"]}}],"collection":[{"href":"https:\/\/ruderverband-suedwest.de\/index.php?rest_route=\/wp\/v2\/pages"}],"about":[{"href":"https:\/\/ruderverband-suedwest.de\/index.php?rest_route=\/wp\/v2\/types\/page"}],"author":[{"embeddable":true,"href":"https:\/\/ruderverband-suedwest.de\/index.php?rest_route=\/wp\/v2\/users\/1"}],"replies":[{"embeddable":true,"href":"https:\/\/ruderverband-suedwest.de\/index.php?rest_route=%2Fwp%2Fv2%2Fcomments&post=560"}],"version-history":[{"count":1,"href":"https:\/\/ruderverband-suedwest.de\/index.php?rest_route=\/wp\/v2\/pages\/560\/revisions"}],"predecessor-version":[{"id":561,"href":"https:\/\/ruderverband-suedwest.de\/index.php?rest_route=\/wp\/v2\/pages\/560\/revisions\/561"}],"wp:attachment":[{"href":"https:\/\/ruderverband-suedwest.de\/index.php?rest_route=%2Fwp%2Fv2%2Fmedia&parent=560"}],"curies":[{"name":"wp","href":"https:\/\/api.w.org\/{rel}","templated":true}]}}