{"id":568,"date":"2020-05-10T18:32:39","date_gmt":"2020-05-10T18:32:39","guid":{"rendered":"http:\/\/ruderverband-suedwest.de\/?page_id=568"},"modified":"2020-05-10T18:32:39","modified_gmt":"2020-05-10T18:32:39","slug":"archiv-2010","status":"publish","type":"page","link":"https:\/\/ruderverband-suedwest.de\/?page_id=568","title":{"rendered":"Archiv 2010"},"content":{"rendered":"\n<hr class=\"wp-block-separator\"\/>\n\n\n\n<p><strong>Der Landesruderverband w\u00fcnscht allen Ruderern frohe Weihnachten und eine erfolgreiche Saison 2011&nbsp;<\/strong><\/p>\n\n\n\n<figure class=\"wp-block-image\"><img decoding=\"async\" src=\"http:\/\/landesruderverbandrheinlandpfalz.de\/wb\/media\/Achter%202010.jpg\" alt=\"\"\/><\/figure>\n\n\n\n<hr class=\"wp-block-separator\"\/>\n\n\n\n<p><strong>Deutschlandachter auf Platz 2 bei der Wahl zur Mannschaft des Jahres&nbsp;<\/strong>(19.12.2010)<\/p>\n\n\n\n<p>Der sportliche Erfolg der Mannschaft wurde nun auch bei den Sportjournalisten belohnt. Bei der Wahl zur Mannschaft des Jahres reichte es dieses Mal zu Platz 2 und die Mannschaft einschlie\u00dflich dem Trainer repr\u00e4sentierte den Rudersport auf dem vornehmen Parkett in der gewohnten Lockerheit.&nbsp;<\/p>\n\n\n\n<hr class=\"wp-block-separator\"\/>\n\n\n\n<p><strong>Talentecup der Ruderjugend Rheinland-Pfalz in Mainz<\/strong><\/p>\n\n\n\n<p>Am 11.12.2010 findet dieses Jahr der Talentecup der Ruderjugend in Mainz statt. Wie gewohnt erfolgt die Anmeldung der Sportler \u00fcber die Webseite des Talentecup<br>&nbsp;<\/p>\n\n\n\n<p><a target=\"_blank\" href=\"http:\/\/www.talentecup.de\/\" rel=\"noreferrer noopener\">www.talentecup.de<br><\/a><\/p>\n\n\n\n<p>Auch alle weiteren Informationen rund um die Veranstaltung erh\u00e4lt man dort. Der Talentecup ist ein MUSS f\u00fcr alle Rheinland-Pf\u00e4lzischen Nachwuchsruderer, aber auch offen f\u00fcr Sportler aus anderen Disziplinen \/ Sportarten.<br>&nbsp;<\/p>\n\n\n\n<hr class=\"wp-block-separator\"\/>\n\n\n\n<p><strong>WM-Gold f\u00fcr Richard Schmidt und Sebastian Schmidt im M\u00e4nner-Achter<\/strong>&nbsp;(07.11.2010)<br>&nbsp;<\/p>\n\n\n\n<p>Unsere zwei Rheinland-Pf\u00e4lzer haben es geschafft. Der WM Titel konnte von Sebastian Schmidt (Mainzer RV) und Richard Schmidt (RV&nbsp;Treviris Trier) in einem packenden Rennen verteidigt werden. Aber die Mannschaften sind enger zusammen ger\u00fcckt und gerade im Hinblick auf die Olympiade in London muss der Deutsche Achter in der Zukunft auf die Briten aufpassen.<br>Dieses Jahr waren die letzten 250m im Deutschen Boot jedenfalls stark genug, um den Rest der Welt abzuh\u00e4ngen und damit ist der Achter seit 2008 auf der 2000m Strecke weiterhin ungeschlagen.<\/p>\n\n\n\n<hr class=\"wp-block-separator\"\/>\n\n\n\n<figure class=\"wp-block-image\"><img decoding=\"async\" src=\"http:\/\/landesruderverband-rlp.de\/wb\/media\/WRC_ERGO2010-A5.jpg\" alt=\"\"\/><\/figure>\n\n\n\n<hr class=\"wp-block-separator\"\/>\n\n\n\n<p><strong>Baltic Cup, Hamburg&nbsp;<\/strong>(11.10.2010)<\/p>\n\n\n\n<p>Das Deutsche Team hatte beim Baltic-Cup 2010 in Hamburg einen hervorragenden Auftritt und souver\u00e4n den Gesamtsieg errungen. Mit dabei waren auch wieder Ruderer\/innen aus Rheinland-Pfalz. Nachdem die Ruderinnen Jessica Beer (RV Ingelheim)&nbsp;und Dorothee G\u00f6tz (Mainzer RV) im Juniorinnen-Doppelvierer am Samstag \u00fcber 2000m noch den zweiten Platz hinter dem zweiten Deutschen Boot belegten, konnten sie am Sonntag einen Sieg \u00fcber die 500m heraus rudern. Dieser Taktik folgten auch unsere amtierenden Deutschen Jugendmeister Marcel Hilgers (RG Lahnstein) und Moritz Moos (Mainzer RV). Sie mussten sich am ersten Tag im Junioren-Doppelzweier Estland geschlagen geben, bevor sie dann am zweiten Tag ebenfalls die Goldmedaille erringen konnten. Aller guten Dinge sind drei! Auch der Juniorinnen Vierer ohne mit Rheinland-Pf\u00e4lzer Beteiligung w\u00e4hlte die etablierte Taktik. Am ersten Tag gewann das Boot um die beiden jungen Damen der Treviris Trier Lena Klemm und Michelle Lauer die Silbermedaille hinter dem zweiten Deutschen Boot und drehte am Sonntag den &#8222;Spiess um&#8220; und gewann mit einer halben L\u00e4nge Vorsprung die Goldmedaille.<\/p>\n\n\n\n<hr class=\"wp-block-separator\"\/>\n\n\n\n<p><strong>Europameisterschaften in Montemor-o-Vehlo, Portugal<\/strong>&nbsp;(13.09.2010)<br>&nbsp;<\/p>\n\n\n\n<p>Auch bei diesem Grossereignis der Saison sind Ruderer aus Rheinland-Pfalz mit Medaillen zur\u00fcckgekehrt. Der M\u00e4nner-Achter setzte sich erfolgreich gegen Polen und die Ukraine durch und sichert sich die Goldmedaille. Mit im Boot Sebastian Schmidt (Mainzer RV) und Richard Schmidt (RG Treviris Trier). Damit wird diese Mannschaft ungeschlagen als Favorit zur WM nach Neuseeland fahren.<br>Auch der Frauen Achter mit Silke G\u00fcnther (Mainzer RV), der in Luzern noch nicht das erwartete Ergebnis einfahren konnte, hat mit einer Bronzemedaille bei den Europameisterschaften auf sich aufmerksam gemacht und einen wichtigen Schritt in Richtung WM genommen.<br>&nbsp;<\/p>\n\n\n\n<hr class=\"wp-block-separator\"\/>\n\n\n\n<p><strong>Jahresauswertung 2010 durch unseren Landestrainer Robert Sens&nbsp;<\/strong>(09.09.2010)<br>&nbsp;<\/p>\n\n\n\n<p>Am 23. und 24. Oktober findet in Worms ein besonderes &#8222;Event&#8220; statt. Robert Sens wird die zur\u00fcckliegende Saison Revue passieren lassen und H\u00f6hen und Tiefen der Regattasaison durchleuchten. Unterst\u00fctzt wird er dabei von mehreren Bootstrainern Rheinlandpf\u00e4lzischer Mannschaften.&nbsp;<br>Ziel soll es sein, die Zusammenarbeit in Rheinland-Pfalz zu st\u00e4rken, um gemeinsam aus Fehlern zu lernen und positive Impulse f\u00fcr die n\u00e4chste Saison zu \u00fcbernehmen.<\/p>\n\n\n\n<p>Zielgruppe sind alle Trainer in Rheinland-Pfalz, sowie Vereinsvertreter, die f\u00fcr die leistungssportlichen Belange in ihrem Verein zust\u00e4ndig sind. Die Anmeldung zu der Veranstaltung erfolgt \u00fcber Robert Sens direkt.&nbsp;<br>&nbsp;<\/p>\n\n\n\n<hr class=\"wp-block-separator\"\/>\n\n\n\n<p><strong>S\u00fcdwestdeutsche Meisterschaften in Trier<\/strong>&nbsp;(26.08.2010)<br>&nbsp;<\/p>\n\n\n\n<p>Gro\u00dfe Ereignisse werfen ihre Schatten vorraus. So ist es auch mit unseren Landesmeisterschaften, die am 02.\/03. Oktober 2010 in Trier stattfinden. Aus diesem Grund m\u00f6chten wir sie auf die Webseiten von Treviris Trier hinweisen, die auch bereits die Ausschreibung zur Verf\u00fcgung gestellt haben. Bitte auf den folgenden Link klicken:<br>&nbsp;<\/p>\n\n\n\n<p>&nbsp;&nbsp; &nbsp; &nbsp; &nbsp; &nbsp; &nbsp; &nbsp; -&gt;&nbsp;<a href=\"http:\/\/www.treviris.de\/regatta2010\/\">SWD 2010 in Trier<\/a><\/p>\n\n\n\n<hr class=\"wp-block-separator\"\/>\n\n\n\n<p><strong>Verbandsrundschreiben<\/strong>&nbsp;(23.08.2010)<\/p>\n\n\n\n<p><br>Der Deutsche Ruderverband bereitet zur Zeit seinen Rudertag 2010 vom (19.-21.11.2010) in Schweinfurt vor. Aus diesem Anlass werden die Verbandsrundschreiben zur allgemeinen Kenntnisnahme verteilt. Nat\u00fcrlich erhalten sie diese Informationen auch auf unserer Webseite.<br>&nbsp;<\/p>\n\n\n\n<p>&nbsp;&nbsp; -&gt;&nbsp;<a href=\"http:\/\/landesruderverband-rlp.de\/wb\/media\/Verbandsrundschreiben\/RT10%20-%20Verbandsrundschreiben%20-%20Vollmachten.pdf\">Nr. 612 (60. Deutscher Rudertag)<br><\/a>&nbsp;&nbsp; -&gt; Nr. 613&nbsp;<\/p>\n\n\n\n<hr class=\"wp-block-separator\"\/>\n\n\n\n<p><strong><small>U19 Weltmeisterschaften in Racice, Tschechien&nbsp;<\/small><\/strong><small>(08.08.2010)<\/small><\/p>\n\n\n\n<p><strong><small>Gold<\/small><\/strong><small><br>Stephanie Hang (RV Ingelheim) im Juniorinnen Doppelvierer<\/small><\/p>\n\n\n\n<p><strong><small>Bronze<\/small><\/strong><small><br>Jennifer Schulte (Koblenzer RC&nbsp;Rhenania) im Juniorinnen Achter<\/small><\/p>\n\n\n\n<hr class=\"wp-block-separator\"\/>\n\n\n\n<p><strong><small>U23-Weltmeisterschaften in Brest (BLR)&nbsp;<\/small><\/strong><small>(26.07.2010)<\/small><\/p>\n\n\n\n<p><strong><small>Gold<\/small><\/strong><small><br>Michael Etzkorn (Mainzer VR) im Lgw. Doppelzweier<\/small><\/p>\n\n\n\n<p><strong><small>Bronze<\/small><\/strong><small><br>Lea-Katlen K\u00fchne (Mainzer RV) im Frauen Vierer-ohne<\/small><\/p>\n\n\n\n<hr class=\"wp-block-separator\"\/>\n\n\n\n<p><strong><small>Deutsche Grossbootmeisterschaften, M\u00fcnchen<\/small><\/strong><small>&nbsp;(01.08.2010)<\/small><\/p>\n\n\n\n<p><strong><small>Gold<\/small><\/strong><small><br>Clara Karches, Silke G\u00fcnther, Lea-Katlen K\u00fchne, Barbara Karches (Mainzer RV) im Frauen Vierer-ohne<\/small><\/p>\n\n\n\n<p><strong><small>Silber<\/small><\/strong><small><br>Clara Karches, Silke G\u00fcnther, Lea-Katlen K\u00fchne, Charlotte Arand (Mainzer RV) im Frauen Doppelvierer<br>Michael Etzkorn und Christoph Thiem (Mainzer RV) im Lgw. M\u00e4nner Doppelzweier<\/small><\/p>\n\n\n\n<hr class=\"wp-block-separator\"\/>\n\n\n\n<p><strong><small>Bundesentscheid Kinderrudern in H\u00fcrth<\/small><\/strong><small>&nbsp;(04.07.2010)<\/small><\/p>\n\n\n\n<p><strong><small>Gold<\/small><\/strong><small><br>Kathrin Morbe (RV&nbsp;Treviris Trier) im Lgw. M\u00e4dchen Einer (96)<\/small><\/p>\n\n\n\n<p><strong><small>Silber<\/small><\/strong><small><br>Silke Mohr (Mainzer RV) und Lena Pl\u00f6tz (Mainzer RV) im M\u00e4dchen Doppelzweier (96)<\/small><\/p>\n\n\n\n<p><strong><small>Bronze<\/small><\/strong><small><br>Janis Wagner (RG&nbsp;Speyer) und Elias Dreismichenbecker (RG&nbsp;Speyer) im Jungen Doppelzweier (96)<\/small><\/p>\n\n\n\n<hr class=\"wp-block-separator\"\/>\n\n\n\n<p><strong><small>U19 Meisterschaften in Essen<\/small><\/strong><small>&nbsp;(28.06.2010)<\/small><\/p>\n\n\n\n<p><strong><small>Gold<\/small><\/strong><small><br>Leonie Scheuermann (Ludwigshafener RV) im Juniorinnen Vierer ohne<br>Jennifer Schulte (Koblenzer RC&nbsp;Rhenania) im Juniorinnen Vierer ohne<\/small><\/p>\n\n\n\n<p><strong><small>Silber<\/small><\/strong><small><br>Stefanie Hang (RV&nbsp;Ingelheim) im Juniorinnen Doppelvierer<br>Leonie Scheuermann (Ludwigshafener RV) im Juniorinnen Achter<br>Jennifer Schulte (Koblenzer RC&nbsp;Rhenania) im Juniorinnen Achter<br>Michelle Lauer (RV Treviris Trier) im Juniorinnen Achter<br>Lena Klemm (RV Treviris Trier) im Juniorinnen Achter<\/small><\/p>\n\n\n\n<p><strong><small>Bronze<\/small><\/strong><small><br>Marco Hornfischer (Koblenzer RC&nbsp;Rhenania) im Lgw. Junioren Zweier ohne<br>Frederik Anspach (Koblenzer RC&nbsp;Rhenania) im Lgw. Junioren Zweier ohne<br>Marco Hornfischer (Koblenzer RC&nbsp;Rhenania) im Lgw. Junioren Achter<br>Frederik Anspach (Koblenzer RC&nbsp;Rhenania) im Lgw. Junioren Achter<br>Jessica Beer (RV Ingelheim) im Juniorinnen Doppelvierer<\/small><\/p>\n\n\n\n<hr class=\"wp-block-separator\"\/>\n\n\n\n<p><strong><small>U17 Meisterschaften in Essen<\/small><\/strong><small>&nbsp;(28.06.2010)<\/small><\/p>\n\n\n\n<p><strong><small>Gold<\/small><\/strong><small><br>Marcel Hilgers (RG&nbsp;Lahnstein) im Junioren Doppelzweier<br>Moritz Moos (Mainzer RV) im Junioren Doppelzweier<\/small><\/p>\n\n\n\n<p><strong><small>Bronze<\/small><\/strong><small><br>Dorothee Goetz (Mainzer RV) im Juniorinnen Einer<br>Sebastian Gruhn (Koblenzer RC&nbsp;Rhenania) im Lgw. Junioren Einer<\/small><\/p>\n\n\n\n<hr class=\"wp-block-separator\"\/>\n\n\n\n<p><strong><small>U23 Meisterschaften in Essen<\/small><\/strong><small>&nbsp;(26.06.2010)<\/small><\/p>\n\n\n\n<p><strong><small>Gold<\/small><\/strong><small><br>Clara Karches (Mainzer RV) im Frauen Achter<br>Michael Etzkorn (Mainzer RV) im Lgw. M\u00e4nner Doppelvierer<\/small><\/p>\n\n\n\n<p><strong><small>Silber<\/small><\/strong><small><br>Lea-Katlen K\u00fchne (Mainzer RV) im Frauen Achter<br>Lukas Oberhausen (RG&nbsp;Treis-Karden) im Lgw. Zweier ohne<\/small><\/p>\n\n\n\n<p><strong><small>Bronze<\/small><\/strong><small><br>Lea-Katlen K\u00fchne (Mainzer RV) im Frauen Vierer ohne<\/small><\/p>\n\n\n\n<hr class=\"wp-block-separator\"\/>\n\n\n\n<p><strong><small>Brandenburg bewirbt sich um Ruder-WM 2015<\/small><\/strong><small>&nbsp;(18.07.2010)<\/small><\/p>\n\n\n\n<p>Wie sie vermutlich schon aus der Fachpresse wissen, bewirbt sich die Stadt Brandenburg um die Ruderweltmeisterschaften 2015. Gro\u00dfe Anstrengungen wurden unternommen, um diesem Ziel n\u00e4her zu kommen und so wurde auch nicht davor zur\u00fcckgeschreckt, eine Insel um ein paar Meter zu versetzen, was bestimmt eine einmalige Aktion in Deutschland darstellt. Nat\u00fcrlich m\u00f6chte auch der DRV die Bewerbungsma\u00dfnahmen unterst\u00fctzen und auch f\u00fcr unsere Sportart Rudern werben. Daher wird von Verbandsseite auch die Verteilung der folgenden Aufkleber unterst\u00fctzt, wobei wir uns als Landesruderverband gerne anschlie\u00dfen. Wer gerne einen Aufkleber, oder auch mehrere zur Verteilung in seinem Verein haben m\u00f6chte, kann diese bei unserem Vorsitzender Ulrich Steinfurth bekommen. (Bitte per Mail oder Telefon kontaktieren) &nbsp;<\/p>\n\n\n\n<figure class=\"wp-block-image\"><img decoding=\"async\" src=\"http:\/\/landesruderverband-rlp.de\/wb\/media\/Aufkleber%20WM%202015%20Heckscheibe.jpg\" alt=\"\"\/><\/figure>\n\n\n\n<hr class=\"wp-block-separator\"\/>\n\n\n\n<p><small><strong>Ruder-World-Cup in M\u00fcnchen<\/strong>&nbsp;(21.06.2010)<\/small><\/p>\n\n\n\n<p>Nachdem der Deutsche Ruderverband bei der zweiten World-Cup Veranstaltung vor heimischer Kulisse eine nahezu komplette Mannschaft an den Start gebracht hat, war auch der Ruderverband Rheinland-Pfalz international vertreten.<small>Eine sehr saubere Leistung bot der M\u00e4nner-Achter, der schon im Vorlauf klar gemacht hat, wer hier die Goldmedaille gewinnen will. Im Finale konnte sich der Achter um den Schlagmann Sebastian Schmidt (Mainzer RV) und Richard Schmidt (RV Treviris Trier) mit einem ordentlichen Zwischenspurt vom Feld absetzen und einen sch\u00f6nen Sieg heraus fahren. Auch der Frauen-Achter konnte sich mit der Bronzemedaille einen Platz auf dem Treppchen erk\u00e4mpfen. In diesem Boot ist Rheinland-Pfalz durch die sehr erfahrene Ruderin Silke G\u00fcnther (Mainzer RV) vertreten, die sich in den Ausscheidungswettk\u00e4mpfen um die begehrten acht Pl\u00e4tze durchsetzen konnte. &nbsp;<br><\/small><\/p>\n\n\n\n<hr class=\"wp-block-separator\"\/>\n\n\n\n<p><strong>Spendenaktion des Ruder-Club Deutschland<\/strong><small><br>Der Ruder-Club Deutschland hat eine Stiftung, f\u00fcr die Geld gesammelt werden soll. \u00dcber die Stiftung sollen Projekte in den Vereinen unterst\u00fctzt werden.<br>Alle Spender geben ihren Heimatverein an, der damit automatisch an einer Verlosung beim Deutschen Rudertag teilnimmt. Der ausgeloste Verein erh\u00e4lt 5% der gesammelten Spenden.<br>N\u00e4here Infos erhalten sie<\/small><\/p>\n\n\n\n<p><a href=\"http:\/\/www.rcd-stiftung.de\/\"><small>hier<\/small><\/a><small>.&nbsp;Die Spendenaktion erreicht man direkt \u00fcber einen Klick auf das folgende Ruderblatt.<\/small><\/p>\n\n\n\n<figure class=\"wp-block-image\"><img decoding=\"async\" src=\"http:\/\/landesruderverband-rlp.de\/wb\/media\/RCD.jpg\" alt=\"\"\/><\/figure>\n\n\n\n<p><a href=\"http:\/\/www.rcd-stiftung.de\/index.php\/spendenaktion\"><\/a><\/p>\n\n\n\n<p><small><strong>Gold und Silber f\u00fcr Rheinland-Pf\u00e4lzer Ruderer bei der Kleinboot DM<\/strong><\/small><\/p>\n\n\n\n<p>Das war wieder ein gro\u00dfes Rennen im M\u00e4nner Zweier ohne mit dem perfekten Ausgang f\u00fcr den LRV. In einem packenden Finale konnten Kristof Wilke und Richard Schmidt (Treviris Trier) vor Toni Seifert und Sebastian Schmidt (Mainzer RV) die ersten beiden Pl\u00e4tze unter sich ausmachen. Da dieses Rennen bei optimalen \u00e4u\u00dferen Bedingungen ausgefahren wurde, haben unsere beiden Athleten einen ganz wichtigen Schritt in Richtung WM 2010 im M\u00e4nner Riemenbereich gemacht.Mit Platz 5 hat sich aber auch der Frauen Zweier ohne mit Clara Karches und Silke G\u00fcnther (beide Mainzer RV) ganz hervorragend in Szene gesetzt und gezeigt, dass hier zwei weitere Damen aus Rheinland-Pfalz f\u00fcr gr\u00f6\u00dfere Aufgaben bereit stehen.<\/p>\n\n\n\n<hr class=\"wp-block-separator\"\/>\n\n\n\n<p><strong>Zwei Goldmedaillen bei Ergometer-WM gingen nach Rheinland-Pfalz&nbsp;<\/strong>(17.02.2010)<\/p>\n\n\n\n<p><small><br>Das Deutsche Team sicherte sich mit 10 Goldmedaillen die Nationenwertung bei den Weltmeisterschaften auf dem Ergometer. Mit dabei waren Petra L\u00fccke (Koblenzer RC) die sich bei den Leichtgewichten der Altersklasse 30-39 Jahre mit der Zeit von 7:21,6 min \u00fcber die 2000m-Strecke die Goldmedaille sicherte. Kurz danach konnte Silke G\u00fcnther (Mainzer RV) in der Zeit von 7:01,8 min einen ungef\u00e4hrdeten Sieg bei den Frauen 30-39 Jahre der offenen Klasse nach Hause fahren.<\/small><\/p>\n\n\n\n<hr class=\"wp-block-separator\"\/>\n\n\n\n<p><small>Der L\u00e4nderrat des Deutschen Ruderverbandes hat am 21. Januar 2010 mit<\/small><\/p>\n\n\n\n<p><small>gro\u00dfer Mehrheit beschlossen, folgende Erkl\u00e4rung abzugeben:<\/small><\/p>\n\n\n\n<p><small><br>Der Rudertag in Oldenburg hat 2009 ein neues Grundgesetz beschlossen,<br>das in diesem Jahr Schritt f\u00fcr Schritt in die Verbandspraxis umgesetzt<br>werden muss. Ein wichtiger Meilenstein wird dabei der Schweinfurter<br>Rudertag im Herbst sein.&nbsp;&nbsp;<\/small><small><a href=\"[wblink35]\">-&gt; weiterlesen<\/a><\/small><\/p>\n\n\n\n<hr class=\"wp-block-separator\"\/>\n\n\n\n<p><strong>FSJ-Stelle in Treis-Karden zu vergeben<\/strong>&nbsp;(24.01.2010)&nbsp;<\/p>\n\n\n\n<p>Die Rudergesellschaft Treis-Karden sucht zum 1. April 2010 einen Bewerber zum Freiwilligen Sozialen Jahr (FSJ). Diese Stelle hat eine Dauer von 12 Monaten und wird als Zivildienst anerkannt. Der Verein hat 170 Mitglieder, betreibt Leistungs- und Breitensport und verf\u00fcgt \u00fcber ein bew\u00e4hrtes Talentsuchesystem mit dem Kurf\u00fcrst-Balduin-Gymnasium M\u00fcnstermaifeld (mehr unter www.rgtreis-karden.de). Die Bewerber(INNEN) sollten Ruderer sein und den PKW- F\u00fchrerschein besitzen. Bewerbungen und Ausk\u00fcnfte bis zum 8. Februar per eMail unter hippert-treis-karden@t-online.de oder per Telefon 02672\/2908.<\/p>\n","protected":false},"excerpt":{"rendered":"<p>Der Landesruderverband w\u00fcnscht allen Ruderern frohe Weihnachten und eine erfolgreiche Saison 2011&nbsp; Deutschlandachter auf Platz 2 bei der Wahl zur Mannschaft des Jahres&nbsp;(19.12.2010) Der sportliche Erfolg der Mannschaft wurde nun auch bei den Sportjournalisten belohnt. Bei der Wahl zur Mannschaft des Jahres reichte es dieses Mal zu Platz 2 und die Mannschaft einschlie\u00dflich dem Trainer &hellip; <\/p>\n<p class=\"link-more\"><a href=\"https:\/\/ruderverband-suedwest.de\/?page_id=568\" class=\"more-link\"><span class=\"screen-reader-text\">\u201eArchiv 2010\u201c<\/span> weiterlesen<\/a><\/p>\n","protected":false},"author":1,"featured_media":0,"parent":0,"menu_order":0,"comment_status":"closed","ping_status":"closed","template":"","meta":{"footnotes":""},"class_list":["post-568","page","type-page","status-publish","hentry"],"_links":{"self":[{"href":"https:\/\/ruderverband-suedwest.de\/index.php?rest_route=\/wp\/v2\/pages\/568","targetHints":{"allow":["GET"]}}],"collection":[{"href":"https:\/\/ruderverband-suedwest.de\/index.php?rest_route=\/wp\/v2\/pages"}],"about":[{"href":"https:\/\/ruderverband-suedwest.de\/index.php?rest_route=\/wp\/v2\/types\/page"}],"author":[{"embeddable":true,"href":"https:\/\/ruderverband-suedwest.de\/index.php?rest_route=\/wp\/v2\/users\/1"}],"replies":[{"embeddable":true,"href":"https:\/\/ruderverband-suedwest.de\/index.php?rest_route=%2Fwp%2Fv2%2Fcomments&post=568"}],"version-history":[{"count":1,"href":"https:\/\/ruderverband-suedwest.de\/index.php?rest_route=\/wp\/v2\/pages\/568\/revisions"}],"predecessor-version":[{"id":569,"href":"https:\/\/ruderverband-suedwest.de\/index.php?rest_route=\/wp\/v2\/pages\/568\/revisions\/569"}],"wp:attachment":[{"href":"https:\/\/ruderverband-suedwest.de\/index.php?rest_route=%2Fwp%2Fv2%2Fmedia&parent=568"}],"curies":[{"name":"wp","href":"https:\/\/api.w.org\/{rel}","templated":true}]}}