{"id":570,"date":"2020-05-10T18:33:09","date_gmt":"2020-05-10T18:33:09","guid":{"rendered":"http:\/\/ruderverband-suedwest.de\/?page_id=570"},"modified":"2020-05-10T18:33:09","modified_gmt":"2020-05-10T18:33:09","slug":"archiv-2009","status":"publish","type":"page","link":"https:\/\/ruderverband-suedwest.de\/?page_id=570","title":{"rendered":"Archiv 2009"},"content":{"rendered":"\n<p><strong>Ingelheimer Ruderinnen beim Baltic-Cup erfolgreich<\/strong>&nbsp;(28.09.2009)<br><br>Nachdem sich Jessica Beer und Stephanie Hang (beide Ingelheimer RV) bei den Deutschen U17 Meisterschaften den Titel sichern konnten, hatten sie am letzten Wochenende beim Baltic-Cup in Norwegen ihren ersten internationalen Auftritt. Hier konnten sie ihr Rennen im Juniorinnen Doppelzweier mit deutlichem Vorsprung vor Lettland und D\u00e4nemark gewinnen.<\/p>\n\n\n\n<hr class=\"wp-block-separator\"\/>\n\n\n\n<p><strong>Stellenausschreibung bei der Gesch\u00e4ftsstelle des DRV<\/strong><br><br>Der DRV m\u00f6chte zum 01.01.2010 in seiner Gesch\u00e4ftsstelle einen neuen Jugendsekret\u00e4r anstellen. Die genauere Beschreibung der Stelle und die Bewerbungsfristen finden sie unter dem folgenden<a target=\"_blank\" href=\"http:\/\/landesruderverband-rlp.de\/wb\/media\/Peter\/2009%20Jugendsekretaer.pdf\" rel=\"noreferrer noopener\">&nbsp;Link.<\/a><\/p>\n\n\n\n<hr class=\"wp-block-separator\"\/>\n\n\n\n<p><strong>Weltmeisterschaften 2009 &#8211; die Rennen<\/strong><br><strong><br>&nbsp;&nbsp;&nbsp;&nbsp;&nbsp;&nbsp;&nbsp;&nbsp;&nbsp;&nbsp;&nbsp;<\/strong><\/p>\n\n\n\n<p><br>Im ersten nacholympischen Jahr haben sich die Ruderer aus Rheinland-Pfalz ganz stark pr\u00e4sentiert und die &#8222;verungl\u00fcckten&#8220; Ergebnisse von der Olympiade in Peking vergessen lassen.<br>Der Start bei den Finall\u00e4ufen vom Sonntag aus Landessicht blieb dem leichten Achter vorbehalten. Hier kam die Crew um die Schlagleute Moritz Hafner und Martin Eiermann (beide Mainzer RV) nicht richtig in das Rennen. Der vom Landestrainer Robert Sens betreute Achter wurde leider schon fr\u00fch im Rennen durchgereicht und mu\u00dfte sich mit dem undankbaren 6. Platz zufrieden geben.<br>Dies Platzierung war nat\u00fcrlich nicht das Ziel des Leichtgewichts Vierers mit Jost Sch\u00f6mann-Finck (RG Treis Karden). Vom Start weg konnte sich das Boot in der Spitze aufhalten um sich dann bei 700 m mit einem enormen Spurt aus dem Feld zu katapultieren. Bei 1000 m war der Vorsprung auf eine gute L\u00e4nge angewachsen und wurde bis zur 1700 m Marke auch gehalten. Ab diesem Punkt kamen aber die D\u00e4nen nach vorne gespurtet und so wurde es am Schlu\u00df noch Mal richtig eng, aber es hat gereicht f\u00fcr den Deutschen Vierer mit Martin und Jochen K\u00fchner, sowie den Br\u00fcdern Jost und Matthias Sch\u00f6mann-Finck.&nbsp;<strong>WM-Gold!<\/strong><br>Der M\u00e4nner Achter um Schlagmann Sebastian Schmidt (Mainzer RV) und Richard Schmidt (RG Treviris Trier) ging schon als Favorit in das Rennen um die Weltmeisterschaft. So souver\u00e4n war der Auftritt des Bootes in Luzern und dem Vorlauf bei der Weltmeisterschaft. Vom Start weg lies die Mannschaft auch keinen Zweifel daran, wer hier Weltmeister werden will. Bei 500 m lagen die Boote aus Kanada und Deutschland schon eine L\u00e4nge vor dem restlichen Feld. Bis zur 1000 m Marke konnten die Kanadier auch noch mithalten, aber dann zog der Deutsche Achter mit einem riesigen Spurt davon. Am Schlu\u00df betrug der Vorsprung auf Kanada eine gute L\u00e4nge.&nbsp;<strong>WM-Gold!<\/strong><\/p>\n\n\n\n<hr class=\"wp-block-separator\"\/>\n\n\n\n<p><strong>Weltmeisterschaften 2009 &#8211; die Teilnehmer<\/strong><br><br>Nachdem dieses Jahr bei den Juniorenweltmeisterschaften kein Vertreter aus Rheinland-Pfalz am Start war und auch bei den U23 Weltmeisterschaften Clara Karches (Mainzer RV &#8211; Platz 5 im Frauen-Achter) die Landesfarben alleine vertreten hatte, kommt nun das gro\u00dfe Finale.<br>Bei der WM in Poznan sind die folgenden Aktiven aus Rheinland-Pfalz am Start:<br>Jost Sch\u00f6mann-Finck (RG Treis Karden) &#8211; Leichtgewichts M\u00e4nner Vierer ohne<br>Richard Schmidt (RV Treviris Trier) &#8211; M\u00e4nner Achter<br>Sebastian Schmidt (Mainzer RV) &#8211; M\u00e4nner Achter<br>Lukas Oberhausen (RG Treis Karden) &#8211; Leichtgewichts M\u00e4nner Achter<br>Moritz Hafner (Mainzer RV) &#8211; Leichtgewichts M\u00e4nner Achter<br>Martin Eiermann (Mainzer RV) &#8211; Leichtgewichts M\u00e4nner Achter<br><br>Erg\u00e4nzt werden die Aktiven noch durch unseren Landestrainer Robert Sens, der als Trainer des Leichtgewichts M\u00e4nner Achters mit nach Poznan f\u00e4hrt.<\/p>\n\n\n\n<hr class=\"wp-block-separator\"\/>\n\n\n\n<p><br><strong>Bundeswettbewerb im Kinderrudern 2009 auf der Olympia-Regattastrecke in M\u00fcnchen<\/strong><br><br>Zwar konnten keine Siege in den Finall\u00e4ufen \u00fcber die 1000 m &#8211; Strecke am Sonntag verbucht werden, aber insgesamt hat sich die Rheinland-Pf\u00e4lzische Mannschaft sehr stark pr\u00e4sentiert. Der verdiente Lohn war Platz 11 in der Gesamtwertung der 16 Bundesl\u00e4nder. Damit konnte man dieses Jahr nicht nur die Stadtstaaten abh\u00e4ngen, sondern auch Baden-W\u00fcrttemberg.<br><br><a href=\"http:\/\/ruderszene.de\/con\/cmCommunity\/mimple\/landingPages\/ruderszene\/Rudern-41-Bundeswettbewerb-der-Jungen-und-Maedchen-in-Muenchen\">Und hier geht es zu den Bildern des Bundeswettbewerbes<\/a><\/p>\n\n\n\n<hr class=\"wp-block-separator\"\/>\n\n\n\n<p><br><strong>Deutsche Meisterschaften 2009 im Bereich U23 \/ U19 \/ U17&nbsp;<br>Medaillengewinner aus Rheinland-Pfalz<\/strong><br><br><strong>Gold<\/strong><br>Leichtgewichts Frauen Doppelvierer U23 &#8211; Charlotte Arand (Mainzer RV) in Renngemeinschaft<br><br>Leichtgewichts M\u00e4nner Achter U23 -Lukas Oberhausen und Frederik Prigge (beide RG Treis-Karden) in Renngemeinschaft&nbsp;<br><br>Frauen Achter U23 &#8211; Clara Karches (Mainzer RV) in Renngemeinschaft<br><br>Juniorinnen Doppelzweier U17 &#8211; Jessica Beer und Stephanie Hang (beide RV Ingelheim)<br><br>Leichtgewichts Juniorinnen Doppelvierer ohne U19 &#8211; Claudia Seck (Mainzer RV) in Renngemeinschaft<br><br>Juniorinnen Achter U19 &#8211; Jennifer Schulte (Koblenzer RC), Marie Theis und Lea-Katlen K\u00fchne (beide Mainzer RV), Lisa Mohr (RV Ingelheim) in Renngemeinschaft<br><br><strong>Silber<\/strong><br>Leichtgewichts M\u00e4nner Vierer ohne U23 &#8211; Lukas Oberhausen und Frederik Prigge (beide RG Treis-Karden) in Renngemeinschaft&nbsp;<br><br>Juniorinnen Vierer ohne U19 &#8211; Lea-Katlen K\u00fchne (Mainzer RV) und Jennifer Schulte (Koblenzer RC) in Renngemeinschaft<br><br>Leichtgewichts Junior Einer U17 &#8211; Georg Schafft (Mainzer RV)<br><br><strong>Bronze<\/strong><br>Frauen Einer U23 &#8211; Barbara Karches (Mainzer RV)<br><br>Leichtgewichts Junioren Vierer ohne U19 &#8211; Pascal Baumann und Julius Pieper (beide Ludwigshafener RV) in Renngemeinschaft<br><br>Junioren Einer U17 &#8211; Tim Lauer (RG Speyer)<br><br><a href=\"http:\/\/ruderszene.de\/con\/cmCommunity\/mimple\/landingPages\/ruderszene\/Rudern-Deutsche-Jahrgangs-und-Jugendmeisterschaften-Duisburg-2009\">Und hier geht es zu den Bildern von den Meisterschaften<\/a><\/p>\n\n\n\n<hr class=\"wp-block-separator\"\/>\n\n\n\n<p><strong>&nbsp;Deutsche Gro\u00dfbootmeisterschaften 2009 in Essen<\/strong>Frauen-Doppelvierer:Alter und neuer Deutscher Meister in dieser Bootsklasse ist der Mainzer RV mit den Ruderinnen Charlotte Arand, Sybille Exner, Barbara Karches und Annette Meinecke. Die vier Damen fuhren ein souver\u00e4nes Rennen und konnten schon nach 500 m ihre Gegnerinnen aus Dresden und Hamburg sicher auf Distanz halten.&nbsp;<\/p>\n\n\n\n<hr class=\"wp-block-separator\"\/>\n\n\n\n<p><br><strong>Deutsche Kleinbootmeisterschaften 2009 in Brandenburg<\/strong><br>M\u00e4nner Zweier-ohne:<br>Der Titel konnte nicht verteidigt werden, aber Seabstian Schmidt vom Mainzer RV wurde mit seinem neuen Partner Toni Seiffert (Leverkusen) in einem denkbar knappen Rennen mit nur 14 Hundertstel geschlagen. \u00dcber die ganze Strecke lieferten sich die ersten beiden Boote ein hartes Rennen und gingen nahezu zeitgleich durch die 500m Messmarken.<br>Den undankbaren 4. Platz erreichte Richard Schmidt von der Treviris Trier mit seinem Partner Kristof Wilke (Radolfzell). Ihnen fehlten zum Schlu\u00df 4 Sekunden zur Siegerzeit, wobei sie noch 500m vor dem Ziel ganz knapp auf Goldkurs lagen.<br>Leichtgewichts M\u00e4nner Zweier-ohne:<br>Einen weiteren zweiten Platz gab es f\u00fcr Jost Sch\u00f6mann-Finck von der RG Treis-Karden mit seinem Bruder Matthias (RV Saarbr\u00fccken). F\u00fcr sie gab es keine Chance auf die Goldmedaille gegen die sover\u00e4n rudernden Br\u00fcder Martin und Jochen K\u00fchner (RV Saarbr\u00fccken). F\u00fcr eine sch\u00f6ne \u00dcberraschung sorgten Lukas Oberhausen und Fred Prigge von der RG Treis-Karden. Im vergangenen Jahr noch Junioren Vizeweltmeister, haben sie direkt im ersten Seniorjahr den Anschlu\u00df gefunden und die Bronzemedaille in dieser Bootsklasse gewonnen.<strong><\/strong><strong>Ruderer aus Rheinland-Pfalz erfolgreich beim ersten Test der Saison 2009<\/strong>Bei der Langstrecke in Leipzig \u00fcber 6000 Meter konnten sich die Ruderer\/innen aus Rheinland-Pfalz gut pr\u00e4sentieren.Einen Sieg verbuchte Sebastian Schmidt (Mainzer RV) im Zweier ohne mit seinem Partner Toni Seifert aus Leverkusen vor Richard Schmidt (RV Treviris Trier) mit seinem Partner Kristof Wilke aus Radolfzell.Ein \u00e4hnlich erfreuliches Bild im Leichtgewichts Zweier ohne. Hier gewann Jost Sch\u00f6mann-Finck (RG Treis-Karden) mit seinem Bruder Matthias, der dieses Jahr f\u00fcr Saarbr\u00fccken startet. Auf Platz 4 folgten mit Lukas Oberhausen und Frederik Prigge von der RG Treis-Karden die amtierenden Junioren-Vizeweltmeister.Weiter zu erw\u00e4hnen sind die guten Platzierungen von Charlotte Arand (Mainzer RV), die 5. im Leichtgewichts Frauen Einer wurde, und Clara Karches (Mainzer RV) mit ihrer Partnerin Mareike Adams aus Wetzlar im Zweier ohne mit Platz 7.<\/p>\n\n\n\n<hr class=\"wp-block-separator\"\/>\n\n\n\n<p><br><strong>Stellungnahme des L\u00e4nderrates des Deutschen Ruderverbandes&nbsp;<\/strong><br><strong>zur Verabschiedung der Neufassung unseres Grundgesetzes&nbsp;<\/strong><br><strong>auf dem 59. au\u00dferordentlichen Deutschen Rudertag in Oldenburg<\/strong><br>Drei Jahre intensiver Mitwirkung an der Neufassung haben sich gelohnt! Der L\u00e4nderrat ist stolz darauf, dass das von ihm angeregte neue Grundgesetz des DRV mit einer mehr als eindrucksvollen Mehrheit von den Vereinen des DRV angenommen wurde. Diese Neufassung ist in ihrer Klarheit eine deutliche Verbesserung zum aktuellen Grundgesetz.<br>Der L\u00e4nderrat ist sich seiner Verantwortung, die ihm in der Best\u00e4tigung als offizielles Organ des DRV erw\u00e4chst, bewusst und wird sich dementsprechend weiterhin aktiv und konstruktiv in dem Prozess der gewollten Mitwirkung bei der Durchsetzung der Ziele und Aufgaben des DRV einsetzen.<br>Die Best\u00e4tigung der f\u00f6deralen Struktur des DRV unterstreicht die Bedeutung und die notwendige Kooperation der Landesruderverb\u00e4nde. Sie m\u00fcssen noch intensiver als bisher die spezifischen Bed\u00fcrfnisse der Regionen zum Wohle des DRV artikulieren und in die Entscheidungsprozesse einbringen.<br>Der L\u00e4nderrat dankt den Verbandsmitgliedern f\u00fcr die vielen konstruktiven Beitr\u00e4ge, nicht nur auf dem Rudertag, sondern auch w\u00e4hrend der langen Phase der Diskussion vor den entscheidenden Abstimmungen.<br>Der L\u00e4nderrat hat in seiner Sitzung am Sonntag, 15. M\u00e4rz 2009 folgendes 5-Punkte-Statement zur Neufassung des Grundgesetzes verabschiedet.<\/p>\n\n\n\n<ol class=\"wp-block-list\"><li>Das Ziel, eine Neufassung des Grundgesetzes zu verabschieden, ist erreicht.<\/li><li>Diese Neufassung ist in ihrer Klarheit eine deutliche Verbesserung zum aktuellen Grundgesetz.<\/li><li>Der Rudertag 09 hat die Organisationsstrukturen des Deutschen Ruderverbandes insgesamt und im einzelnen&nbsp;&nbsp; bewertet und damit politische Klarheit geschaffen<\/li><li>Die Neufassung wurde mit 96% der vertretenen Stimmen verabschiedet. Damit haben alle Organisationsstrukturen des Deutschen Ruderverbandes ein klares politisches Mandat, aber auch die entsprechende Verpflichtung, diesem Mandat gerecht zu werden.<\/li><li>Die vorbildliche Diskussions- und Entscheidungskultur auf dem Rudertag 09 ist f\u00fcr den Deutschen Ruderverband vorbildhaft und zukunftsweisend.<\/li><\/ol>\n\n\n\n<p>gez. Reinhart Grahn<br>Vorsitzender L\u00e4nderrat des Deutschen Ruderverbandes<\/p>\n\n\n\n<hr class=\"wp-block-separator\"\/>\n\n\n\n<p><strong>6:13,1 min haben f\u00fcr Christian Scherhag gereicht (04.02.2009)<\/strong><br>F\u00fcr den Mainzer Leichtgewichtsruderer hat die Zeit von der 6. S\u00fcd Open in Stuttgart gereicht, um den Titel Deutscher Ruderergometer Meister 2009 zu gewinnen. Auch beim letzten Event in Kettwig konnte kein Leichtgewicht mehr diese Zeit unterbieten. Einen sehr guten dritten Platz erreichte Petra L\u00fccke vom Koblenzer Ruderclub Rhenania in der Zeit von 7:16,7 min in der Klasse Frauen Leichtgewicht.<\/p>\n\n\n\n<hr class=\"wp-block-separator\"\/>\n\n\n\n<p><strong>Diethelm Maxrath beendet seine Trainert\u00e4tigkeit in Mainz (27.01.2009)<\/strong>Der 1. April ist ein wichtiger Stichtag f\u00fcr den Mainzer Trainer Diethelm Maxrath. Dann wird er seine neue Stelle als Cheftrainer in Japan annehmen, wo er einen Vertrag bis 2012 unterschrieben hat.F\u00fcr den Landesst\u00fctzpunkt in Mainz bedeutet dieser Wechsel nat\u00fcrlich einen herben Verlust, der nun schnellst m\u00f6glich auszugleichen ist, da die Saison im April beginnt und Anfang des Jahres erst der neue Landestrainer seine Arbeit in Mainz aufgenommen hat.&nbsp;<\/p>\n","protected":false},"excerpt":{"rendered":"<p>Ingelheimer Ruderinnen beim Baltic-Cup erfolgreich&nbsp;(28.09.2009) Nachdem sich Jessica Beer und Stephanie Hang (beide Ingelheimer RV) bei den Deutschen U17 Meisterschaften den Titel sichern konnten, hatten sie am letzten Wochenende beim Baltic-Cup in Norwegen ihren ersten internationalen Auftritt. Hier konnten sie ihr Rennen im Juniorinnen Doppelzweier mit deutlichem Vorsprung vor Lettland und D\u00e4nemark gewinnen. Stellenausschreibung bei &hellip; <\/p>\n<p class=\"link-more\"><a href=\"https:\/\/ruderverband-suedwest.de\/?page_id=570\" class=\"more-link\"><span class=\"screen-reader-text\">\u201eArchiv 2009\u201c<\/span> weiterlesen<\/a><\/p>\n","protected":false},"author":1,"featured_media":0,"parent":0,"menu_order":0,"comment_status":"closed","ping_status":"closed","template":"","meta":{"footnotes":""},"class_list":["post-570","page","type-page","status-publish","hentry"],"_links":{"self":[{"href":"https:\/\/ruderverband-suedwest.de\/index.php?rest_route=\/wp\/v2\/pages\/570","targetHints":{"allow":["GET"]}}],"collection":[{"href":"https:\/\/ruderverband-suedwest.de\/index.php?rest_route=\/wp\/v2\/pages"}],"about":[{"href":"https:\/\/ruderverband-suedwest.de\/index.php?rest_route=\/wp\/v2\/types\/page"}],"author":[{"embeddable":true,"href":"https:\/\/ruderverband-suedwest.de\/index.php?rest_route=\/wp\/v2\/users\/1"}],"replies":[{"embeddable":true,"href":"https:\/\/ruderverband-suedwest.de\/index.php?rest_route=%2Fwp%2Fv2%2Fcomments&post=570"}],"version-history":[{"count":1,"href":"https:\/\/ruderverband-suedwest.de\/index.php?rest_route=\/wp\/v2\/pages\/570\/revisions"}],"predecessor-version":[{"id":571,"href":"https:\/\/ruderverband-suedwest.de\/index.php?rest_route=\/wp\/v2\/pages\/570\/revisions\/571"}],"wp:attachment":[{"href":"https:\/\/ruderverband-suedwest.de\/index.php?rest_route=%2Fwp%2Fv2%2Fmedia&parent=570"}],"curies":[{"name":"wp","href":"https:\/\/api.w.org\/{rel}","templated":true}]}}