{"id":572,"date":"2020-05-10T18:33:37","date_gmt":"2020-05-10T18:33:37","guid":{"rendered":"http:\/\/ruderverband-suedwest.de\/?page_id=572"},"modified":"2020-05-10T18:33:37","modified_gmt":"2020-05-10T18:33:37","slug":"archiv-2008","status":"publish","type":"page","link":"https:\/\/ruderverband-suedwest.de\/?page_id=572","title":{"rendered":"Archiv 2008"},"content":{"rendered":"\n<p><strong>&nbsp;Rheinland-Pfalz kann sich national in der Spitze behaupten (01.12.2008)<\/strong><\/p>\n\n\n\n<p>Bei der DRV-Langstrecke in Dortmund konnten die Aktiven aus Rheinland-Pfalz hervorragende Leistungen erzielen. Allen voran die Br\u00fcder Sch\u00f6mann-Finck (RG Treis-Karden\/Mainzer RV), die nicht nur den leichtgewichts Zweier ohne gewinnen konnten, sondern auch noch eine schnellere Zeit als die &#8222;Schweren Jungs&#8220; fahren konnten. Aber auch im schweren Zweier ohne war im Siegerboot mit Richard Schmidt (RV Treviris Trier) ein Rheinland-Pf\u00e4lzer vertreten.<br>Im Frauen Zweier ohne konnten sich mit Clara Karches (Mainzer RV) und Mareike Adams zwei 19-j\u00e4hrige mit einem zweiten Gesamtplatz ganz hervorragend pr\u00e4sentieren.<\/p>\n\n\n\n<hr class=\"wp-block-separator\"\/>\n\n\n\n<p><br><strong>Robert Sens wird neuer Landestrainer in Rheinland-Pfalz&nbsp;<\/strong>(24.11.2008)<br>Wie auch der Mainzer Presse zu entnehmen ist, wird wohl Robert Sens der neue Mann in Rheinland-Pfalz werden. Er tritt die Nachfolge von Frank G\u00fcnder an und wird auch, wie bisher, seinen Sitz im Mainzer Ruder-Verein haben. Von dort soll er die Nachwuchsf\u00f6rderung im Rudern f\u00fcr Rheinland-Pfalz koordinieren und aktiv unterst\u00fctzen.<br>F\u00fcr den ehemals sehr erfolgreichen Rennruderer Robert Sens mit zwei Olympiateilnahmen (Sydney und Athen), sowie drei Weltmeistertiteln und 9 Deutschen Meisterschaften, ist es die erste hauptamtliche Trainerstelle, nachdem er sein Studium der Sportwissenschaften in diesem Jahr abgeschlossen hat.<\/p>\n\n\n\n<hr class=\"wp-block-separator\"\/>\n\n\n\n<p><br><strong>LRV sucht neuen Landestrainer<\/strong>&nbsp;(01.10.2008)<br>Nachdem unser Landestrainer Frank G\u00fcnder seinen Vertrag aus pers\u00f6nlichen Gr\u00fcnden zum Ende des Jahres gek\u00fcndigt hat, sucht der LRV zum 01.01.2009 einen neuen Landestrainer mit Sitz in Mainz.<\/p>\n\n\n\n<hr class=\"wp-block-separator\"\/>\n\n\n\n<p><br><strong>Platz 6 f\u00fcr Richard Schmidt in Peking 2008&nbsp;<\/strong>(16.08.2008)<br>Als Ersatzmann war er nach Peking angereist, am Schlu\u00df war Richard Schmidt von der RG Treviris Trier der einzige Rheinland-Pf\u00e4lzer im Finale bei den olympischen Ruderwettk\u00e4mpfen. Aber auch im Finale mu\u00dfte der Deutsche Vierer nochmals umbesetzt werden, nachdem der Ersatzmann aus dem Halbfinale Marco Neumann ebenfalls erkrankt war und durch Jochen Urban aus dem Achter ersetzt wurde. Um Medaillen konnte man da nicht mehr mitfahren, aber das Boot hat sich achtbar aus der Aff\u00e4re gezogen und den Abstand zum Feld nicht zu gro\u00df werden lassen.<br>Nachdem Jochen Urban aus dem Achter genommen wurde, kam der Leichtgewichts-Skuller und Ersatzmann J\u00f6rg Lehnigk im Achter zu seinem Olympiaeinsatz im B-Finale.<\/p>\n\n\n\n<hr class=\"wp-block-separator\"\/>\n\n\n\n<p><br><strong>&#8222;Olympisches Aus&#8220; f\u00fcr den leichtgewichts M\u00e4nner Vierer ohne<\/strong>&nbsp;(14.08.2008)<br>Heute Morgen mu\u00dfte das Boot krankheitsbedingt abmelden, nachdem Bastian Seibt, Jochen K\u00fchner und Jost Sch\u00f6mann-Finck (RG Treis-Karden) mit einem akuten, fieberhaften Infekt nicht mehr in der Lage waren beim Halbfinale an den Start zu gehen.<\/p>\n\n\n\n<hr class=\"wp-block-separator\"\/>\n\n\n\n<p><br><strong>Richard Schmidt rudert Vierer ohne ins Finale von Peking<\/strong><br>Der Trierer Ruderer, der als Ersatzmann f\u00fcr den M\u00e4nner-Riemenbereich nominiert wurde, kam im Halbfinale zu seinem ersten Einsatz. Nachdem der halbe Vierer krankheitsbedingt aufgeben mu\u00dfte, wurden die beiden Ersatzruderer ins Boot genommen und sie haben sich gut geschlagen. Platz 3 hinter Slowenien und Tschechien reicht f\u00fcr den Einzug ins Finale am Samstag.<\/p>\n\n\n\n<hr class=\"wp-block-separator\"\/>\n\n\n\n<p><br><strong>&#8222;Olympisches Aus&#8220; f\u00fcr den Deutschen M\u00e4nnerachter<\/strong><br>Nachdem der M\u00e4nner-Achter des Deutschen Ruderverbandes schon im Vorlauf hinter dem Feld hergefahren war, konnte er sich auch im Hoffnungslauf nicht steigern. Auch hier kam das Boot auf dem letzten Platz ins Ziel, was eine herbe Entt\u00e4uschung f\u00fcr die junge Mannschaft um den Mainzer Sebastian Schmitt war.<\/p>\n\n\n\n<hr class=\"wp-block-separator\"\/>\n\n\n\n<p><br><strong>Silbermedaille f\u00fcr Deutschen Leichtgewichts Achter bei der WM<br><\/strong>Nachdem der Achter in den Vorl\u00e4ufen noch nicht so richtig rund gelaufen ist, war die k\u00e4mpferische Leistung im Endlauf bei den Weltmeisterschaften in Linz aller Ehren wert. Mit einem nicht f\u00fcr m\u00f6glich gehaltenen Endspurt &#8222;flog&#8220; der Achter auf den letzten 500 m von Platz 5 bis auf den Silberrang nach vorne. Somit konnte die Mannschaft des Mainzer Trainers Diethelm Maxrath um die Ruderer Mathias Sch\u00f6mann-Finck, Adrian Bretting und Marc Rippel aus Mainz zum dritten Mal in Folge die Vizeweltmeisterschaft gewinnen.<\/p>\n\n\n\n<hr class=\"wp-block-separator\"\/>\n\n\n\n<p><strong><br>Gold und Silber bei Junioren-WM in Linz f\u00fcr Sportler aus Rheinland-Pfalz<\/strong>&nbsp;(26.07.2008)<br>Zum zweiten Mal in Folge ist Clara Karches vom Mainzer Ruder-Verein heute Junioren-Weltmeisterin geworden. Nachdem sie mit ihrer Partnerin Mareike Adams (RG Wetzlar) schon den Vorlauf ganz sicher dominiert hatte, konnte sie auch im Endlauf mit einem deutlichen Abstand von 7 Sekunden vor den Gastgebern aus \u00d6sterreich und Italien \u00fcber die Ziellienie gehen. Auf den weiteren Pl\u00e4tzen folgte Bulgarien, England und Polen in einem mit 17 Nationen stark besetzten Feld.<br>Vizeweltmeister wurden in einem packenden Rennen Lukas Oberhausen und Frederik Prigge von der RG Treis-Karden. Mit einem Abstand von 2 Sekunden zu Griechenland und nur 4 Zehntel Sekunden zu Australien haben sich die Beiden \u00fcber die Ziellinie gek\u00e4mpft. Auf den weiteren Pl\u00e4tzen folgten hier USA, Frankreich und Slowenien in dem mit 25 Nationen ebenfalls sehr stark besetzten Feld.<\/p>\n\n\n\n<hr class=\"wp-block-separator\"\/>\n\n\n\n<p><strong>Ruderer aus Rheinland-Pfalz bei allen internationalen Wettk\u00e4mpfen 2008 vertreten<\/strong><br>Der Deutsche Ruderverband hat nun dem DOSB unter anderem die folgenden Sportler f\u00fcr die Olympischen Spiele in Peking vorgeschlagen:<br>Sebastian Schmidt (Mainzer RV) &#8211; Achter<br>Jost Sch\u00f6mann-Finck (RG Treis-Karden) &#8211; Leichtgewichts Vierer ohne<br>Richard Schmidt (RG Treviris Trier) &#8211; Ersatzmann f\u00fcr den Riemenbereich<\/p>\n\n\n\n<p>Dar\u00fcber hinaus ist Richard Schmidt auch f\u00fcr die U23 WM in Brandenburg im Achter nominiert.<\/p>\n\n\n\n<p>Die Weltmeisterschaften der nicht-olympischen Bootsklassen finden dieses Jahr in Linz statt. Dort sind die Ersatzleute f\u00fcr den Leichtgewichts-Vierer ohne Bj\u00f6rn Steinfurth und Christian Scherhag (beide Mainzer RV) am Start.<br>Desweiteren wird der vom MRV-Trainer Diethelm Maxrath betreute Leichtgewichts-M\u00e4nner Achter mit den Ruderern Matthias Sch\u00f6mann-Finck, Marc Rippel und Adrian Bretting (alle Mainzer RV) am Start sein.<\/p>\n\n\n\n<p>Auch bei den Juniorenweltmeisterschaften, die ebenfalls in Linz stattfinden, sind Sportler aus Rheinland-Pfalz am Start. Die amtierende Junioren-Weltmeisterin Clara Karches (Mainzer RV) tritt dieses Jahr im Doppelzweier mit ihrer Partnerin Mareike Adams (RG Wetzlar) an.&nbsp;<br>Im Juniorinnen Vierer ohne rudert Esther Dockhorn (Koblenzer RC Rhenania) in einer Renngemeinschaft mit Mecklenburg Vorpommern, Dresden und Magdeburg.<br>Im Junioren Zweier ohne wird Deutschland dieses Jahr durch Lukas Oberhausen und Frederik Prigge von der RG Treis-Karden vertreten, die sich schon fr\u00fchzeitig mit ihrem Trainer Michael Hippert auf diese Bootsgattung spezialisiert hatten und sich in den nationalen Ausscheidungen durchsetzen konnten.<\/p>\n\n\n\n<hr class=\"wp-block-separator\"\/>\n\n\n\n<p><strong>Leichtgewichts Vierer ohne ist f\u00fcr Olympia 2008 qualifiziert<\/strong>Mit einer sehr ordentlichen Leistung hat sich der Vierer mit Jost Sch\u00f6mann-Finck (RG Treis-Karden) f\u00fcr die Olympische Regatta in Peking qualifiziert. In der Zeit von 6:03,97 konnte das Boot mit einer Bootsl\u00e4nge Vorsprung vor den ebenfalls qualifizierten Iren das Rennen um die letzten beiden freien Startpl\u00e4tze gewinnen.<strong><\/strong><\/p>\n\n\n\n<hr class=\"wp-block-separator\"\/>\n\n\n\n<p><strong><br>Deutsche Meisterschaften U17<\/strong><br>Einen hervorragenden dritten Platz erzielte die RG Speyer im Junioren Vierer ohne mit den Ruderern David G\u00e4rtner, Lars Bergstr\u00f6m, Felix Gard und Tim Lauer.<br>Verst\u00e4rkt durch Julius Pieper vom RV Ludwigshafen, Jan-Niklas N\u00f6ller von der Koblenzer RC Rhenania, Valentin Bogner von der ORRG S\u00fcdwest und Peter Kubiniok vom RC Traben-Trabach konnten sie auch im Achter die Bronzemedaille gewinnen.<\/p>\n\n\n\n<hr class=\"wp-block-separator\"\/>\n\n\n\n<p><strong><br>Treis-Karden, Cochem und Mainz gewinnen Goldmedaillen bei den Deutschen Meisterschaften U19&nbsp;<br><\/strong>Zwei Goldmedaillen gewann Clara Karches vom Mainzer RV mit ihrer Partnerin Mareike Adams aus Wetzlar. Zuerst traten sie im Juniorinnen Doppelzweier und sp\u00e4ter noch im Juniorinnen Doppelvierer an und konnten ihre Gegnerinnen bezwingen. Bei den Leichtgewichten wollte Claudia Seck vom Mainzer RV mit ihrerer Partnerin aus T\u00fcbingen nachziehen, kam aber &#8222;nur&#8220; zu einer Goldmedaille im Doppelvierer und der Silbermedaille im Doppelzweier der Leichtgewichte.<strong><br><\/strong>Auch der von Mike Hippert trainierte Zweier ohne mit Lukas Oberhausen und Frederik Prigge von der RG Treis-Karden ist seiner Favoritenrolle gerecht geworden. Im Zweier ohne konnten sich die beiden Ruderer durchsetzen und die Goldmedaille gewinnen. In der gleichen Bootsklasse bei den Leichtgewichten erreichte Thorben Prigge mit seinem Partner aus Saarbr\u00fccken die Silbermedaille. Zu dem gleichen Ergebnis kam er auch im Leichtgewichts Junior-Achter.&nbsp;<br>Eine weitere Goldmedaille gab es durch Michael Etzkorn von der Cochemer RG, der sich im Leichtgewichts Junior-Einer gegen 24 Gegner durchsetzen konnte.<\/p>\n\n\n\n<hr class=\"wp-block-separator\"\/>\n\n\n\n<p><strong><br>Ruderer aus Mainz und Trier retten die Bilanz bei den Deutschen U23-Meisterschaften<\/strong><br>U23-Meister 2008 wurde im M\u00e4nner-Achter Richard Schmidt von der RG Treviris Trier. Auch im Vierer-ohne war er am Start gewesen und konnte einen guten zweiten Platz mit seinen Mannschaftskollegen aus Magdeburg und Hamburg heraus rudern.<br>Ebenfalls einen zweiten Platz erreichte Barbara Karches vom Mainzer RV im Frauen Doppelvierer mit ihren Mannschaftskolleginnen aus Potsdam, Treptow und vom LRV Mecklenburg-Vorpommern. Einen dritten Platz erzielte Charlotte Arand vom Mainzer RV in Renngemeinschaft mit Wiesbaden-Biebrich, W\u00fcrzburg und Kitzingen.<\/p>\n\n\n\n<hr class=\"wp-block-separator\"\/>\n\n\n\n<p><strong>Deutscher Meistertitel f\u00fcr Sebastian Schmidt<br><\/strong>Jetzt sind sie nicht nur die K\u00f6nige der Langstrecke, sondern ganz klar der schnellste Deutsche Zweier-ohne auf allen Strecken. Sebastian Schmidt (Mainzer RV) und Jochen Urban (Crefelder RV) haben mit einer makellosen Bilanz (Sieg in allen Vorl\u00e4ufen) auch das Finale bei den Kleinbootmeisterschaften mit einer knappen Sekunde Vorsprung f\u00fcr sich entscheiden k\u00f6nnen. Jetzt sollte eine Teilnahme an der Olympiade in Peking nicht mehr in Frage stehen.<br>Mit ordentlichen Leistungen konnten sich auch die verbliebenen beiden Zweier ohne aus dem Leistungszentrum in Mainz f\u00fcr weitere Aufgaben empfehlen. Platz 4 f\u00fcr Christian Scherhag und Adrian Bretting (beide Mainzer RV) und Platz 5 f\u00fcr Marc Rippel (Mainzer RV) und Matthias Veit (Mannheimer RC) lautete letztendlich das Ergebnis in einem dramatischen Rennen, in dem zwischen Platz 1 und 3 nur 7\/10 Sekunden lagen.<\/p>\n\n\n\n<hr class=\"wp-block-separator\"\/>\n\n\n\n<p><strong><br>Gute Ergebnisse bei der Langstrecke in Leipzig<\/strong><br>Die erste Standortbestimmung des Jahres im Seniorbereich ist traditionell die Langstrecke in Leipzig. Hier m\u00fcssen sich auch alle Aktiven dem Starter stellen die dieses Jahr ein Ticket nach Peking &#8222;buchen&#8220; wollen.<br>Im M\u00e4nner Zweier ohne konnte mit Sebastian Schmidt vom Mainzer RV mit seinem Patner Jochen Urban vom Crefelder RV ein Rheinland-Pf\u00e4lzer einen Sieg erreichen. Dies ist schon der zweite Sieg in einem wichtigen Test f\u00fcr diese Kombination nach der Langstrecke in Dortmund im Herbst. Im gleichen Rennen konnte auch Richard Schmidt von der Treviris Trier einen hervorragenden Platz 4 in dem mit 35 Booten stark besetzten Feld erreichen.Im Lgw. Zweier ohne wurden die Olympia-Kandidaten des Projekttrainers Uwe Bender nicht gemeldet und so k\u00e4mpften die verbliebenen Deutschen Zweier um die Platzierungen. Einen guten Platz 4 erreichte Matthias Sch\u00f6mann-Finck vom Mainzer RV mit seinem neuen Partner Axel Schuster vom RC Tegel Berlin vor Marc Rippel (Mainzer RV) mit seinem Parten Matthias Veit (Mannheimer RC) auf Platz 7. Auf Platz 10 folgten Christian Scherhag und Adrian Bretting (beide Mainzer RV).<br>Ebenfalls eine gute Platzierung konnte Charlotte Arand (Mainzer RV) im Lgw. Frauen Einer mit Platz 6 unter 31 Booten erreichen.<\/p>\n\n\n\n<hr class=\"wp-block-separator\"\/>\n\n\n\n<p><strong><br>Jetzt steht das Kernteam f\u00fcr den Leichtgewichts Vierer ohne<\/strong><br>&#8222;Mit den verbleibenden sechs Ruderern&nbsp;<a href=\"http:\/\/www.rudern.de\/Athletendatenbank.572.0.html?&amp;no_cache=1&amp;nathid=125\">Bastian Seibt<\/a>&nbsp;(Der Hamburger und Germania Ruderclub),&nbsp;<a href=\"http:\/\/www.rudern.de\/Athletendatenbank.572.0.html?&amp;no_cache=1&amp;nathid=301\">Jost Sch\u00f6mann-Finck<\/a>&nbsp;(RG Treis-Karden),&nbsp;<a href=\"http:\/\/www.rudern.de\/Athletendatenbank.572.0.html?&amp;no_cache=1&amp;nathid=16\">Jochen K\u00fchner<\/a>,&nbsp;<a href=\"http:\/\/www.rudern.de\/Athletendatenbank.572.0.html?&amp;no_cache=1&amp;nathid=15\">Martin K\u00fchner<\/a>&nbsp;(beide RV Saarbr\u00fccken),&nbsp;<a href=\"http:\/\/www.rudern.de\/Athletendatenbank.572.0.html?&amp;no_cache=1&amp;nathid=26\">Bj\u00f6rn Steinfurth<\/a>&nbsp;(Mainzer Ruder-Verein von 1878) und&nbsp;<a href=\"http:\/\/www.rudern.de\/Athletendatenbank.572.0.html?&amp;no_cache=1&amp;nathid=251\">Felix Otto<\/a>&nbsp;(RC Germania D\u00fcsseldorf) stehen die Teammitglieder, die den Stamm f\u00fcr den Vierer bilden, nach aufw\u00e4ndigen Selektionen fest. Aus diesem Stamm wird der Vierer f\u00fcr Poznan gebildet, der dann einen der zwei verbleibenden Pl\u00e4tze errudern soll.&#8220; (Zitat der DRV-Homepage)<br>Nachdem also Matthias Sch\u00f6mann-Finck nach einem Gespr\u00e4ch mit dem Projekttrainer Uwe Bender aus beruflichen und pers\u00f6nlichen Gr\u00fcnden aus dem Projekt ausgestiegen ist, sind mit Jost und Bj\u00f6rn noch zwei Rheinland-Pf\u00e4lzer in dem engen Kreis zur Viererbildung.<\/p>\n\n\n\n<hr class=\"wp-block-separator\"\/>\n\n\n\n<p><strong>DRV-Rudertag<br><\/strong>Der 58. Deutsche Rudertag r\u00fcckt n\u00e4her und damit auch die Entscheidung, wer in Zukunft den Deutschen Ruderverband steuert. Damit Sie sich ein besseres Bild von den beiden zur Wahl stehenden Kandidaten machen k\u00f6nnen, haben wir diese am 19.02.2008 zum RV Ingelheim eingeladen. Siegfried Kaidel und Dr. Horst Meyer werden sich selbst und ihr Team an diesem Abend vorstellen und auch auf Ihre Fragen eingehen k\u00f6nnen.<\/p>\n\n\n\n<hr class=\"wp-block-separator\"\/>\n\n\n\n<p><strong><br>Wintertrainingslager<br><\/strong>Die Winterzeit ist traditionell auch die Zeit, in der einige Ruderer die Sportart wechseln. So sind zur Zeit Sebastian Schmidt (Mainzer RV) und Richard Schmidt (RV Treviris Trier) im Trainingslager in St. Moritz auf Langlaufskiern unterwegs, um sich mit den anderen Kandidaten aus dem Riemenbereich der Nationalmannschaft auf Peking vorzubereiten.<\/p>\n\n\n\n<hr class=\"wp-block-separator\"\/>\n\n\n\n<p><strong><br>Kaderlisten aktualisiert<br><\/strong>In der Vorstandssitzung am 09.01.2008 hat der Vorstand die Kaderlisten der Landeskader 2008 beschlossen. Diese finden Sie im Bereich Rennsport. Sollten fragen zu den Landeskadern bestehen, so wenden Sie sich bitte an unseren Sportwart Werner Schneider (Kontaktdaten unter Vorstand).<\/p>\n","protected":false},"excerpt":{"rendered":"<p>&nbsp;Rheinland-Pfalz kann sich national in der Spitze behaupten (01.12.2008) Bei der DRV-Langstrecke in Dortmund konnten die Aktiven aus Rheinland-Pfalz hervorragende Leistungen erzielen. Allen voran die Br\u00fcder Sch\u00f6mann-Finck (RG Treis-Karden\/Mainzer RV), die nicht nur den leichtgewichts Zweier ohne gewinnen konnten, sondern auch noch eine schnellere Zeit als die &#8222;Schweren Jungs&#8220; fahren konnten. Aber auch im schweren &hellip; <\/p>\n<p class=\"link-more\"><a href=\"https:\/\/ruderverband-suedwest.de\/?page_id=572\" class=\"more-link\"><span class=\"screen-reader-text\">\u201eArchiv 2008\u201c<\/span> weiterlesen<\/a><\/p>\n","protected":false},"author":1,"featured_media":0,"parent":0,"menu_order":0,"comment_status":"closed","ping_status":"closed","template":"","meta":{"footnotes":""},"class_list":["post-572","page","type-page","status-publish","hentry"],"_links":{"self":[{"href":"https:\/\/ruderverband-suedwest.de\/index.php?rest_route=\/wp\/v2\/pages\/572","targetHints":{"allow":["GET"]}}],"collection":[{"href":"https:\/\/ruderverband-suedwest.de\/index.php?rest_route=\/wp\/v2\/pages"}],"about":[{"href":"https:\/\/ruderverband-suedwest.de\/index.php?rest_route=\/wp\/v2\/types\/page"}],"author":[{"embeddable":true,"href":"https:\/\/ruderverband-suedwest.de\/index.php?rest_route=\/wp\/v2\/users\/1"}],"replies":[{"embeddable":true,"href":"https:\/\/ruderverband-suedwest.de\/index.php?rest_route=%2Fwp%2Fv2%2Fcomments&post=572"}],"version-history":[{"count":1,"href":"https:\/\/ruderverband-suedwest.de\/index.php?rest_route=\/wp\/v2\/pages\/572\/revisions"}],"predecessor-version":[{"id":573,"href":"https:\/\/ruderverband-suedwest.de\/index.php?rest_route=\/wp\/v2\/pages\/572\/revisions\/573"}],"wp:attachment":[{"href":"https:\/\/ruderverband-suedwest.de\/index.php?rest_route=%2Fwp%2Fv2%2Fmedia&parent=572"}],"curies":[{"name":"wp","href":"https:\/\/api.w.org\/{rel}","templated":true}]}}