{"id":574,"date":"2020-05-10T18:33:59","date_gmt":"2020-05-10T18:33:59","guid":{"rendered":"http:\/\/ruderverband-suedwest.de\/?page_id=574"},"modified":"2020-05-10T18:33:59","modified_gmt":"2020-05-10T18:33:59","slug":"archiv-2007","status":"publish","type":"page","link":"https:\/\/ruderverband-suedwest.de\/?page_id=574","title":{"rendered":"Archiv 2007"},"content":{"rendered":"\n<p><strong>Platz 1,2 und 3 f\u00fcr Ruderer aus Rheinland-Pfalz bei den Euopameisterschaften im Ergometerrudern<\/strong>Am letzten Wochenende fanden in Dresden die Europameisterschaften im Ergometerrudern \u00fcber die Distanz von 2000 m statt. Den Titel der Europameisterin konnte Claudia Seck (Mainzer Ruder-Verein) im leichtgewichts Juniorinnen A Bereich gewinnen. Sie kam auf die hervorragende Zeit von 7:34,10. Vize-Europameister in der Klasse leichtgewichts M\u00e4nner A wurde Daniel Ma\u00dffelder (Mainzer Ruder-Verein) in der Zeit von 6:16,7. Einen dritten Platz erreichte die erfahrene Ergometerruderin Petra L\u00fccke (Koblenzer Ruderclub Rhenania) in 7:21,8, die in der Klasse leichtgewichts Frauen A am Start war.<\/p>\n\n\n\n<hr class=\"wp-block-separator\"\/>\n\n\n\n<p><strong><br>Ein Sieg und gute Platzierungen f\u00fcr Ruderer aus Rheinland-Pfalz bei der Langstrecke in Dortmund (03.12.2007)<\/strong><br>Die erste Standortbestimmung bei der Vergabe um die Pl\u00e4tze in Booten der Nationalmannschaft f\u00fcr die n\u00e4chste Saison wurde am letzten Sonntag in Dortmund durchgef\u00fchrt. Wie im letzten Jahr, so waren auch dieses Mal die Bedingungen nicht so, wie es sich die Ruderer normalerweise w\u00fcnschen.&nbsp;<br>Dies hielt aber Sebastian Schmidt vom Mainzer Ruder-Verein mit seinem neuen Partner Jochen Urban vom Crefelder RC nicht davon ab, mit einer starken k\u00e4mpferischen Leistung den ersten Test im M\u00e4nner Zweier ohne f\u00fcr sich zu entscheiden. Beide haben sich dadurch in den Kreis der m\u00f6glichen Athleten f\u00fcr Peking 2008 gefahren.<br>Im leichtgewichts Zweier ohne konnten sich die beiden Boote vom Landesst\u00fctzpunkt ordentlich pr\u00e4sentieren. Mit Platz 4 f\u00fcr die Br\u00fcder Sch\u00f6mann-Finck (RG Treis-Karden \/ Mainzer Ruder-Verein) und Platz 5 f\u00fcr Bj\u00f6rn Steinfurth mit seinem Mannheimer Partner konnten sich beide Boote im Bereich der Kandidaten f\u00fcr den leichtgewichts Vierer f\u00fcr Peking 2008 anbieten.<br>Im Juniorinnen Zweier ohne erreichte Esther Dockhorn (Koblenzer RG Rhenania) mit ihrer Frankfurter Partnerin Platz 3. Auf den hervorragenden zweiten Platz fuhren Lukas Oberhausen und Fred Prigge (beide RG Treis-Karden) im Junioren Zweier ohne.<\/p>\n\n\n\n<hr class=\"wp-block-separator\"\/>\n\n\n\n<p><strong>Termine f\u00fcr den Rennsport in Rheinland-Pfalz aktualisiert<br><\/strong>Nach der Langstrecke in Mannheim hat unser Landestrainer Frank G\u00fcnder den Terminkalender aktualisiert. Ihr findet ihn&nbsp;<a href=\"http:\/\/landesruderverband-rlp.de\/wb\/media\/Frank\/Termine0708.pdf\">hier<\/a>.<\/p>\n\n\n\n<hr class=\"wp-block-separator\"\/>\n\n\n\n<p><strong><br>Zwei Rheinland-Pf\u00e4lzer im Perspektivteam f\u00fcr Peking<br><\/strong>Mit den U23-Weltmeistern und Vizeeuropameistern Richard Schmidt (RV Treviris Trier) und Sebastian Schmidt (Mainzer Ruder-Verein) geh\u00f6ren zwei Athleten aus Rheinland-Pfalz zu den m\u00f6glich Kandidaten f\u00fcr Peking 2008. Um die richtigen Grundlagen zu schaffen trainieren beide in einer Gruppe von 20 Riemenruderern in Zypern zwei Wochen lang auf dem Fahrrad.<\/p>\n\n\n\n<hr class=\"wp-block-separator\"\/>\n\n\n\n<p><strong><br>Talentecup 2007<\/strong><br>Auch im Jahr 2007 findet wieder der bew\u00e4hrte Talentecup in Mainz statt. Eingeladen sind alle Kinder aus den Rheinland-Pf\u00e4lzischen Rudervereinen. Weitere Infos findet Ihr auf&nbsp;<a target=\"_blank\" href=\"http:\/\/www.talentecup.de\/\" rel=\"noreferrer noopener\">http:\/\/www.talentecup.de<\/a>&nbsp;oder&nbsp;<a href=\"http:\/\/landesruderverband-rlp.de\/wb\/media\/Peter\/Ausschreibung%20Talentecup%202007.pdf\">hier.<\/a><\/p>\n","protected":false},"excerpt":{"rendered":"<p>Platz 1,2 und 3 f\u00fcr Ruderer aus Rheinland-Pfalz bei den Euopameisterschaften im ErgometerrudernAm letzten Wochenende fanden in Dresden die Europameisterschaften im Ergometerrudern \u00fcber die Distanz von 2000 m statt. Den Titel der Europameisterin konnte Claudia Seck (Mainzer Ruder-Verein) im leichtgewichts Juniorinnen A Bereich gewinnen. Sie kam auf die hervorragende Zeit von 7:34,10. Vize-Europameister in der &hellip; <\/p>\n<p class=\"link-more\"><a href=\"https:\/\/ruderverband-suedwest.de\/?page_id=574\" class=\"more-link\"><span class=\"screen-reader-text\">\u201eArchiv 2007\u201c<\/span> weiterlesen<\/a><\/p>\n","protected":false},"author":1,"featured_media":0,"parent":0,"menu_order":0,"comment_status":"closed","ping_status":"closed","template":"","meta":{"footnotes":""},"class_list":["post-574","page","type-page","status-publish","hentry"],"_links":{"self":[{"href":"https:\/\/ruderverband-suedwest.de\/index.php?rest_route=\/wp\/v2\/pages\/574","targetHints":{"allow":["GET"]}}],"collection":[{"href":"https:\/\/ruderverband-suedwest.de\/index.php?rest_route=\/wp\/v2\/pages"}],"about":[{"href":"https:\/\/ruderverband-suedwest.de\/index.php?rest_route=\/wp\/v2\/types\/page"}],"author":[{"embeddable":true,"href":"https:\/\/ruderverband-suedwest.de\/index.php?rest_route=\/wp\/v2\/users\/1"}],"replies":[{"embeddable":true,"href":"https:\/\/ruderverband-suedwest.de\/index.php?rest_route=%2Fwp%2Fv2%2Fcomments&post=574"}],"version-history":[{"count":1,"href":"https:\/\/ruderverband-suedwest.de\/index.php?rest_route=\/wp\/v2\/pages\/574\/revisions"}],"predecessor-version":[{"id":575,"href":"https:\/\/ruderverband-suedwest.de\/index.php?rest_route=\/wp\/v2\/pages\/574\/revisions\/575"}],"wp:attachment":[{"href":"https:\/\/ruderverband-suedwest.de\/index.php?rest_route=%2Fwp%2Fv2%2Fmedia&parent=574"}],"curies":[{"name":"wp","href":"https:\/\/api.w.org\/{rel}","templated":true}]}}