{"id":946,"date":"2023-01-25T13:36:54","date_gmt":"2023-01-25T13:36:54","guid":{"rendered":"https:\/\/ruderverband-suedwest.de\/?page_id=946"},"modified":"2023-01-25T13:36:54","modified_gmt":"2023-01-25T13:36:54","slug":"archiv-2022","status":"publish","type":"page","link":"https:\/\/ruderverband-suedwest.de\/?page_id=946","title":{"rendered":"Archiv 2022"},"content":{"rendered":"\n<p><strong>Talentecup 2022 in Mainz<\/strong><\/p>\n\n\n\n<p>In diesem Jahr wird wieder der Talentecup in Mainz stattfinden. Die Ausschreibung findet man \u00fcber die Webadresse <a href=\"http:\/\/www.talentecup.de\">www.talentecup.de<\/a><br>Ebenso sind die Stationen dort beschrieben.<\/p>\n\n\n\n<hr class=\"wp-block-separator has-alpha-channel-opacity\"\/>\n\n\n\n<p><strong>Bronze f\u00fcr Eva Hohoff (Ludwigshafener RV) bei der WM in Racice (CZE)<\/strong><\/p>\n\n\n\n<p>500 m nach dem Start waren die Pl\u00e4tze im Leichtgewichts Frauen Zweier ohne vergeben und da war das Deutsche Boot mit Eva Hohoff und Sophia Wolf auf Platz 3. Auch die Pl\u00e4tze 1 (Italien) und 2 (USA) haben sich bis zum Ziel bei 2000m nicht mehr ge\u00e4ndert.<br>F\u00fcr unsere Landestrainerin Julia Hoffmann, die als Bootstrainerin f\u00fcr den Zweier ohne bei der WM dabei war, war es ein vers\u00f6hnlicher Abschluss einer erfolgreichen Saison.<\/p>\n\n\n\n<hr class=\"wp-block-separator has-alpha-channel-opacity\"\/>\n\n\n\n<p><strong>Erfolg f\u00fcr U23 Frauen-Achter bei der WM in Varese<\/strong><\/p>\n\n\n\n<p>Der deutsche Frauen-Achter konnte in Varese mit einem beherzten Rennen die Bronzemedaille sichern. Die amerikanischen und englischen Achter waren bei dieser WM nicht zu schlagen, aber dahinter k\u00e4mpften 4 starke Achter um die verbliebene Medaille und das deutsche Boot um unsere Ruderinnen Paula Gerundt (RG Undine Saarbr\u00fccken) und Luise Bachmann (RV Ingelheim) legte vom Start weg richtig los. Sie konnten sich direkt auf Platz drei einordnen und haben diesen bis ins Ziel erfolgreich verteidigt. Auch die stark spurtenden Italienerinnen konnten ihren Heimvorteil nicht nutzen, da die L\u00fccke vor dem Endspurt bereits zu gro\u00df war.<\/p>\n\n\n\n<hr class=\"wp-block-separator has-alpha-channel-opacity\"\/>\n\n\n\n<p><strong>Tim Streib gewinnt Silber bei U23 WM<\/strong><\/p>\n\n\n\n<p>Im Leichtgewichts-Doppelvierer konnte Tim Streib (RG Speyer) mit seinen Bootskameraden die Silbermedaille gewinnen, nachdem gegen die extrem starken Italiener dieses Jahr nichts zu machen war. Allerdings ist das italienische Boot mit einer neue Weltbestzeit f\u00fcr dies Boots- und Altersklasse \u00fcber die Strecke gegangen!<\/p>\n\n\n\n<hr class=\"wp-block-separator has-alpha-channel-opacity\"\/>\n\n\n\n<p><strong>Bundeswettbewerb im Kinderrudern in Bremen<\/strong><\/p>\n\n\n\n<p>Einen besonderen Erfolg gab es f\u00fcr Anneke Ihmann (RG Undine Saarbr\u00fccken) im Lgw. M\u00e4dchen Einer 14 Jahre. Sie konnte sowohl auf der Langstrecke \u00fcber 3000m, wie auch im gesetzten A-Finale einen Sieg herausfahren.<\/p>\n\n\n<div class=\"wp-block-image\">\n<figure class=\"aligncenter size-full\"><img decoding=\"async\" src=\"https:\/\/ruderverband-suedwest.de\/wp-content\/uploads\/2023\/01\/image.tiff\" alt=\"\" class=\"wp-image-947\"\/><\/figure>\n<\/div>\n\n\n<hr class=\"wp-block-separator has-alpha-channel-opacity\"\/>\n\n\n\n<p><strong>Deutsche Jahrgangsmeisterschaften U23 \/ U19 \/ U17 in K\u00f6ln<\/strong><\/p>\n\n\n\n<p>K\u00f6ln war der Veranstalter der zahlenm\u00e4\u00dfig gr\u00f6\u00dften Meisterschaft in diesem Jahr f\u00fcr den Deutschen Ruderverband. Auch wenn die Technik an manchen Stellen Schwierigkeiten machte, konnten die Meisterschaften problemlos &#8211; mit einer kleinen Wetterunterbrechung &#8211; durchgezogen werden. In der Summe gab es dieses Jahr 40 Medaillen f\u00fcr Sportler aus unserem Verband.<\/p>\n\n\n\n<p><strong>U23 &#8211; Meisterschaften<\/strong><br><br>Gold<br>Paula Gerundt (Saarbr\u00fccker RG Undine) &#8211; Frauen Vierer m. Stf.<br>Annika Elsen (RV Treviris Trier) &#8211; Frauen Vierer ohne<br>Katharina Bauer (RV Treviris Trier) &#8211; Frauen Vierer ohne<br>Tim Streib (RG Speyer) &#8211; Lgw. M\u00e4nner Doppelvierer<br>Katharina Bauer (RV Treviris Trier) &#8211; Frauen Achter m. Stf.<br>Annika Elsen (RV Treviris Trier) &#8211; Frauen Achter m. Stf.<br>Luise Bachmann (RV Ingelheim) &#8211; Frauen Achter m. Stf.<\/p>\n\n\n\n<p>Silber<br>Annabelle Bachmann (Ingelheimer RV) &#8211; Frauen Vierer m. Stf<br>Luise Bachmann (Ingelheimer RV) &#8211; Frauen Vierer m. Stf.<br>Ole Bartenbach (RG Speyer) &#8211; M\u00e4nner Zweier ohne<br>Valentin Wiering (RV Treviris Trier) &#8211; M\u00e4nner Zweier ohne<br>Ole Bartenbach (RG Speyer) &#8211; M\u00e4nner Achter m. Stm.<br>Valentin Wiering (RV Treviris Trier) &#8211; M\u00e4nner Achter m. Stm.<br>Paula Gerundt (Saarbr\u00fccker RG Undine) &#8211; Frauen Achter m. Stf.<br>Annabelle Bachmann (Ingelheimer RV) &#8211; Frauen Achter m. Stf.<\/p>\n\n\n\n<p>Bronze<br>Elias Fabian (RG Speyer) &#8211; M\u00e4nner Vierer m. Stm.<\/p>\n\n\n\n<p><strong>U19 &#8211; Meisterschaften<\/strong><\/p>\n\n\n\n<p>Silber<br>Elias Fabian (RG Speyer) &#8211; Junioren Vierer m. Stm.<br>Maximilian R\u00fchling (Mainzer RV) &#8211; Lgw. Junioren Doppelzweier<br>David Heines (Ludwigshafener RV) &#8211; Lgw. Junioren Doppelzweier<br>Tobias B\u00f6hm (Mainzer RV) &#8211; Lgw. Junioren Doppelvierer<\/p>\n\n\n\n<p>Bronze<br>Anne Kistenpfennig (Mainzer RV) &#8211; Juniorinnen Vierer m. Stf.<br>Raphaela Werner (Mainzer RV) &#8211; Juniorinnen Vierer m. Stf.<br>Lilli Stieghorst (Saarbr\u00fccker RG Undine) &#8211; Lgw. Juniorinnen Doppelzweier<br>Josefine G\u00fcnther (Mainzer RG) &#8211; Lgw. Juniorinnen Doppelvierer<br>Paula Kollmann (Koblenzer RC Rhenania) &#8211; Lgw. Juniorinnen Doppelvierer<br>Maximilian R\u00fchling (Mainzer RV) &#8211; Lgw. Junioren Doppelvierer<br>David Heines (Saarbr\u00fccker RG Undine) &#8211; Lgw. Junioren Doppelvierer<br>Elias Fabian (RG Speyer) &#8211; Junioren Achter m. Stm.<\/p>\n\n\n\n<p><strong>U17 &#8211; Meisterschaften<\/strong><\/p>\n\n\n\n<p>Gold<br>Hannah Sopp (RG Lahnstein) &#8211; Lgw. Juniorinnen Einer<\/p>\n\n\n\n<p>Bronze<br>Marlene Erdk\u00f6nig (Saarbr\u00fccker RG Undine) &#8211; Lgw. Juniorinnen Doppelzweier<br>Maya Steimer (Saarbr\u00fccker RG Undine) &#8211; Lgw. Juniorinnen Doppelzweier<br>Maximilian Brill (RG Speyer) &#8211; Junioren Doppelzweier<br>Bahne Schreiber (Mainzer RV) &#8211; Junioren Doppelzweier<br>Georg Tenbusch (RV Treviris Trier) &#8211; Junioren Zweier ohne<br>Matti Schlesinger (Mainzer RV) &#8211; Junioren Zweier ohne<br>Lena Feth (Mainzer RV) &#8211; Lgw. Juniorinnen Doppelvierer m. Stf.<br>Ina Arnold (Mainzer RV) &#8211; Lgw. Juniorinnen Doppelvierer m. Stf.<br>Marlene Erdk\u00f6nnig (Saarbr\u00fccker RG Undine) &#8211; Lgw. Juniorinnen Doppelvierer m. Stf.<br>Maya Steimer (Saarbr\u00fccker RG Undine) &#8211; Lgw. Juniorinnen Doppelvierer m. Stf.<br>Anna Ksinsik (Saarbr\u00fccker RG Undine) &#8211; Lgw. Juniorinnen Doppelvierer m. Stf.<\/p>\n\n\n\n<hr class=\"wp-block-separator has-alpha-channel-opacity\"\/>\n","protected":false},"excerpt":{"rendered":"<p>Talentecup 2022 in Mainz In diesem Jahr wird wieder der Talentecup in Mainz stattfinden. Die Ausschreibung findet man \u00fcber die Webadresse www.talentecup.deEbenso sind die Stationen dort beschrieben. Bronze f\u00fcr Eva Hohoff (Ludwigshafener RV) bei der WM in Racice (CZE) 500 m nach dem Start waren die Pl\u00e4tze im Leichtgewichts Frauen Zweier ohne vergeben und da &hellip; <\/p>\n<p class=\"link-more\"><a href=\"https:\/\/ruderverband-suedwest.de\/?page_id=946\" class=\"more-link\"><span class=\"screen-reader-text\">\u201eArchiv 2022\u201c<\/span> weiterlesen<\/a><\/p>\n","protected":false},"author":1,"featured_media":0,"parent":0,"menu_order":0,"comment_status":"closed","ping_status":"closed","template":"","meta":{"footnotes":""},"class_list":["post-946","page","type-page","status-publish","hentry"],"_links":{"self":[{"href":"https:\/\/ruderverband-suedwest.de\/index.php?rest_route=\/wp\/v2\/pages\/946","targetHints":{"allow":["GET"]}}],"collection":[{"href":"https:\/\/ruderverband-suedwest.de\/index.php?rest_route=\/wp\/v2\/pages"}],"about":[{"href":"https:\/\/ruderverband-suedwest.de\/index.php?rest_route=\/wp\/v2\/types\/page"}],"author":[{"embeddable":true,"href":"https:\/\/ruderverband-suedwest.de\/index.php?rest_route=\/wp\/v2\/users\/1"}],"replies":[{"embeddable":true,"href":"https:\/\/ruderverband-suedwest.de\/index.php?rest_route=%2Fwp%2Fv2%2Fcomments&post=946"}],"version-history":[{"count":1,"href":"https:\/\/ruderverband-suedwest.de\/index.php?rest_route=\/wp\/v2\/pages\/946\/revisions"}],"predecessor-version":[{"id":948,"href":"https:\/\/ruderverband-suedwest.de\/index.php?rest_route=\/wp\/v2\/pages\/946\/revisions\/948"}],"wp:attachment":[{"href":"https:\/\/ruderverband-suedwest.de\/index.php?rest_route=%2Fwp%2Fv2%2Fmedia&parent=946"}],"curies":[{"name":"wp","href":"https:\/\/api.w.org\/{rel}","templated":true}]}}